{"id":12164,"date":"2024-12-27T14:51:34","date_gmt":"2024-12-27T11:51:34","guid":{"rendered":"https:\/\/ceoparts.com\/?post_type=product&#038;p=12164"},"modified":"2026-05-16T06:20:37","modified_gmt":"2026-05-16T03:20:37","slug":"20x62-mm-jungheinrich-mil-50130155","status":"publish","type":"product","link":"https:\/\/ceoparts.com\/de\/urun\/20x62-mm-jungheinrich-mil-50130155\/","title":{"rendered":"20&#215;62 mm Jungheinrich Welle &#8211; 50130155"},"content":{"rendered":"<p>20&#215;62 mm Jungheinrich Welle &#8211; 50130155<\/p>","protected":false},"excerpt":{"rendered":"<p data-start=\"0\" data-end=\"308\"><br data-start=\"1176\" data-end=\"1179\" \/>20\u00d762 mm Jungheinrich Welle ist eine robuste Wellenkomponente, die in Gabelstaplern und Hubwagen zur Unterst\u00fctzung rotierender und beweglicher Teile sowie zur Kraft\u00fcbertragung verwendet wird. Hergestellt aus hochwertigem Stahl, ist sie verschlei\u00dffest. Gew\u00e4hrleistet einen reibungslosen Betrieb der Jungheinrich Staplersysteme.<\/p>\n<p data-start=\"1507\" data-end=\"1815\"><strong data-start=\"1507\" data-end=\"1525\">Eigenschaften:<\/strong><br data-start=\"1525\" data-end=\"1528\" \/><strong data-start=\"1528\" data-end=\"1544\">Produktname:<\/strong> 20\u00d762 mm Jungheinrich Welle<br data-start=\"1572\" data-end=\"1575\" \/><strong data-start=\"1575\" data-end=\"1591\">Teilenummer:<\/strong> 50130155<br data-start=\"1600\" data-end=\"1603\" \/><strong data-start=\"1603\" data-end=\"1616\">Material:<\/strong> Hochfester Stahl<br data-start=\"1633\" data-end=\"1636\" \/><strong data-start=\"1636\" data-end=\"1655\">Einsatzbereich:<\/strong> Rotierende Bauteile von Jungheinrich Gabelstaplern und Hubwagen<br data-start=\"1719\" data-end=\"1722\" \/><strong data-start=\"1722\" data-end=\"1734\">Vorteil:<\/strong> Robuste Konstruktion, hohe Festigkeit, Verschlei\u00dffestigkeit, lange Lebensdauer<\/p>\n<p data-start=\"1817\" data-end=\"2098\">\n","protected":false},"featured_media":12335,"template":"","meta":[],"product_brand":[],"product_cat":[522,236,441,464,467],"product_tag":[],"class_list":{"0":"post-12164","1":"product","2":"type-product","3":"status-publish","4":"has-post-thumbnail","6":"product_cat-yedek-parca-jungheinrich","7":"product_cat-jungheinrich","8":"product_cat-yedek-parca","9":"product_cat-burc-ve-mill-grubu","10":"product_cat-mil-grubu","12":"first","13":"instock","14":"taxable","15":"shipping-taxable","16":"purchasable","17":"product-type-simple"},"_links":{"self":[{"href":"https:\/\/ceoparts.com\/de\/wp-json\/wp\/v2\/product\/12164","targetHints":{"allow":["GET"]}}],"collection":[{"href":"https:\/\/ceoparts.com\/de\/wp-json\/wp\/v2\/product"}],"about":[{"href":"https:\/\/ceoparts.com\/de\/wp-json\/wp\/v2\/types\/product"}],"wp:featuredmedia":[{"embeddable":true,"href":"https:\/\/ceoparts.com\/de\/wp-json\/wp\/v2\/media\/12335"}],"wp:attachment":[{"href":"https:\/\/ceoparts.com\/de\/wp-json\/wp\/v2\/media?parent=12164"}],"wp:term":[{"taxonomy":"product_brand","embeddable":true,"href":"https:\/\/ceoparts.com\/de\/wp-json\/wp\/v2\/product_brand?post=12164"},{"taxonomy":"product_cat","embeddable":true,"href":"https:\/\/ceoparts.com\/de\/wp-json\/wp\/v2\/product_cat?post=12164"},{"taxonomy":"product_tag","embeddable":true,"href":"https:\/\/ceoparts.com\/de\/wp-json\/wp\/v2\/product_tag?post=12164"}],"curies":[{"name":"wp","href":"https:\/\/api.w.org\/{rel}","templated":true}]}}