{"id":12169,"date":"2024-12-27T15:01:09","date_gmt":"2024-12-27T12:01:09","guid":{"rendered":"https:\/\/ceoparts.com\/?post_type=product&#038;p=12169"},"modified":"2026-05-16T15:08:06","modified_gmt":"2026-05-16T12:08:06","slug":"20x170-mm-jungheinrich-mil-51023795","status":"publish","type":"product","link":"https:\/\/ceoparts.com\/de\/urun\/20x170-mm-jungheinrich-mil-51023795\/","title":{"rendered":"20&#215;170 mm Jungheinrich ERE 120 Welle &#8211; 51023795"},"content":{"rendered":"<p>20&#215;170 mm Jungheinrich ERE 120 Welle &#8211; 51023795<\/p>","protected":false},"excerpt":{"rendered":"<p data-start=\"0\" data-end=\"360\"><br data-start=\"1307\" data-end=\"1310\" \/>20\u00d7170 mm Jungheinrich ERE 120 Welle ist eine robuste Wellenkomponente, die in Gabelstaplern und Hubwagen zur Unterst\u00fctzung rotierender und beweglicher Teile sowie zur Kraft\u00fcbertragung verwendet wird. Speziell f\u00fcr Jungheinrich ERE 120 Modelle konzipiert, besteht sie aus hochwertigem Stahl und ist verschlei\u00dffest, was einen reibungslosen Betrieb gew\u00e4hrleistet.<\/p>\n<p data-start=\"1672\" data-end=\"1997\"><strong data-start=\"1672\" data-end=\"1690\">Eigenschaften:<\/strong><br data-start=\"1690\" data-end=\"1693\" \/><strong data-start=\"1693\" data-end=\"1709\">Produktname:<\/strong> 20\u00d7170 mm Jungheinrich ERE 120 Welle<br data-start=\"1746\" data-end=\"1749\" \/><strong data-start=\"1749\" data-end=\"1765\">Teilenummer:<\/strong> 51023795<br data-start=\"1774\" data-end=\"1777\" \/><strong data-start=\"1777\" data-end=\"1790\">Material:<\/strong> Hochfester Stahl<br data-start=\"1807\" data-end=\"1810\" \/><strong data-start=\"1810\" data-end=\"1829\">Einsatzbereich:<\/strong> Rotierende Bauteile von Jungheinrich ERE 120 Gabelstaplern und Hubwagen<br data-start=\"1901\" data-end=\"1904\" \/><strong data-start=\"1904\" data-end=\"1916\">Vorteil:<\/strong> Robuste Konstruktion, hohe Festigkeit, Verschlei\u00dffestigkeit, lange Lebensdauer<\/p>\n<p data-start=\"1999\" data-end=\"2320\">\n","protected":false},"featured_media":12346,"template":"","meta":[],"product_brand":[],"product_cat":[236,441,464,467,522],"product_tag":[],"class_list":{"0":"post-12169","1":"product","2":"type-product","3":"status-publish","4":"has-post-thumbnail","6":"product_cat-jungheinrich","7":"product_cat-yedek-parca","8":"product_cat-burc-ve-mill-grubu","9":"product_cat-mil-grubu","10":"product_cat-yedek-parca-jungheinrich","12":"first","13":"instock","14":"taxable","15":"shipping-taxable","16":"purchasable","17":"product-type-simple"},"_links":{"self":[{"href":"https:\/\/ceoparts.com\/de\/wp-json\/wp\/v2\/product\/12169","targetHints":{"allow":["GET"]}}],"collection":[{"href":"https:\/\/ceoparts.com\/de\/wp-json\/wp\/v2\/product"}],"about":[{"href":"https:\/\/ceoparts.com\/de\/wp-json\/wp\/v2\/types\/product"}],"wp:featuredmedia":[{"embeddable":true,"href":"https:\/\/ceoparts.com\/de\/wp-json\/wp\/v2\/media\/12346"}],"wp:attachment":[{"href":"https:\/\/ceoparts.com\/de\/wp-json\/wp\/v2\/media?parent=12169"}],"wp:term":[{"taxonomy":"product_brand","embeddable":true,"href":"https:\/\/ceoparts.com\/de\/wp-json\/wp\/v2\/product_brand?post=12169"},{"taxonomy":"product_cat","embeddable":true,"href":"https:\/\/ceoparts.com\/de\/wp-json\/wp\/v2\/product_cat?post=12169"},{"taxonomy":"product_tag","embeddable":true,"href":"https:\/\/ceoparts.com\/de\/wp-json\/wp\/v2\/product_tag?post=12169"}],"curies":[{"name":"wp","href":"https:\/\/api.w.org\/{rel}","templated":true}]}}