{"id":12233,"date":"2024-12-27T16:38:18","date_gmt":"2024-12-27T13:38:18","guid":{"rendered":"https:\/\/ceoparts.com\/?post_type=product&#038;p=12233"},"modified":"2026-05-16T06:16:42","modified_gmt":"2026-05-16T03:16:42","slug":"20x100-mm-bt-mil","status":"publish","type":"product","link":"https:\/\/ceoparts.com\/de\/urun\/20x100-mm-bt-mil\/","title":{"rendered":"20&#215;100 mm BT Welle"},"content":{"rendered":"<p>20&#215;100 mm BT Welle<\/p>","protected":false},"excerpt":{"rendered":"<p data-start=\"73\" data-end=\"358\"><br data-start=\"1163\" data-end=\"1166\" \/>20\u00d7100 mm BT Welle ist eine robuste Wellenkomponente, die in Gabelstaplern und Hubwagen zur Unterst\u00fctzung rotierender und beweglicher Teile sowie zur Kraft\u00fcbertragung verwendet wird. Hergestellt aus hochwertigem Stahl, ist sie verschlei\u00dffest. Gew\u00e4hrleistet einen effizienten Betrieb der Staplersysteme.<\/p>\n<p data-start=\"1470\" data-end=\"1752\"><strong data-start=\"1470\" data-end=\"1488\">Eigenschaften:<\/strong><br data-start=\"1488\" data-end=\"1491\" \/><strong data-start=\"1491\" data-end=\"1507\">Produktname:<\/strong> 20\u00d7100 mm BT Welle<br data-start=\"1526\" data-end=\"1529\" \/><strong data-start=\"1529\" data-end=\"1545\">Teilenummer:<\/strong> &#8211;<br data-start=\"1547\" data-end=\"1550\" \/><strong data-start=\"1550\" data-end=\"1563\">Material:<\/strong> Hochfester Stahl<br data-start=\"1580\" data-end=\"1583\" \/><strong data-start=\"1583\" data-end=\"1602\">Einsatzbereich:<\/strong> Rotierende Bauteile von BT Gabelstaplern und Hubwagen<br data-start=\"1656\" data-end=\"1659\" \/><strong data-start=\"1659\" data-end=\"1671\">Vorteil:<\/strong> Robuste Konstruktion, hohe Festigkeit, Verschlei\u00dffestigkeit, lange Lebensdauer<\/p>\n<p data-start=\"1754\" data-end=\"2012\">\n","protected":false},"featured_media":12355,"template":"","meta":[],"product_brand":[],"product_cat":[251,441,464,467,518],"product_tag":[],"class_list":{"0":"post-12233","1":"product","2":"type-product","3":"status-publish","4":"has-post-thumbnail","6":"product_cat-bt","7":"product_cat-yedek-parca","8":"product_cat-burc-ve-mill-grubu","9":"product_cat-mil-grubu","10":"product_cat-yedek-parca-bt","12":"first","13":"instock","14":"taxable","15":"shipping-taxable","16":"purchasable","17":"product-type-simple"},"_links":{"self":[{"href":"https:\/\/ceoparts.com\/de\/wp-json\/wp\/v2\/product\/12233","targetHints":{"allow":["GET"]}}],"collection":[{"href":"https:\/\/ceoparts.com\/de\/wp-json\/wp\/v2\/product"}],"about":[{"href":"https:\/\/ceoparts.com\/de\/wp-json\/wp\/v2\/types\/product"}],"wp:featuredmedia":[{"embeddable":true,"href":"https:\/\/ceoparts.com\/de\/wp-json\/wp\/v2\/media\/12355"}],"wp:attachment":[{"href":"https:\/\/ceoparts.com\/de\/wp-json\/wp\/v2\/media?parent=12233"}],"wp:term":[{"taxonomy":"product_brand","embeddable":true,"href":"https:\/\/ceoparts.com\/de\/wp-json\/wp\/v2\/product_brand?post=12233"},{"taxonomy":"product_cat","embeddable":true,"href":"https:\/\/ceoparts.com\/de\/wp-json\/wp\/v2\/product_cat?post=12233"},{"taxonomy":"product_tag","embeddable":true,"href":"https:\/\/ceoparts.com\/de\/wp-json\/wp\/v2\/product_tag?post=12233"}],"curies":[{"name":"wp","href":"https:\/\/api.w.org\/{rel}","templated":true}]}}