{"id":12238,"date":"2024-12-27T17:03:39","date_gmt":"2024-12-27T14:03:39","guid":{"rendered":"https:\/\/ceoparts.com\/?post_type=product&#038;p=12238"},"modified":"2026-05-16T15:00:18","modified_gmt":"2026-05-16T12:00:18","slug":"20x114-mm-mil","status":"publish","type":"product","link":"https:\/\/ceoparts.com\/de\/urun\/20x114-mm-mil\/","title":{"rendered":"20&#215;114 mm Welle"},"content":{"rendered":"<p>20&#215;114 mm Welle<\/p>","protected":false},"excerpt":{"rendered":"<p data-start=\"73\" data-end=\"358\"><br data-start=\"1148\" data-end=\"1151\" \/>20\u00d7114 mm Welle ist eine robuste Wellenkomponente, die in Gabelstaplern und Hubwagen zur Unterst\u00fctzung rotierender und beweglicher Teile sowie zur Kraft\u00fcbertragung verwendet wird. Hergestellt aus hochwertigem Stahl, ist sie verschlei\u00dffest. Gew\u00e4hrleistet einen effizienten Betrieb der Staplersysteme.<\/p>\n<p data-start=\"1452\" data-end=\"1728\"><strong data-start=\"1452\" data-end=\"1470\">Eigenschaften:<\/strong><br data-start=\"1470\" data-end=\"1473\" \/><strong data-start=\"1473\" data-end=\"1489\">Produktname:<\/strong> 20\u00d7114 mm Welle<br data-start=\"1505\" data-end=\"1508\" \/><strong data-start=\"1508\" data-end=\"1524\">Teilenummer:<\/strong> &#8211;<br data-start=\"1526\" data-end=\"1529\" \/><strong data-start=\"1529\" data-end=\"1542\">Material:<\/strong> Hochfester Stahl<br data-start=\"1559\" data-end=\"1562\" \/><strong data-start=\"1562\" data-end=\"1581\">Einsatzbereich:<\/strong> Rotierende Bauteile von Gabelstaplern und Hubwagen<br data-start=\"1632\" data-end=\"1635\" \/><strong data-start=\"1635\" data-end=\"1647\">Vorteil:<\/strong> Robuste Konstruktion, hohe Festigkeit, Verschlei\u00dffestigkeit, lange Lebensdauer<\/p>\n<p data-start=\"1730\" data-end=\"1985\">\n","protected":false},"featured_media":12352,"template":"","meta":[],"product_brand":[],"product_cat":[441,464,467],"product_tag":[],"class_list":{"0":"post-12238","1":"product","2":"type-product","3":"status-publish","4":"has-post-thumbnail","6":"product_cat-yedek-parca","7":"product_cat-burc-ve-mill-grubu","8":"product_cat-mil-grubu","10":"first","11":"instock","12":"taxable","13":"shipping-taxable","14":"purchasable","15":"product-type-simple"},"_links":{"self":[{"href":"https:\/\/ceoparts.com\/de\/wp-json\/wp\/v2\/product\/12238","targetHints":{"allow":["GET"]}}],"collection":[{"href":"https:\/\/ceoparts.com\/de\/wp-json\/wp\/v2\/product"}],"about":[{"href":"https:\/\/ceoparts.com\/de\/wp-json\/wp\/v2\/types\/product"}],"wp:featuredmedia":[{"embeddable":true,"href":"https:\/\/ceoparts.com\/de\/wp-json\/wp\/v2\/media\/12352"}],"wp:attachment":[{"href":"https:\/\/ceoparts.com\/de\/wp-json\/wp\/v2\/media?parent=12238"}],"wp:term":[{"taxonomy":"product_brand","embeddable":true,"href":"https:\/\/ceoparts.com\/de\/wp-json\/wp\/v2\/product_brand?post=12238"},{"taxonomy":"product_cat","embeddable":true,"href":"https:\/\/ceoparts.com\/de\/wp-json\/wp\/v2\/product_cat?post=12238"},{"taxonomy":"product_tag","embeddable":true,"href":"https:\/\/ceoparts.com\/de\/wp-json\/wp\/v2\/product_tag?post=12238"}],"curies":[{"name":"wp","href":"https:\/\/api.w.org\/{rel}","templated":true}]}}