{"id":12246,"date":"2024-12-27T17:47:48","date_gmt":"2024-12-27T14:47:48","guid":{"rendered":"https:\/\/ceoparts.com\/?post_type=product&#038;p=12246"},"modified":"2026-05-16T05:34:58","modified_gmt":"2026-05-16T02:34:58","slug":"125x50-54-20-denge-teker-burc","status":"publish","type":"product","link":"https:\/\/ceoparts.com\/de\/urun\/125x50-54-20-denge-teker-burc\/","title":{"rendered":"125&#215;50\/54-20 Ausgleichsradbuchse"},"content":{"rendered":"<p>125&#215;50\/54-20 Ausgleichsradbuchse<\/p>","protected":false},"excerpt":{"rendered":"<p data-start=\"73\" data-end=\"367\"><br data-start=\"1239\" data-end=\"1242\" \/>125\u00d750\/54-20 St\u00fctzrollenbuchse ist eine robuste Buchsenkomponente, die in Gabelstaplern und Hubwagen eine stabile und feste Unterst\u00fctzung der St\u00fctzrollenwelle bietet. Hergestellt aus hochwertigem Material, ist sie verschlei\u00df- und schlagfest. Verbessert die Stabilit\u00e4t und Fahrleistung des Gabelstaplers.<\/p>\n<p data-start=\"1547\" data-end=\"1832\"><strong data-start=\"1547\" data-end=\"1565\">Eigenschaften:<\/strong><br data-start=\"1565\" data-end=\"1568\" \/><strong data-start=\"1568\" data-end=\"1584\">Produktname:<\/strong> 125\u00d750\/54-20 St\u00fctzrollenbuchse<br data-start=\"1615\" data-end=\"1618\" \/><strong data-start=\"1618\" data-end=\"1634\">Teilenummer:<\/strong> &#8211;<br data-start=\"1636\" data-end=\"1639\" \/><strong data-start=\"1639\" data-end=\"1652\">Material:<\/strong> Robuste Metalllegierung<br data-start=\"1676\" data-end=\"1679\" \/><strong data-start=\"1679\" data-end=\"1698\">Einsatzbereich:<\/strong> St\u00fctzrollen von Gabelstaplern und Hubwagen<br data-start=\"1741\" data-end=\"1744\" \/><strong data-start=\"1744\" data-end=\"1756\">Vorteil:<\/strong> Robuste Konstruktion, Verschlei\u00dffestigkeit, lange Lebensdauer, schlagfest<\/p>\n<p data-start=\"1834\" data-end=\"2123\">\n","protected":false},"featured_media":12321,"template":"","meta":[],"product_brand":[],"product_cat":[441,464,466],"product_tag":[],"class_list":{"0":"post-12246","1":"product","2":"type-product","3":"status-publish","4":"has-post-thumbnail","6":"product_cat-yedek-parca","7":"product_cat-burc-ve-mill-grubu","8":"product_cat-denge-teker-burcu","10":"first","11":"instock","12":"taxable","13":"shipping-taxable","14":"purchasable","15":"product-type-simple"},"_links":{"self":[{"href":"https:\/\/ceoparts.com\/de\/wp-json\/wp\/v2\/product\/12246","targetHints":{"allow":["GET"]}}],"collection":[{"href":"https:\/\/ceoparts.com\/de\/wp-json\/wp\/v2\/product"}],"about":[{"href":"https:\/\/ceoparts.com\/de\/wp-json\/wp\/v2\/types\/product"}],"wp:featuredmedia":[{"embeddable":true,"href":"https:\/\/ceoparts.com\/de\/wp-json\/wp\/v2\/media\/12321"}],"wp:attachment":[{"href":"https:\/\/ceoparts.com\/de\/wp-json\/wp\/v2\/media?parent=12246"}],"wp:term":[{"taxonomy":"product_brand","embeddable":true,"href":"https:\/\/ceoparts.com\/de\/wp-json\/wp\/v2\/product_brand?post=12246"},{"taxonomy":"product_cat","embeddable":true,"href":"https:\/\/ceoparts.com\/de\/wp-json\/wp\/v2\/product_cat?post=12246"},{"taxonomy":"product_tag","embeddable":true,"href":"https:\/\/ceoparts.com\/de\/wp-json\/wp\/v2\/product_tag?post=12246"}],"curies":[{"name":"wp","href":"https:\/\/api.w.org\/{rel}","templated":true}]}}