{"id":12250,"date":"2024-12-27T17:51:18","date_gmt":"2024-12-27T14:51:18","guid":{"rendered":"https:\/\/ceoparts.com\/?post_type=product&#038;p=12250"},"modified":"2026-05-16T06:17:28","modified_gmt":"2026-05-16T03:17:28","slug":"125x50-60-20-denge-teker-burc","status":"publish","type":"product","link":"https:\/\/ceoparts.com\/de\/urun\/125x50-60-20-denge-teker-burc\/","title":{"rendered":"125&#215;50\/60-20 Ausgleichsradbuchse"},"content":{"rendered":"<p>125&#215;50\/60-20 Ausgleichsradbuchse<\/p>","protected":false},"excerpt":{"rendered":"<p data-start=\"74\" data-end=\"368\"><br data-start=\"1246\" data-end=\"1249\" \/>125\u00d750\/60-20 St\u00fctzrollenbuchse ist eine robuste Buchsenkomponente, die in Gabelstaplern und Hubwagen eine stabile und feste Unterst\u00fctzung der St\u00fctzrollenwelle bietet. Hergestellt aus hochwertigem Material, ist sie verschlei\u00df- und schlagfest. Verbessert die Stabilit\u00e4t und Fahrleistung des Gabelstaplers.<\/p>\n<p data-start=\"1554\" data-end=\"1839\"><strong data-start=\"1554\" data-end=\"1572\">Eigenschaften:<\/strong><br data-start=\"1572\" data-end=\"1575\" \/><strong data-start=\"1575\" data-end=\"1591\">Produktname:<\/strong> 125\u00d750\/60-20 St\u00fctzrollenbuchse<br data-start=\"1622\" data-end=\"1625\" \/><strong data-start=\"1625\" data-end=\"1641\">Teilenummer:<\/strong> &#8211;<br data-start=\"1643\" data-end=\"1646\" \/><strong data-start=\"1646\" data-end=\"1659\">Material:<\/strong> Robuste Metalllegierung<br data-start=\"1683\" data-end=\"1686\" \/><strong data-start=\"1686\" data-end=\"1705\">Einsatzbereich:<\/strong> St\u00fctzrollen von Gabelstaplern und Hubwagen<br data-start=\"1748\" data-end=\"1751\" \/><strong data-start=\"1751\" data-end=\"1763\">Vorteil:<\/strong> Robuste Konstruktion, Verschlei\u00dffestigkeit, lange Lebensdauer, schlagfest<\/p>\n<p data-start=\"1841\" data-end=\"2130\">\n","protected":false},"featured_media":12318,"template":"","meta":[],"product_brand":[],"product_cat":[441,464,466],"product_tag":[],"class_list":{"0":"post-12250","1":"product","2":"type-product","3":"status-publish","4":"has-post-thumbnail","6":"product_cat-yedek-parca","7":"product_cat-burc-ve-mill-grubu","8":"product_cat-denge-teker-burcu","10":"first","11":"instock","12":"taxable","13":"shipping-taxable","14":"purchasable","15":"product-type-simple"},"_links":{"self":[{"href":"https:\/\/ceoparts.com\/de\/wp-json\/wp\/v2\/product\/12250","targetHints":{"allow":["GET"]}}],"collection":[{"href":"https:\/\/ceoparts.com\/de\/wp-json\/wp\/v2\/product"}],"about":[{"href":"https:\/\/ceoparts.com\/de\/wp-json\/wp\/v2\/types\/product"}],"wp:featuredmedia":[{"embeddable":true,"href":"https:\/\/ceoparts.com\/de\/wp-json\/wp\/v2\/media\/12318"}],"wp:attachment":[{"href":"https:\/\/ceoparts.com\/de\/wp-json\/wp\/v2\/media?parent=12250"}],"wp:term":[{"taxonomy":"product_brand","embeddable":true,"href":"https:\/\/ceoparts.com\/de\/wp-json\/wp\/v2\/product_brand?post=12250"},{"taxonomy":"product_cat","embeddable":true,"href":"https:\/\/ceoparts.com\/de\/wp-json\/wp\/v2\/product_cat?post=12250"},{"taxonomy":"product_tag","embeddable":true,"href":"https:\/\/ceoparts.com\/de\/wp-json\/wp\/v2\/product_tag?post=12250"}],"curies":[{"name":"wp","href":"https:\/\/api.w.org\/{rel}","templated":true}]}}