{"id":12375,"date":"2024-12-28T13:32:51","date_gmt":"2024-12-28T10:32:51","guid":{"rendered":"https:\/\/ceoparts.com\/?post_type=product&#038;p=12375"},"modified":"2026-05-16T11:44:00","modified_gmt":"2026-05-16T08:44:00","slug":"20x154-mm-mil","status":"publish","type":"product","link":"https:\/\/ceoparts.com\/de\/urun\/20x154-mm-mil\/","title":{"rendered":"20&#215;154 mm Welle"},"content":{"rendered":"<p>20&#215;154 mm Welle<\/p>","protected":false},"excerpt":{"rendered":"<p data-start=\"80\" data-end=\"386\"><br data-start=\"1214\" data-end=\"1217\" \/>20\u00d7154 mm Welle ist eine robuste Wellenkomponente, die in Gabelstaplern und Hubwagen zur Unterst\u00fctzung verschiedener beweglicher und rotierender Teile sowie zur Kraft\u00fcbertragung verwendet wird. Hergestellt aus hochwertigem Stahl, ist sie verschlei\u00df- und belastungsresistent. Gew\u00e4hrleistet einen effizienten Betrieb der Staplersysteme.<\/p>\n<p data-start=\"1553\" data-end=\"1832\"><strong data-start=\"1553\" data-end=\"1571\">Eigenschaften:<\/strong><br data-start=\"1571\" data-end=\"1574\" \/><strong data-start=\"1574\" data-end=\"1590\">Produktname:<\/strong> 20\u00d7154 mm Welle<br data-start=\"1606\" data-end=\"1609\" \/><strong data-start=\"1609\" data-end=\"1625\">Teilenummer:<\/strong> &#8211;<br data-start=\"1627\" data-end=\"1630\" \/><strong data-start=\"1630\" data-end=\"1643\">Material:<\/strong> Hochfester Stahl<br data-start=\"1660\" data-end=\"1663\" \/><strong data-start=\"1663\" data-end=\"1682\">Einsatzbereich:<\/strong> Bewegliche Komponenten von Gabelstaplern und Hubwagen<br data-start=\"1736\" data-end=\"1739\" \/><strong data-start=\"1739\" data-end=\"1751\">Vorteil:<\/strong> Robuste Konstruktion, hohe Festigkeit, Verschlei\u00dffestigkeit, lange Lebensdauer<\/p>\n<p data-start=\"1834\" data-end=\"2124\">\n","protected":false},"featured_media":12377,"template":"","meta":[],"product_brand":[],"product_cat":[441,464,467],"product_tag":[],"class_list":{"0":"post-12375","1":"product","2":"type-product","3":"status-publish","4":"has-post-thumbnail","6":"product_cat-yedek-parca","7":"product_cat-burc-ve-mill-grubu","8":"product_cat-mil-grubu","10":"first","11":"instock","12":"taxable","13":"shipping-taxable","14":"purchasable","15":"product-type-simple"},"_links":{"self":[{"href":"https:\/\/ceoparts.com\/de\/wp-json\/wp\/v2\/product\/12375","targetHints":{"allow":["GET"]}}],"collection":[{"href":"https:\/\/ceoparts.com\/de\/wp-json\/wp\/v2\/product"}],"about":[{"href":"https:\/\/ceoparts.com\/de\/wp-json\/wp\/v2\/types\/product"}],"wp:featuredmedia":[{"embeddable":true,"href":"https:\/\/ceoparts.com\/de\/wp-json\/wp\/v2\/media\/12377"}],"wp:attachment":[{"href":"https:\/\/ceoparts.com\/de\/wp-json\/wp\/v2\/media?parent=12375"}],"wp:term":[{"taxonomy":"product_brand","embeddable":true,"href":"https:\/\/ceoparts.com\/de\/wp-json\/wp\/v2\/product_brand?post=12375"},{"taxonomy":"product_cat","embeddable":true,"href":"https:\/\/ceoparts.com\/de\/wp-json\/wp\/v2\/product_cat?post=12375"},{"taxonomy":"product_tag","embeddable":true,"href":"https:\/\/ceoparts.com\/de\/wp-json\/wp\/v2\/product_tag?post=12375"}],"curies":[{"name":"wp","href":"https:\/\/api.w.org\/{rel}","templated":true}]}}