{"id":12383,"date":"2024-12-28T13:48:13","date_gmt":"2024-12-28T10:48:13","guid":{"rendered":"https:\/\/ceoparts.com\/?post_type=product&#038;p=12383"},"modified":"2026-05-16T16:18:13","modified_gmt":"2026-05-16T13:18:13","slug":"yale-mpc15-yuruyus-tekeri-mili-12906504-582128074","status":"publish","type":"product","link":"https:\/\/ceoparts.com\/de\/urun\/yale-mpc15-yuruyus-tekeri-mili-12906504-582128074\/","title":{"rendered":"Yale MPC15 Geh-Rad-Achse &#8211; 12906504 , 582128074"},"content":{"rendered":"<p>Yale MPC15 Geh-Rad-Achse &#8211; 12906504 , 582128074<\/p>","protected":false},"excerpt":{"rendered":"<p data-start=\"77\" data-end=\"401\"><br data-start=\"1300\" data-end=\"1303\" \/>Die Yale MPC15 Laufrollenwelle ist eine robuste Wellenkomponente, die die ordnungsgem\u00e4\u00dfe und stabile Drehung der Laufrollen in Gabelstaplern und Hubwagen gew\u00e4hrleistet. Hergestellt aus hochwertigem Stahl, ist sie verschlei\u00df- und belastungsbest\u00e4ndig. Verbessert die Staplerleistung und bietet eine lange Lebensdauer.<\/p>\n<p data-start=\"1620\" data-end=\"1914\"><strong data-start=\"1620\" data-end=\"1638\">Eigenschaften:<\/strong><br data-start=\"1638\" data-end=\"1641\" \/><strong data-start=\"1641\" data-end=\"1657\">Produktname:<\/strong> Yale MPC15 Laufrollenwelle<br data-start=\"1684\" data-end=\"1687\" \/><strong data-start=\"1687\" data-end=\"1703\">Teilenummer:<\/strong> 12906504, 582128074<br data-start=\"1723\" data-end=\"1726\" \/><strong data-start=\"1726\" data-end=\"1739\">Material:<\/strong> Hochfester Stahl<br data-start=\"1756\" data-end=\"1759\" \/><strong data-start=\"1759\" data-end=\"1778\">Einsatzbereich:<\/strong> Laufrollen von Yale MPC15 Gabelstaplern<br data-start=\"1818\" data-end=\"1821\" \/><strong data-start=\"1821\" data-end=\"1833\">Vorteil:<\/strong> Robuste Konstruktion, hohe Festigkeit, Verschlei\u00dffestigkeit, lange Lebensdauer<\/p>\n<p data-start=\"1916\" data-end=\"2222\">\n","protected":false},"featured_media":12386,"template":"","meta":[],"product_brand":[],"product_cat":[441,464,467],"product_tag":[],"class_list":{"0":"post-12383","1":"product","2":"type-product","3":"status-publish","4":"has-post-thumbnail","6":"product_cat-yedek-parca","7":"product_cat-burc-ve-mill-grubu","8":"product_cat-mil-grubu","10":"first","11":"instock","12":"taxable","13":"shipping-taxable","14":"purchasable","15":"product-type-simple"},"_links":{"self":[{"href":"https:\/\/ceoparts.com\/de\/wp-json\/wp\/v2\/product\/12383","targetHints":{"allow":["GET"]}}],"collection":[{"href":"https:\/\/ceoparts.com\/de\/wp-json\/wp\/v2\/product"}],"about":[{"href":"https:\/\/ceoparts.com\/de\/wp-json\/wp\/v2\/types\/product"}],"wp:featuredmedia":[{"embeddable":true,"href":"https:\/\/ceoparts.com\/de\/wp-json\/wp\/v2\/media\/12386"}],"wp:attachment":[{"href":"https:\/\/ceoparts.com\/de\/wp-json\/wp\/v2\/media?parent=12383"}],"wp:term":[{"taxonomy":"product_brand","embeddable":true,"href":"https:\/\/ceoparts.com\/de\/wp-json\/wp\/v2\/product_brand?post=12383"},{"taxonomy":"product_cat","embeddable":true,"href":"https:\/\/ceoparts.com\/de\/wp-json\/wp\/v2\/product_cat?post=12383"},{"taxonomy":"product_tag","embeddable":true,"href":"https:\/\/ceoparts.com\/de\/wp-json\/wp\/v2\/product_tag?post=12383"}],"curies":[{"name":"wp","href":"https:\/\/api.w.org\/{rel}","templated":true}]}}