{"id":12389,"date":"2024-12-28T13:50:27","date_gmt":"2024-12-28T10:50:27","guid":{"rendered":"https:\/\/ceoparts.com\/?post_type=product&#038;p=12389"},"modified":"2026-05-16T10:43:49","modified_gmt":"2026-05-16T07:43:49","slug":"25x130-mm-bt-mil","status":"publish","type":"product","link":"https:\/\/ceoparts.com\/de\/urun\/25x130-mm-bt-mil\/","title":{"rendered":"25&#215;130 mm BT Welle &#8211; 7516617"},"content":{"rendered":"<p>25&#215;130 mm BT Welle &#8211; 7516617<\/p>","protected":false},"excerpt":{"rendered":"<p data-start=\"83\" data-end=\"393\"><br data-start=\"1228\" data-end=\"1231\" \/>25\u00d7130 mm BT Welle ist eine robuste Wellenkomponente, die in Gabelstaplern und Hubwagen zur Unterst\u00fctzung rotierender oder beweglicher Teile und zur Kraft\u00fcbertragung verwendet wird. Hergestellt aus hochfestem Stahl, ist sie verschlei\u00df- und belastungsresistent. Gew\u00e4hrleistet einen effizienten Betrieb der Staplersysteme.<\/p>\n<p data-start=\"1553\" data-end=\"1838\"><strong data-start=\"1553\" data-end=\"1571\">Eigenschaften:<\/strong><br data-start=\"1571\" data-end=\"1574\" \/><strong data-start=\"1574\" data-end=\"1590\">Produktname:<\/strong> 25\u00d7130 mm BT Welle<br data-start=\"1609\" data-end=\"1612\" \/><strong data-start=\"1612\" data-end=\"1628\">Teilenummer:<\/strong> 7516617<br data-start=\"1636\" data-end=\"1639\" \/><strong data-start=\"1639\" data-end=\"1652\">Material:<\/strong> Hochfester Stahl<br data-start=\"1669\" data-end=\"1672\" \/><strong data-start=\"1672\" data-end=\"1691\">Einsatzbereich:<\/strong> Rotierende Bauteile von Gabelstaplern und Hubwagen<br data-start=\"1742\" data-end=\"1745\" \/><strong data-start=\"1745\" data-end=\"1757\">Vorteil:<\/strong> Robuste Konstruktion, hohe Festigkeit, Verschlei\u00dffestigkeit, lange Lebensdauer<\/p>\n<p data-start=\"1840\" data-end=\"2119\">\n","protected":false},"featured_media":12393,"template":"","meta":[],"product_brand":[],"product_cat":[518,251,441,464,467],"product_tag":[],"class_list":{"0":"post-12389","1":"product","2":"type-product","3":"status-publish","4":"has-post-thumbnail","6":"product_cat-yedek-parca-bt","7":"product_cat-bt","8":"product_cat-yedek-parca","9":"product_cat-burc-ve-mill-grubu","10":"product_cat-mil-grubu","12":"first","13":"instock","14":"taxable","15":"shipping-taxable","16":"purchasable","17":"product-type-simple"},"_links":{"self":[{"href":"https:\/\/ceoparts.com\/de\/wp-json\/wp\/v2\/product\/12389","targetHints":{"allow":["GET"]}}],"collection":[{"href":"https:\/\/ceoparts.com\/de\/wp-json\/wp\/v2\/product"}],"about":[{"href":"https:\/\/ceoparts.com\/de\/wp-json\/wp\/v2\/types\/product"}],"wp:featuredmedia":[{"embeddable":true,"href":"https:\/\/ceoparts.com\/de\/wp-json\/wp\/v2\/media\/12393"}],"wp:attachment":[{"href":"https:\/\/ceoparts.com\/de\/wp-json\/wp\/v2\/media?parent=12389"}],"wp:term":[{"taxonomy":"product_brand","embeddable":true,"href":"https:\/\/ceoparts.com\/de\/wp-json\/wp\/v2\/product_brand?post=12389"},{"taxonomy":"product_cat","embeddable":true,"href":"https:\/\/ceoparts.com\/de\/wp-json\/wp\/v2\/product_cat?post=12389"},{"taxonomy":"product_tag","embeddable":true,"href":"https:\/\/ceoparts.com\/de\/wp-json\/wp\/v2\/product_tag?post=12389"}],"curies":[{"name":"wp","href":"https:\/\/api.w.org\/{rel}","templated":true}]}}