{"id":12394,"date":"2024-12-30T10:56:53","date_gmt":"2024-12-30T07:56:53","guid":{"rendered":"https:\/\/ceoparts.com\/?post_type=product&#038;p=12394"},"modified":"2026-05-16T09:34:45","modified_gmt":"2026-05-16T06:34:45","slug":"bt-h-ayak-245789","status":"publish","type":"product","link":"https:\/\/ceoparts.com\/de\/urun\/bt-h-ayak-245789\/","title":{"rendered":"BT Toyota  H St\u00fcck &#8211; 245789"},"content":{"rendered":"<p>BT Toyota  H St\u00fcck &#8211; 245789<\/p>\n<p>76&#215;17 BT H St\u00fcck -245789<\/p>","protected":false},"excerpt":{"rendered":"<p data-start=\"80\" data-end=\"359\"><br data-start=\"1186\" data-end=\"1189\" \/>BT Toyota H-Fu\u00df ist ein robustes Fu\u00dfteil, das in Gabelstaplern zur Balance und Unterst\u00fctzung verwendet wird. Es erh\u00f6ht die Stabilit\u00e4t des Mechanismus unter Last und reduziert Vibrationen f\u00fcr einen sicheren Betrieb. Hergestellt aus hochwertigem Material, bietet es eine lange Lebensdauer.<\/p>\n<p data-start=\"1478\" data-end=\"1758\"><strong data-start=\"1478\" data-end=\"1496\">Eigenschaften:<\/strong><br data-start=\"1496\" data-end=\"1499\" \/><strong data-start=\"1499\" data-end=\"1515\">Produktname:<\/strong> BT Toyota H-Fu\u00df<br data-start=\"1531\" data-end=\"1534\" \/><strong data-start=\"1534\" data-end=\"1550\">Teilenummer:<\/strong> 245789<br data-start=\"1557\" data-end=\"1560\" \/><strong data-start=\"1560\" data-end=\"1573\">Material:<\/strong> Robuster Stahl<br data-start=\"1588\" data-end=\"1591\" \/><strong data-start=\"1591\" data-end=\"1610\">Einsatzbereich:<\/strong> Balance- und St\u00fctzpunkte in BT Toyota Gabelstaplern<br data-start=\"1662\" data-end=\"1665\" \/><strong data-start=\"1665\" data-end=\"1677\">Vorteil:<\/strong> Hohe Haltbarkeit, Stabilit\u00e4tsverbesserer, Vibrationsd\u00e4mpfer, lange Lebensdauer<\/p>\n<p data-start=\"1760\" data-end=\"2032\">\n","protected":false},"featured_media":12396,"template":"","meta":[],"product_brand":[],"product_cat":[410,521,531,251,406,407],"product_tag":[],"class_list":{"0":"post-12394","1":"product","2":"type-product","3":"status-publish","4":"has-post-thumbnail","6":"product_cat-catal-takim","7":"product_cat-toyota","8":"product_cat-mekanizmalar-toyota","9":"product_cat-bt","10":"product_cat-catal-mekanizma","11":"product_cat-bt-catal-mekanizmalari","13":"first","14":"instock","15":"taxable","16":"shipping-taxable","17":"purchasable","18":"product-type-simple"},"_links":{"self":[{"href":"https:\/\/ceoparts.com\/de\/wp-json\/wp\/v2\/product\/12394","targetHints":{"allow":["GET"]}}],"collection":[{"href":"https:\/\/ceoparts.com\/de\/wp-json\/wp\/v2\/product"}],"about":[{"href":"https:\/\/ceoparts.com\/de\/wp-json\/wp\/v2\/types\/product"}],"wp:featuredmedia":[{"embeddable":true,"href":"https:\/\/ceoparts.com\/de\/wp-json\/wp\/v2\/media\/12396"}],"wp:attachment":[{"href":"https:\/\/ceoparts.com\/de\/wp-json\/wp\/v2\/media?parent=12394"}],"wp:term":[{"taxonomy":"product_brand","embeddable":true,"href":"https:\/\/ceoparts.com\/de\/wp-json\/wp\/v2\/product_brand?post=12394"},{"taxonomy":"product_cat","embeddable":true,"href":"https:\/\/ceoparts.com\/de\/wp-json\/wp\/v2\/product_cat?post=12394"},{"taxonomy":"product_tag","embeddable":true,"href":"https:\/\/ceoparts.com\/de\/wp-json\/wp\/v2\/product_tag?post=12394"}],"curies":[{"name":"wp","href":"https:\/\/api.w.org\/{rel}","templated":true}]}}