{"id":12408,"date":"2024-12-30T11:27:50","date_gmt":"2024-12-30T08:27:50","guid":{"rendered":"https:\/\/ceoparts.com\/?post_type=product&#038;p=12408"},"modified":"2026-05-16T09:39:41","modified_gmt":"2026-05-16T06:39:41","slug":"jungheinrich-ere-120-m12x110-imbus-civata-51238358","status":"publish","type":"product","link":"https:\/\/ceoparts.com\/de\/urun\/jungheinrich-ere-120-m12x110-imbus-civata-51238358\/","title":{"rendered":"Jungheinrich, ERE 120 M12x110 Imbus-Schraube &#8211; 51238358"},"content":{"rendered":"<p>Jungheinrich, ERE 120 M12x110 Imbus-Schraube &#8211; 51238358<\/p>","protected":false},"excerpt":{"rendered":"<p data-start=\"100\" data-end=\"508\"><br data-start=\"1537\" data-end=\"1540\" \/>Die Jungheinrich ERE 120 M12x110 Innensechskantschraube ist ein hochfestes Verbindungselement, das f\u00fcr die sichere Befestigung von Ausgleichsmechanismen und Verbindungsstellen an Gabelstaplern und Hubwagen verwendet wird. Das Innensechskant-Design erm\u00f6glicht eine feste Montage und verhindert das L\u00f6sen unter hoher Belastung. Eine langlebige L\u00f6sung f\u00fcr Wartung und Ersatzteilbereich von Gabelstaplern.<\/p>\n<p data-start=\"1943\" data-end=\"2263\"><strong data-start=\"1943\" data-end=\"1961\">Eigenschaften:<\/strong><br data-start=\"1961\" data-end=\"1964\" \/><strong data-start=\"1964\" data-end=\"1980\">Produktname:<\/strong> Jungheinrich ERE 120 M12x110 Innensechskantschraube<br data-start=\"2032\" data-end=\"2035\" \/><strong data-start=\"2035\" data-end=\"2051\">Teilenummer:<\/strong> 51238358<br data-start=\"2060\" data-end=\"2063\" \/><strong data-start=\"2063\" data-end=\"2076\">Material:<\/strong> Hochfester Stahl<br data-start=\"2093\" data-end=\"2096\" \/><strong data-start=\"2096\" data-end=\"2115\">Einsatzbereich:<\/strong> Verbindungsstellen an Jungheinrich ERE 120 Gabelstaplern und Hubwagen<br data-start=\"2185\" data-end=\"2188\" \/><strong data-start=\"2188\" data-end=\"2200\">Vorteil:<\/strong> Hohe Festigkeit, rostfrei, feste Montage, langlebige Nutzung<\/p>\n<p data-start=\"2265\" data-end=\"2674\">\n","protected":false},"featured_media":12411,"template":"","meta":[],"product_brand":[],"product_cat":[236,464,467,522],"product_tag":[],"class_list":{"0":"post-12408","1":"product","2":"type-product","3":"status-publish","4":"has-post-thumbnail","6":"product_cat-jungheinrich","7":"product_cat-burc-ve-mill-grubu","8":"product_cat-mil-grubu","9":"product_cat-yedek-parca-jungheinrich","11":"first","12":"instock","13":"taxable","14":"shipping-taxable","15":"purchasable","16":"product-type-simple"},"_links":{"self":[{"href":"https:\/\/ceoparts.com\/de\/wp-json\/wp\/v2\/product\/12408","targetHints":{"allow":["GET"]}}],"collection":[{"href":"https:\/\/ceoparts.com\/de\/wp-json\/wp\/v2\/product"}],"about":[{"href":"https:\/\/ceoparts.com\/de\/wp-json\/wp\/v2\/types\/product"}],"wp:featuredmedia":[{"embeddable":true,"href":"https:\/\/ceoparts.com\/de\/wp-json\/wp\/v2\/media\/12411"}],"wp:attachment":[{"href":"https:\/\/ceoparts.com\/de\/wp-json\/wp\/v2\/media?parent=12408"}],"wp:term":[{"taxonomy":"product_brand","embeddable":true,"href":"https:\/\/ceoparts.com\/de\/wp-json\/wp\/v2\/product_brand?post=12408"},{"taxonomy":"product_cat","embeddable":true,"href":"https:\/\/ceoparts.com\/de\/wp-json\/wp\/v2\/product_cat?post=12408"},{"taxonomy":"product_tag","embeddable":true,"href":"https:\/\/ceoparts.com\/de\/wp-json\/wp\/v2\/product_tag?post=12408"}],"curies":[{"name":"wp","href":"https:\/\/api.w.org\/{rel}","templated":true}]}}