{"id":12420,"date":"2024-12-30T11:45:46","date_gmt":"2024-12-30T08:45:46","guid":{"rendered":"https:\/\/ceoparts.com\/?post_type=product&#038;p=12420"},"modified":"2026-05-16T12:03:51","modified_gmt":"2026-05-16T09:03:51","slug":"bt-lpe200-denge-mekanizma-pim-7563305","status":"publish","type":"product","link":"https:\/\/ceoparts.com\/de\/urun\/bt-lpe200-denge-mekanizma-pim-7563305\/","title":{"rendered":"BT Lpe200 Balance-Mechanismus Stift &#8211; 7563305"},"content":{"rendered":"<p>BT Lpe200 Balance-Mechanismus Stift &#8211; 7563305<\/p>\n<p>LPE200 LPE220\u00a0 LPE250<\/p>","protected":false},"excerpt":{"rendered":"<p data-start=\"99\" data-end=\"471\"><br data-start=\"1376\" data-end=\"1379\" \/>BT LPE200 Ausgleichsmechanismus-Bolzen ist ein wichtiger Verbindungselement, das den sicheren und stabilen Betrieb von Ausgleichsmechanismen in Gabelstaplern und Lagerger\u00e4ten gew\u00e4hrleistet. Er ist speziell daf\u00fcr konzipiert, bewegliche Teile unter Last zu fixieren und die Balance zu sichern. Die robuste Stahlkonstruktion bietet eine lange Lebensdauer und ist widerstandsf\u00e4hig gegen Verschlei\u00df und St\u00f6\u00dfe.<\/p>\n<p data-start=\"1785\" data-end=\"2065\"><strong data-start=\"1785\" data-end=\"1803\">Eigenschaften:<\/strong><br data-start=\"1803\" data-end=\"1806\" \/><strong data-start=\"1806\" data-end=\"1822\">Produktname:<\/strong> BT LPE200 Ausgleichsmechanismus-Bolzen<br data-start=\"1861\" data-end=\"1864\" \/><strong data-start=\"1864\" data-end=\"1880\">Teilenummer:<\/strong> 7563305<br data-start=\"1888\" data-end=\"1891\" \/><strong data-start=\"1891\" data-end=\"1904\">Material:<\/strong> Stahl<br data-start=\"1910\" data-end=\"1913\" \/><strong data-start=\"1913\" data-end=\"1932\">Einsatzbereich:<\/strong> Ausgleichsmechanismen von BT LPE200 Staplern<br data-start=\"1977\" data-end=\"1980\" \/><strong data-start=\"1980\" data-end=\"1992\">Vorteil:<\/strong> Robuste Bauweise, hohe Festigkeit, einfache Montage, lange Lebensdauer<\/p>\n<p data-start=\"2067\" data-end=\"2427\">\n","protected":false},"featured_media":12421,"template":"","meta":[],"product_brand":[],"product_cat":[251,464,467,518],"product_tag":[],"class_list":{"0":"post-12420","1":"product","2":"type-product","3":"status-publish","4":"has-post-thumbnail","6":"product_cat-bt","7":"product_cat-burc-ve-mill-grubu","8":"product_cat-mil-grubu","9":"product_cat-yedek-parca-bt","11":"first","12":"instock","13":"taxable","14":"shipping-taxable","15":"purchasable","16":"product-type-simple"},"_links":{"self":[{"href":"https:\/\/ceoparts.com\/de\/wp-json\/wp\/v2\/product\/12420","targetHints":{"allow":["GET"]}}],"collection":[{"href":"https:\/\/ceoparts.com\/de\/wp-json\/wp\/v2\/product"}],"about":[{"href":"https:\/\/ceoparts.com\/de\/wp-json\/wp\/v2\/types\/product"}],"wp:featuredmedia":[{"embeddable":true,"href":"https:\/\/ceoparts.com\/de\/wp-json\/wp\/v2\/media\/12421"}],"wp:attachment":[{"href":"https:\/\/ceoparts.com\/de\/wp-json\/wp\/v2\/media?parent=12420"}],"wp:term":[{"taxonomy":"product_brand","embeddable":true,"href":"https:\/\/ceoparts.com\/de\/wp-json\/wp\/v2\/product_brand?post=12420"},{"taxonomy":"product_cat","embeddable":true,"href":"https:\/\/ceoparts.com\/de\/wp-json\/wp\/v2\/product_cat?post=12420"},{"taxonomy":"product_tag","embeddable":true,"href":"https:\/\/ceoparts.com\/de\/wp-json\/wp\/v2\/product_tag?post=12420"}],"curies":[{"name":"wp","href":"https:\/\/api.w.org\/{rel}","templated":true}]}}