{"id":12424,"date":"2024-12-30T11:54:17","date_gmt":"2024-12-30T08:54:17","guid":{"rendered":"https:\/\/ceoparts.com\/?post_type=product&#038;p=12424"},"modified":"2026-05-16T11:47:14","modified_gmt":"2026-05-16T08:47:14","slug":"yarikli-pim-m-530","status":"publish","type":"product","link":"https:\/\/ceoparts.com\/de\/urun\/yarikli-pim-m-530\/","title":{"rendered":"Spaltstift M 5*30"},"content":{"rendered":"<p>Spaltstift M 5*30<\/p>","protected":false},"excerpt":{"rendered":"<p data-start=\"99\" data-end=\"431\"><br data-start=\"1308\" data-end=\"1311\" \/>Schlitzstift M 5\u00d730 ist ein robuster und praktischer Verbindungselement, das f\u00fcr Befestigungs- und Verbindungspunkte in Gabelstaplern und Arbeitsmaschinen verwendet wird. Die Stahlkonstruktion bietet hohe Festigkeit. Das geschlitzte Design erm\u00f6glicht eine einfache Montage und Demontage und ist ideal f\u00fcr Bereiche mit h\u00e4ufigem Wartungsbedarf.<\/p>\n<p data-start=\"1655\" data-end=\"1923\"><strong data-start=\"1655\" data-end=\"1673\">Eigenschaften:<\/strong><br data-start=\"1673\" data-end=\"1676\" \/><strong data-start=\"1676\" data-end=\"1692\">Produktname:<\/strong> Schlitzstift M 5\u00d730<br data-start=\"1712\" data-end=\"1715\" \/><strong data-start=\"1715\" data-end=\"1731\">Teilenummer:<\/strong> &#8211;<br data-start=\"1733\" data-end=\"1736\" \/><strong data-start=\"1736\" data-end=\"1749\">Material:<\/strong> Stahl<br data-start=\"1755\" data-end=\"1758\" \/><strong data-start=\"1758\" data-end=\"1777\">Einsatzbereich:<\/strong> Verbindungsstellen in Gabelstaplern, Staplern und Maschinen<br data-start=\"1837\" data-end=\"1840\" \/><strong data-start=\"1840\" data-end=\"1852\">Vorteil:<\/strong> Hohe Festigkeit, einfache Montage und Demontage, langlebiger Einsatz<\/p>\n<p data-start=\"1925\" data-end=\"2214\">\n","protected":false},"featured_media":12428,"template":"","meta":[],"product_brand":[],"product_cat":[464,467],"product_tag":[],"class_list":{"0":"post-12424","1":"product","2":"type-product","3":"status-publish","4":"has-post-thumbnail","6":"product_cat-burc-ve-mill-grubu","7":"product_cat-mil-grubu","9":"first","10":"instock","11":"taxable","12":"shipping-taxable","13":"purchasable","14":"product-type-simple"},"_links":{"self":[{"href":"https:\/\/ceoparts.com\/de\/wp-json\/wp\/v2\/product\/12424","targetHints":{"allow":["GET"]}}],"collection":[{"href":"https:\/\/ceoparts.com\/de\/wp-json\/wp\/v2\/product"}],"about":[{"href":"https:\/\/ceoparts.com\/de\/wp-json\/wp\/v2\/types\/product"}],"wp:featuredmedia":[{"embeddable":true,"href":"https:\/\/ceoparts.com\/de\/wp-json\/wp\/v2\/media\/12428"}],"wp:attachment":[{"href":"https:\/\/ceoparts.com\/de\/wp-json\/wp\/v2\/media?parent=12424"}],"wp:term":[{"taxonomy":"product_brand","embeddable":true,"href":"https:\/\/ceoparts.com\/de\/wp-json\/wp\/v2\/product_brand?post=12424"},{"taxonomy":"product_cat","embeddable":true,"href":"https:\/\/ceoparts.com\/de\/wp-json\/wp\/v2\/product_cat?post=12424"},{"taxonomy":"product_tag","embeddable":true,"href":"https:\/\/ceoparts.com\/de\/wp-json\/wp\/v2\/product_tag?post=12424"}],"curies":[{"name":"wp","href":"https:\/\/api.w.org\/{rel}","templated":true}]}}