{"id":12429,"date":"2024-12-30T12:01:52","date_gmt":"2024-12-30T09:01:52","guid":{"rendered":"https:\/\/ceoparts.com\/?post_type=product&#038;p=12429"},"modified":"2026-05-16T04:59:34","modified_gmt":"2026-05-16T01:59:34","slug":"yeni-kasa-denge-tekeri-borusu","status":"publish","type":"product","link":"https:\/\/ceoparts.com\/de\/urun\/yeni-kasa-denge-tekeri-borusu\/","title":{"rendered":"125&#215;50\/60-20 Auswucht Rad M12 Buchse"},"content":{"rendered":"<p>125&#215;50\/60-20 Auswucht Rad M12 Buchse<\/p>","protected":false},"excerpt":{"rendered":"<p data-start=\"87\" data-end=\"489\"><br data-start=\"1573\" data-end=\"1576\" \/>125\u00d750\/60-20 Ausgleichsrad mit M12 Buchse ist ein robustes und langlebiges Ausgleichsrad, das in Gabelstaplern und Staplern f\u00fcr Stabilit\u00e4t und Lenksteuerung sorgt. Die M12-Buchsenverbindung erm\u00f6glicht eine einfache Montage und gew\u00e4hrleistet Stabilit\u00e4t unter Last, wodurch ein reibungsloser Betrieb der Maschine unterst\u00fctzt wird. Die verschlei\u00dffeste Konstruktion bietet auch bei intensiver Nutzung eine lange Lebensdauer.<\/p>\n<p data-start=\"1998\" data-end=\"2341\"><strong data-start=\"1998\" data-end=\"2016\">Eigenschaften:<\/strong><br data-start=\"2016\" data-end=\"2019\" \/><strong data-start=\"2019\" data-end=\"2035\">Produktname:<\/strong> 125\u00d750\/60-20 Ausgleichsrad mit M12 Buchse<br data-start=\"2077\" data-end=\"2080\" \/><strong data-start=\"2080\" data-end=\"2096\">Teilenummer:<\/strong> &#8211;<br data-start=\"2098\" data-end=\"2101\" \/><strong data-start=\"2101\" data-end=\"2114\">Material:<\/strong> Polyurethan-beschichteter Stahlk\u00f6rper<br data-start=\"2152\" data-end=\"2155\" \/><strong data-start=\"2155\" data-end=\"2174\">Einsatzbereich:<\/strong> Ausgleichs- und Lenksysteme f\u00fcr Gabelstapler und Stapler<br data-start=\"2231\" data-end=\"2234\" \/><strong data-start=\"2234\" data-end=\"2246\">Vorteil:<\/strong> Verschlei\u00dffest, einfache Montage mit M12 Buchse, leiser und stabiler Lauf, lange Lebensdauer<\/p>\n<p data-start=\"2343\" data-end=\"2754\">\n","protected":false},"featured_media":12431,"template":"","meta":[],"product_brand":[],"product_cat":[466],"product_tag":[],"class_list":{"0":"post-12429","1":"product","2":"type-product","3":"status-publish","4":"has-post-thumbnail","6":"product_cat-denge-teker-burcu","8":"first","9":"instock","10":"taxable","11":"shipping-taxable","12":"purchasable","13":"product-type-simple"},"_links":{"self":[{"href":"https:\/\/ceoparts.com\/de\/wp-json\/wp\/v2\/product\/12429","targetHints":{"allow":["GET"]}}],"collection":[{"href":"https:\/\/ceoparts.com\/de\/wp-json\/wp\/v2\/product"}],"about":[{"href":"https:\/\/ceoparts.com\/de\/wp-json\/wp\/v2\/types\/product"}],"wp:featuredmedia":[{"embeddable":true,"href":"https:\/\/ceoparts.com\/de\/wp-json\/wp\/v2\/media\/12431"}],"wp:attachment":[{"href":"https:\/\/ceoparts.com\/de\/wp-json\/wp\/v2\/media?parent=12429"}],"wp:term":[{"taxonomy":"product_brand","embeddable":true,"href":"https:\/\/ceoparts.com\/de\/wp-json\/wp\/v2\/product_brand?post=12429"},{"taxonomy":"product_cat","embeddable":true,"href":"https:\/\/ceoparts.com\/de\/wp-json\/wp\/v2\/product_cat?post=12429"},{"taxonomy":"product_tag","embeddable":true,"href":"https:\/\/ceoparts.com\/de\/wp-json\/wp\/v2\/product_tag?post=12429"}],"curies":[{"name":"wp","href":"https:\/\/api.w.org\/{rel}","templated":true}]}}