{"id":12434,"date":"2024-12-30T17:36:52","date_gmt":"2024-12-30T14:36:52","guid":{"rendered":"https:\/\/ceoparts.com\/?post_type=product&#038;p=12434"},"modified":"2026-05-16T14:00:58","modified_gmt":"2026-05-16T11:00:58","slug":"jungheinrich-ere-120-catal-mekanizmasi-bos-takim-51448827","status":"publish","type":"product","link":"https:\/\/ceoparts.com\/de\/urun\/jungheinrich-ere-120-catal-mekanizmasi-bos-takim-51448827\/","title":{"rendered":"Jungheinrich ERE 120 Gabelmechanismus Leeres Set (Ohne R\u00e4der) &#8211; 51448827"},"content":{"rendered":"<p>Jungheinrich ERE 120 Gabelmechanismus Leeres Set (Ohne R\u00e4der) &#8211; 51448827<\/p>\n<p>&nbsp;<\/p>\n<p>Jungheinrich 51448827<\/p>\n<p>ERE 120 \/ 125 \/ 225\u00a010.16 \u2013<br \/>\nERE 120 \/ 125 \/ 225 (US)\u00a010.16 \u2013<br \/>\nEJE 114 \/ 116 \/ 118 \/ 120\u00a03.18 \u2013<br \/>\nEJE 120 US\u00a03.18 \u2013<br \/>\nPW23P\u00a03.18 \u2013<br \/>\n2WP4500\u00a03.18 \u2013<br \/>\nEJE 222\/225\u00a08.18 \u2013<br \/>\nEJE 225 (USA)\u00a08.18 \u2013<br \/>\nPW30P\u00a08.18 \u2013<br \/>\n2WP6000\u00a08.18 \u2013<br \/>\nEJE 230-235\u00a02.20 \u2013<br \/>\nERE 225i\u00a010.21 \u2013<br \/>\nERE 225i (US)\u00a010.21<\/p>","protected":false},"excerpt":{"rendered":"<p data-start=\"78\" data-end=\"415\"><br data-start=\"1477\" data-end=\"1480\" \/>Jungheinrich ERE 120 Gabelmechanismus-Set (ohne R\u00e4der) ist ein hochwertiges Mechanik-Set, das speziell f\u00fcr Gabelstapler und Hubwagen entwickelt wurde. Es sorgt f\u00fcr eine sichere und stabile Verbindung beim Transport und Heben von Lasten. Durch das radlose Design ist es mit vorhandenen R\u00e4dern kompatibel und l\u00e4sst sich einfach montieren.<\/p>\n<p data-start=\"1818\" data-end=\"2185\"><strong data-start=\"1818\" data-end=\"1836\">Eigenschaften:<\/strong><br data-start=\"1836\" data-end=\"1839\" \/><strong data-start=\"1839\" data-end=\"1855\">Produktname:<\/strong> Jungheinrich ERE 120 Gabelmechanismus-Set (ohne R\u00e4der)<br data-start=\"1910\" data-end=\"1913\" \/><strong data-start=\"1913\" data-end=\"1929\">Teilenummer:<\/strong> 51448827<br data-start=\"1938\" data-end=\"1941\" \/><strong data-start=\"1941\" data-end=\"1954\">Material:<\/strong> Hochfester Stahl und Verbindungselemente<br data-start=\"1995\" data-end=\"1998\" \/><strong data-start=\"1998\" data-end=\"2017\">Einsatzbereich:<\/strong> Jungheinrich ERE 120 Gabelstapler und Hubwagen<br data-start=\"2064\" data-end=\"2067\" \/><strong data-start=\"2067\" data-end=\"2079\">Vorteil:<\/strong> Robuste Konstruktion, einfache Montage, langlebige Nutzung, flexible Installation durch radloses Design<\/p>\n<p data-start=\"2187\" data-end=\"2502\">\n","protected":false},"featured_media":12435,"template":"","meta":[],"product_brand":[],"product_cat":[236,406,408,522],"product_tag":[],"class_list":{"0":"post-12434","1":"product","2":"type-product","3":"status-publish","4":"has-post-thumbnail","6":"product_cat-jungheinrich","7":"product_cat-catal-mekanizma","8":"product_cat-jungheinrich-catal-mekanizma","9":"product_cat-yedek-parca-jungheinrich","11":"first","12":"instock","13":"taxable","14":"shipping-taxable","15":"purchasable","16":"product-type-simple"},"_links":{"self":[{"href":"https:\/\/ceoparts.com\/de\/wp-json\/wp\/v2\/product\/12434","targetHints":{"allow":["GET"]}}],"collection":[{"href":"https:\/\/ceoparts.com\/de\/wp-json\/wp\/v2\/product"}],"about":[{"href":"https:\/\/ceoparts.com\/de\/wp-json\/wp\/v2\/types\/product"}],"wp:featuredmedia":[{"embeddable":true,"href":"https:\/\/ceoparts.com\/de\/wp-json\/wp\/v2\/media\/12435"}],"wp:attachment":[{"href":"https:\/\/ceoparts.com\/de\/wp-json\/wp\/v2\/media?parent=12434"}],"wp:term":[{"taxonomy":"product_brand","embeddable":true,"href":"https:\/\/ceoparts.com\/de\/wp-json\/wp\/v2\/product_brand?post=12434"},{"taxonomy":"product_cat","embeddable":true,"href":"https:\/\/ceoparts.com\/de\/wp-json\/wp\/v2\/product_cat?post=12434"},{"taxonomy":"product_tag","embeddable":true,"href":"https:\/\/ceoparts.com\/de\/wp-json\/wp\/v2\/product_tag?post=12434"}],"curies":[{"name":"wp","href":"https:\/\/api.w.org\/{rel}","templated":true}]}}