{"id":12445,"date":"2025-01-03T14:44:28","date_gmt":"2025-01-03T11:44:28","guid":{"rendered":"https:\/\/ceoparts.com\/?post_type=product&#038;p=12445"},"modified":"2026-05-16T15:14:44","modified_gmt":"2026-05-16T12:14:44","slug":"85x95-97-25-wicke-yuk-tekeri-253072-7509449","status":"publish","type":"product","link":"https:\/\/ceoparts.com\/de\/urun\/85x95-97-25-wicke-yuk-tekeri-253072-7509449\/","title":{"rendered":"85&#215;95\/97-25 Wicke Lastrad &#8211; 253072 , 7509449"},"content":{"rendered":"<p>85&#215;95\/97-25 Wicke Lastrad &#8211; 253072 , 7509449<\/p>\n<p>BT TOYOTA<\/p>\n<p>BT SWE 120L<\/p>\n<p>BT SWE 140L<\/p>\n<p>LPE220 \/ LPE250 \/ LWE200<\/p>","protected":false},"excerpt":{"rendered":"<p data-start=\"89\" data-end=\"402\"><br data-start=\"1372\" data-end=\"1375\" \/>Wicke 85\u00d795\/97-25 Lastrolle ist eine hochwertige Lastrolle, die unter hohen Lasten in Gabelstaplern und Staplern zuverl\u00e4ssige Leistung bietet. Die kompakte Bauweise erm\u00f6glicht eine einfache Man\u00f6vrierf\u00e4higkeit auf engem Raum. Die verschlei\u00dffeste Vulkollan-Beschichtung sorgt f\u00fcr eine lange Lebensdauer und einen leisen Betrieb.<\/p>\n<p data-start=\"1703\" data-end=\"2051\"><strong data-start=\"1703\" data-end=\"1721\">Eigenschaften:<\/strong><br data-start=\"1721\" data-end=\"1724\" \/><strong data-start=\"1724\" data-end=\"1740\">Produktname:<\/strong> Wicke 85\u00d795\/97-25 Lastrolle<br data-start=\"1768\" data-end=\"1771\" \/><strong data-start=\"1771\" data-end=\"1787\">Teilenummer:<\/strong> 253072, 7509449<br data-start=\"1803\" data-end=\"1806\" \/><strong data-start=\"1806\" data-end=\"1819\">Material:<\/strong> Vulkollan-beschichtetes Gussgeh\u00e4use<br data-start=\"1855\" data-end=\"1858\" \/><strong data-start=\"1858\" data-end=\"1877\">Einsatzbereich:<\/strong> Lasttransportsysteme f\u00fcr Gabelstapler und Stapler<br data-start=\"1927\" data-end=\"1930\" \/><strong data-start=\"1930\" data-end=\"1942\">Vorteil:<\/strong> Hohe Tragkraft, verschlei\u00dffeste Struktur, leiser und stabiler Lauf, gute Man\u00f6vrierf\u00e4higkeit auf engem Raum<\/p>\n<p data-start=\"2053\" data-end=\"2365\">\n","protected":false},"featured_media":12449,"template":"","meta":[],"product_brand":[],"product_cat":[402,521,526,251,253,400,401],"product_tag":[],"class_list":{"0":"post-12445","1":"product","2":"type-product","3":"status-publish","4":"has-post-thumbnail","6":"product_cat-catal-tekeri-wicke","7":"product_cat-toyota","8":"product_cat-catal-tekeri-toyota","9":"product_cat-bt","10":"product_cat-catal-tekeri-bt","11":"product_cat-catal-tekeri","12":"product_cat-wicke","14":"first","15":"instock","16":"taxable","17":"shipping-taxable","18":"purchasable","19":"product-type-simple"},"_links":{"self":[{"href":"https:\/\/ceoparts.com\/de\/wp-json\/wp\/v2\/product\/12445","targetHints":{"allow":["GET"]}}],"collection":[{"href":"https:\/\/ceoparts.com\/de\/wp-json\/wp\/v2\/product"}],"about":[{"href":"https:\/\/ceoparts.com\/de\/wp-json\/wp\/v2\/types\/product"}],"wp:featuredmedia":[{"embeddable":true,"href":"https:\/\/ceoparts.com\/de\/wp-json\/wp\/v2\/media\/12449"}],"wp:attachment":[{"href":"https:\/\/ceoparts.com\/de\/wp-json\/wp\/v2\/media?parent=12445"}],"wp:term":[{"taxonomy":"product_brand","embeddable":true,"href":"https:\/\/ceoparts.com\/de\/wp-json\/wp\/v2\/product_brand?post=12445"},{"taxonomy":"product_cat","embeddable":true,"href":"https:\/\/ceoparts.com\/de\/wp-json\/wp\/v2\/product_cat?post=12445"},{"taxonomy":"product_tag","embeddable":true,"href":"https:\/\/ceoparts.com\/de\/wp-json\/wp\/v2\/product_tag?post=12445"}],"curies":[{"name":"wp","href":"https:\/\/api.w.org\/{rel}","templated":true}]}}