{"id":12450,"date":"2025-01-03T15:19:07","date_gmt":"2025-01-03T12:19:07","guid":{"rendered":"https:\/\/ceoparts.com\/?post_type=product&#038;p=12450"},"modified":"2026-05-16T14:00:59","modified_gmt":"2026-05-16T11:00:59","slug":"85x105-110-12-wicke-4401476-0039933604","status":"publish","type":"product","link":"https:\/\/ceoparts.com\/de\/urun\/85x105-110-12-wicke-4401476-0039933604\/","title":{"rendered":"85&#215;105\/110-12 Wicke Lastrad &#8211; 4401476 , 0039933604, 0039933649"},"content":{"rendered":"<p>85&#215;105\/110-12 Wicke Lastrad &#8211; 4401476 , 0039933604, 0039933649<\/p>\n<p><\/p>\n<table border=\"0\" width=\"410\" cellspacing=\"0\" cellpadding=\"0\">\n<colgroup>\n<col width=\"95\" \/>\n<col width=\"315\" \/><\/colgroup>\n<tbody>\n<tr>\n<td class=\"xl65\" width=\"95\" height=\"20\"><span style=\"font-family: Calibri;\">1151<\/span><\/td>\n<td class=\"xl65\" width=\"315\"><span style=\"font-family: Calibri;\">T16\/T16P\/T20\/T20P<\/span><\/td>\n<\/tr>\n<tr>\n<td class=\"xl65\" height=\"20\"><span style=\"font-family: Calibri;\">1152<\/span><\/td>\n<td class=\"xl65\"><span style=\"font-family: Calibri;\">T16\/T18\/T20\/T16L<\/span><\/td>\n<\/tr>\n<tr>\n<td class=\"xl65\" height=\"20\"><span style=\"font-family: Calibri;\">1158<\/span><\/td>\n<td class=\"xl65\"><span style=\"font-family: Calibri;\">T20AP-04\/T20SP<\/span><\/td>\n<\/tr>\n<tr>\n<td class=\"xl65\" height=\"20\"><span style=\"font-family: Calibri;\">131<\/span><\/td>\n<td class=\"xl65\"><span style=\"font-family: Calibri;\">T20AP\/T20SP<\/span><\/td>\n<\/tr>\n<tr>\n<td class=\"xl65\" height=\"20\"><span style=\"font-family: Calibri;\">131<\/span><\/td>\n<td class=\"xl65\"><span style=\"font-family: Calibri;\">L14\/16AS<\/span><\/td>\n<\/tr>\n<tr>\n<td class=\"xl65\" height=\"20\"><span style=\"font-family: Calibri;\">132<\/span><\/td>\n<td class=\"xl65\"><span style=\"font-family: Calibri;\">N20\/N24\/N20L\/N20LI<\/span><\/td>\n<\/tr>\n<tr>\n<td class=\"xl65\" height=\"20\"><span style=\"font-family: Calibri;\">140<\/span><\/td>\n<td class=\"xl65\"><span style=\"font-family: Calibri;\">T20R<\/span><\/td>\n<\/tr>\n<tr>\n<td class=\"xl65\" height=\"20\"><span style=\"font-family: Calibri;\">140<\/span><\/td>\n<td class=\"xl65\"><span style=\"font-family: Calibri;\">T20R<\/span><\/td>\n<\/tr>\n<tr>\n<td class=\"xl65\" height=\"20\"><span style=\"font-family: Calibri;\">141<\/span><\/td>\n<td class=\"xl65\"><span style=\"font-family: Calibri;\">T20AP<\/span><\/td>\n<\/tr>\n<tr>\n<td class=\"xl65\" height=\"20\"><span style=\"font-family: Calibri;\">141<\/span><\/td>\n<td class=\"xl65\"><span style=\"font-family: Calibri;\">T20AP<\/span><\/td>\n<\/tr>\n<tr>\n<td class=\"xl65\" height=\"20\"><span style=\"font-family: Calibri;\">141<\/span><\/td>\n<td class=\"xl65\"><span style=\"font-family: Calibri;\">T20AP<\/span><\/td>\n<\/tr>\n<tr>\n<td class=\"xl65\" height=\"20\"><span style=\"font-family: Calibri;\">141<\/span><\/td>\n<td class=\"xl65\"><span style=\"font-family: Calibri;\">T20AP<\/span><\/td>\n<\/tr>\n<tr>\n<td class=\"xl65\" height=\"20\"><span style=\"font-family: Calibri;\">141<\/span><\/td>\n<td class=\"xl65\"><span style=\"font-family: Calibri;\">T20\/30<\/span><\/td>\n<\/tr>\n<tr>\n<td class=\"xl65\" height=\"20\"><span style=\"font-family: Calibri;\">141<\/span><\/td>\n<td class=\"xl65\"><span style=\"font-family: Calibri;\">T20\/30<\/span><\/td>\n<\/tr>\n<tr>\n<td class=\"xl65\" height=\"20\"><span style=\"font-family: Calibri;\">144<\/span><\/td>\n<td class=\"xl65\"><span style=\"font-family: Calibri;\">T20S\/T20SF<\/span><\/td>\n<\/tr>\n<tr>\n<td class=\"xl65\" height=\"20\"><span style=\"font-family: Calibri;\">144<\/span><\/td>\n<td class=\"xl65\"><span style=\"font-family: Calibri;\">T20S\/T20SF<\/span><\/td>\n<\/tr>\n<tr>\n<td class=\"xl65\" height=\"20\"><span style=\"font-family: Calibri;\">149<\/span><\/td>\n<td class=\"xl65\"><span style=\"font-family: Calibri;\">N20\/N25\/N20L\/LI\/LX<\/span><\/td>\n<\/tr>\n<tr>\n<td class=\"xl65\" height=\"20\"><span style=\"font-family: Calibri;\">149<\/span><\/td>\n<td class=\"xl65\"><span style=\"font-family: Calibri;\">N20\/N25\/N20L\/LI\/LX<\/span><\/td>\n<\/tr>\n<tr>\n<td class=\"xl65\" height=\"20\"><span style=\"font-family: Calibri;\">360<\/span><\/td>\n<td class=\"xl65\"><span style=\"font-family: Calibri;\">T16\/T18\/T20<\/span><\/td>\n<\/tr>\n<tr>\n<td class=\"xl65\" height=\"20\"><span style=\"font-family: Calibri;\">360<\/span><\/td>\n<td class=\"xl65\"><span style=\"font-family: Calibri;\">T16\/T18\/T20<\/span><\/td>\n<\/tr>\n<tr>\n<td class=\"xl65\" height=\"20\"><span style=\"font-family: Calibri;\">360<\/span><\/td>\n<td class=\"xl65\"><span style=\"font-family: Calibri;\">T16\/T18\/T20\/T16L<\/span><\/td>\n<\/tr>\n<tr>\n<td class=\"xl65\" height=\"20\"><span style=\"font-family: Calibri;\">360<\/span><\/td>\n<td class=\"xl65\"><span style=\"font-family: Calibri;\">T16\/T18\/T20\/T16L<\/span><\/td>\n<\/tr>\n<\/tbody>\n<\/table>\n<p><\/p>","protected":false},"excerpt":{"rendered":"<p data-start=\"87\" data-end=\"420\"><br data-start=\"1425\" data-end=\"1428\" \/>Wicke 85\u00d7105\/110-12 Lastrolle ist eine hochwertige Lastrolle f\u00fcr Gabelstapler und Lagerger\u00e4te. Durch ihre kompakte Bauweise und robuste Struktur bietet sie eine hervorragende Man\u00f6vrierf\u00e4higkeit auf engem Raum sowie eine hohe Tragf\u00e4higkeit. Die verschlei\u00dffeste Konstruktion sorgt f\u00fcr eine lange Lebensdauer unter intensiven Einsatzbedingungen.<\/p>\n<p data-start=\"1772\" data-end=\"2114\"><strong data-start=\"1772\" data-end=\"1790\">Eigenschaften:<\/strong><br data-start=\"1790\" data-end=\"1793\" \/><strong data-start=\"1793\" data-end=\"1809\">Produktname:<\/strong> Wicke 85\u00d7105\/110-12 Lastrolle<br data-start=\"1839\" data-end=\"1842\" \/><strong data-start=\"1842\" data-end=\"1858\">Teilenummer:<\/strong> 4401476, 0039933604, 0039933649<br data-start=\"1890\" data-end=\"1893\" \/><strong data-start=\"1893\" data-end=\"1906\">Material:<\/strong> Polyurethan-beschichtetes Gussgeh\u00e4use<br data-start=\"1944\" data-end=\"1947\" \/><strong data-start=\"1947\" data-end=\"1966\">Einsatzbereich:<\/strong> Lasttransportsysteme f\u00fcr Gabelstapler und Lagertechnik<br data-start=\"2021\" data-end=\"2024\" \/><strong data-start=\"2024\" data-end=\"2036\">Vorteil:<\/strong> Hohe Tragkraft, verschlei\u00dffest, leiser und stabiler Lauf, lange Lebensdauer<\/p>\n<p data-start=\"2116\" data-end=\"2460\">\n","protected":false},"featured_media":12454,"template":"","meta":[],"product_brand":[],"product_cat":[400,401,402],"product_tag":[],"class_list":{"0":"post-12450","1":"product","2":"type-product","3":"status-publish","4":"has-post-thumbnail","6":"product_cat-catal-tekeri","7":"product_cat-wicke","8":"product_cat-catal-tekeri-wicke","10":"first","11":"instock","12":"taxable","13":"shipping-taxable","14":"purchasable","15":"product-type-simple"},"_links":{"self":[{"href":"https:\/\/ceoparts.com\/de\/wp-json\/wp\/v2\/product\/12450","targetHints":{"allow":["GET"]}}],"collection":[{"href":"https:\/\/ceoparts.com\/de\/wp-json\/wp\/v2\/product"}],"about":[{"href":"https:\/\/ceoparts.com\/de\/wp-json\/wp\/v2\/types\/product"}],"wp:featuredmedia":[{"embeddable":true,"href":"https:\/\/ceoparts.com\/de\/wp-json\/wp\/v2\/media\/12454"}],"wp:attachment":[{"href":"https:\/\/ceoparts.com\/de\/wp-json\/wp\/v2\/media?parent=12450"}],"wp:term":[{"taxonomy":"product_brand","embeddable":true,"href":"https:\/\/ceoparts.com\/de\/wp-json\/wp\/v2\/product_brand?post=12450"},{"taxonomy":"product_cat","embeddable":true,"href":"https:\/\/ceoparts.com\/de\/wp-json\/wp\/v2\/product_cat?post=12450"},{"taxonomy":"product_tag","embeddable":true,"href":"https:\/\/ceoparts.com\/de\/wp-json\/wp\/v2\/product_tag?post=12450"}],"curies":[{"name":"wp","href":"https:\/\/api.w.org\/{rel}","templated":true}]}}