{"id":12469,"date":"2025-01-03T16:57:37","date_gmt":"2025-01-03T13:57:37","guid":{"rendered":"https:\/\/ceoparts.com\/?post_type=product&#038;p=12469"},"modified":"2026-05-16T06:16:19","modified_gmt":"2026-05-16T03:16:19","slug":"250x100-80x28-wicke-yuk-tekeri-181314-1499031","status":"publish","type":"product","link":"https:\/\/ceoparts.com\/de\/urun\/250x100-80x28-wicke-yuk-tekeri-181314-1499031\/","title":{"rendered":"250&#215;100 (80&#215;28) Wicke Lastenrad &#8211; 1499031"},"content":{"rendered":"<p>250&#215;100 (80&#215;28) Wicke Lastenrad &#8211; 1499031<\/p>","protected":false},"excerpt":{"rendered":"<p data-start=\"0\" data-end=\"325\"><br data-start=\"1205\" data-end=\"1208\" \/>Wicke 250\u00d7100 (80\u00d728) Lastrolle ist ein hochwertiges Radmodell, das f\u00fcr sicheres und stabiles Bewegen von Lasten in Gabelstaplern sorgt. Dank seiner robusten Bauweise und der hochwertigen Beschichtung ist es \u00e4u\u00dferst verschlei\u00dffest. Mit hoher Tragkraft ideal f\u00fcr den industriellen Dauereinsatz.<\/p>\n<p data-start=\"1503\" data-end=\"1787\"><strong data-start=\"1503\" data-end=\"1521\">Eigenschaften:<\/strong><br data-start=\"1521\" data-end=\"1524\" \/><strong data-start=\"1524\" data-end=\"1540\">Produktname:<\/strong> Wicke 250\u00d7100 (80\u00d728) Lastrolle<br data-start=\"1572\" data-end=\"1575\" \/><strong data-start=\"1575\" data-end=\"1591\">Teilenummer:<\/strong> 1499031<br data-start=\"1599\" data-end=\"1602\" \/><strong data-start=\"1602\" data-end=\"1615\">Material:<\/strong> Polyurethan-beschichtetes Gussgeh\u00e4use<br data-start=\"1653\" data-end=\"1656\" \/><strong data-start=\"1656\" data-end=\"1675\">Einsatzbereich:<\/strong> Gabelstapler-Lasttransportsysteme<br data-start=\"1709\" data-end=\"1712\" \/><strong data-start=\"1712\" data-end=\"1724\">Vorteil:<\/strong> Hohe Tragf\u00e4higkeit, verschlei\u00dffest, leiser und stabiler Lauf<\/p>\n<p data-start=\"1789\" data-end=\"2133\">\n","protected":false},"featured_media":12476,"template":"","meta":[],"product_brand":[],"product_cat":[256,261,401,405,194],"product_tag":[],"class_list":{"0":"post-12469","1":"product","2":"type-product","3":"status-publish","4":"has-post-thumbnail","6":"product_cat-hyster","7":"product_cat-yuk-tekeri-hyster","8":"product_cat-wicke","9":"product_cat-yuk-tekeri-wicke","10":"product_cat-yuk-tekeri","12":"first","13":"instock","14":"taxable","15":"shipping-taxable","16":"purchasable","17":"product-type-simple"},"_links":{"self":[{"href":"https:\/\/ceoparts.com\/de\/wp-json\/wp\/v2\/product\/12469","targetHints":{"allow":["GET"]}}],"collection":[{"href":"https:\/\/ceoparts.com\/de\/wp-json\/wp\/v2\/product"}],"about":[{"href":"https:\/\/ceoparts.com\/de\/wp-json\/wp\/v2\/types\/product"}],"wp:featuredmedia":[{"embeddable":true,"href":"https:\/\/ceoparts.com\/de\/wp-json\/wp\/v2\/media\/12476"}],"wp:attachment":[{"href":"https:\/\/ceoparts.com\/de\/wp-json\/wp\/v2\/media?parent=12469"}],"wp:term":[{"taxonomy":"product_brand","embeddable":true,"href":"https:\/\/ceoparts.com\/de\/wp-json\/wp\/v2\/product_brand?post=12469"},{"taxonomy":"product_cat","embeddable":true,"href":"https:\/\/ceoparts.com\/de\/wp-json\/wp\/v2\/product_cat?post=12469"},{"taxonomy":"product_tag","embeddable":true,"href":"https:\/\/ceoparts.com\/de\/wp-json\/wp\/v2\/product_tag?post=12469"}],"curies":[{"name":"wp","href":"https:\/\/api.w.org\/{rel}","templated":true}]}}