{"id":12485,"date":"2025-01-04T10:33:42","date_gmt":"2025-01-04T07:33:42","guid":{"rendered":"https:\/\/ceoparts.com\/?post_type=product&#038;p=12485"},"modified":"2026-05-16T19:50:51","modified_gmt":"2026-05-16T16:50:51","slug":"360x130-90-wicke-yuruyus-tekeri-8428189","status":"publish","type":"product","link":"https:\/\/ceoparts.com\/de\/urun\/360x130-90-wicke-yuruyus-tekeri-8428189\/","title":{"rendered":"360&#215;130-90 Wicke Antriebsr\u00e4der &#8211; 8428189"},"content":{"rendered":"<p>360&#215;130-90 Wicke Antriebsr\u00e4der &#8211; 8428189<\/p>\n<p>Still FM-X,<\/p>\n<p>STILL FM-XN,<\/p>\n<p>STILL FS-X33<\/p>","protected":false},"excerpt":{"rendered":"<p data-start=\"0\" data-end=\"247\"><br data-start=\"1015\" data-end=\"1018\" \/>Wicke 360\u00d7130-90 Antriebsrad ist ein langlebiges und hochwertiges Antriebsrad, das in Gabelstaplern verwendet wird. Es sorgt f\u00fcr eine stabile und sichere Bewegung des Gabelstaplers mit hoher Tragf\u00e4higkeit und robuster Bauweise. Hergestellt aus langlebigen Materialien.<\/p>\n<p data-start=\"1288\" data-end=\"1563\"><strong data-start=\"1288\" data-end=\"1306\">Eigenschaften:<\/strong><br data-start=\"1306\" data-end=\"1309\" \/><strong data-start=\"1309\" data-end=\"1325\">Produktname:<\/strong> Wicke 360\u00d7130-90 Antriebsrad<br data-start=\"1354\" data-end=\"1357\" \/><strong data-start=\"1357\" data-end=\"1373\">Teilenummer:<\/strong> 8428189<br data-start=\"1381\" data-end=\"1384\" \/><strong data-start=\"1384\" data-end=\"1397\">Material:<\/strong> Robuster Gummi und Metalllegierung<br data-start=\"1432\" data-end=\"1435\" \/><strong data-start=\"1435\" data-end=\"1454\">Einsatzbereich:<\/strong> Antriebsrad f\u00fcr Gabelstapler<br data-start=\"1483\" data-end=\"1486\" \/><strong data-start=\"1486\" data-end=\"1498\">Vorteil:<\/strong> Hohe Tragf\u00e4higkeit, langlebige Konstruktion, lange Lebensdauer<\/p>\n<p data-start=\"1565\" data-end=\"1821\">\n","protected":false},"featured_media":12487,"template":"","meta":[],"product_brand":[],"product_cat":[241,244,401,404,193],"product_tag":[],"class_list":{"0":"post-12485","1":"product","2":"type-product","3":"status-publish","4":"has-post-thumbnail","6":"product_cat-still","7":"product_cat-yuruyus-tekeri-still","8":"product_cat-wicke","9":"product_cat-yuruyus-tekeri-wicke","10":"product_cat-yuruyus-tekeri","12":"first","13":"instock","14":"taxable","15":"shipping-taxable","16":"purchasable","17":"product-type-simple"},"_links":{"self":[{"href":"https:\/\/ceoparts.com\/de\/wp-json\/wp\/v2\/product\/12485","targetHints":{"allow":["GET"]}}],"collection":[{"href":"https:\/\/ceoparts.com\/de\/wp-json\/wp\/v2\/product"}],"about":[{"href":"https:\/\/ceoparts.com\/de\/wp-json\/wp\/v2\/types\/product"}],"wp:featuredmedia":[{"embeddable":true,"href":"https:\/\/ceoparts.com\/de\/wp-json\/wp\/v2\/media\/12487"}],"wp:attachment":[{"href":"https:\/\/ceoparts.com\/de\/wp-json\/wp\/v2\/media?parent=12485"}],"wp:term":[{"taxonomy":"product_brand","embeddable":true,"href":"https:\/\/ceoparts.com\/de\/wp-json\/wp\/v2\/product_brand?post=12485"},{"taxonomy":"product_cat","embeddable":true,"href":"https:\/\/ceoparts.com\/de\/wp-json\/wp\/v2\/product_cat?post=12485"},{"taxonomy":"product_tag","embeddable":true,"href":"https:\/\/ceoparts.com\/de\/wp-json\/wp\/v2\/product_tag?post=12485"}],"curies":[{"name":"wp","href":"https:\/\/api.w.org\/{rel}","templated":true}]}}