{"id":12539,"date":"2025-01-06T12:56:07","date_gmt":"2025-01-06T09:56:07","guid":{"rendered":"https:\/\/ceoparts.com\/?post_type=product&#038;p=12539"},"modified":"2026-05-16T20:15:46","modified_gmt":"2026-05-16T17:15:46","slug":"rema-320a-aku-soketi-fisi-disi","status":"publish","type":"product","link":"https:\/\/ceoparts.com\/de\/urun\/rema-320a-aku-soketi-fisi-disi\/","title":{"rendered":"Rema 320A Batterie Steckdose \/ Stecker &#8211; Weiblich"},"content":{"rendered":"<p>Rema 320A Batterie Steckdose \/ Stecker &#8211; Weiblich<\/p>","protected":false},"excerpt":{"rendered":"<p data-start=\"0\" data-end=\"306\"><br data-start=\"1312\" data-end=\"1315\" \/>Rema 320A Batteriestecker \/ Buchse Weiblich ist ein hochwertiger und langlebiger weiblicher Steckverbinder f\u00fcr Batterieanschl\u00fcsse in Gabelstaplern und Industriemaschinen. Er sorgt f\u00fcr eine sichere Strom\u00fcbertragung mit hoher Stromtragf\u00e4higkeit. Robuste Bauweise und einfache Montage gew\u00e4hrleisten eine lange Lebensdauer und praktische Nutzung.<\/p>\n<p data-start=\"1659\" data-end=\"2026\"><strong data-start=\"1659\" data-end=\"1677\">Eigenschaften:<\/strong><br data-start=\"1677\" data-end=\"1680\" \/><strong data-start=\"1680\" data-end=\"1696\">Produktname:<\/strong> Rema 320A Batteriestecker \/ Buchse Weiblich<br data-start=\"1740\" data-end=\"1743\" \/><strong data-start=\"1743\" data-end=\"1759\">Teilenummer:<\/strong> &#8211;<br data-start=\"1761\" data-end=\"1764\" \/><strong data-start=\"1764\" data-end=\"1777\">Material:<\/strong> Hochwertiger Kunststoff und kupferleitende Kontakte<br data-start=\"1829\" data-end=\"1832\" \/><strong data-start=\"1832\" data-end=\"1851\">Einsatzbereich:<\/strong> Batterieanschl\u00fcsse von Gabelstaplern, industrielle Energiesysteme<br data-start=\"1917\" data-end=\"1920\" \/><strong data-start=\"1920\" data-end=\"1932\">Vorteil:<\/strong> Hohe Stromtragf\u00e4higkeit, langlebige Konstruktion, einfache Montage, zuverl\u00e4ssige Verbindung<\/p>\n<p data-start=\"2028\" data-end=\"2360\">\n","protected":false},"featured_media":15536,"template":"","meta":[],"product_brand":[],"product_cat":[442,444],"product_tag":[],"class_list":{"0":"post-12539","1":"product","2":"type-product","3":"status-publish","4":"has-post-thumbnail","6":"product_cat-aku-yedek-parcalari","7":"product_cat-aku-fisi","9":"first","10":"instock","11":"taxable","12":"shipping-taxable","13":"purchasable","14":"product-type-simple"},"_links":{"self":[{"href":"https:\/\/ceoparts.com\/de\/wp-json\/wp\/v2\/product\/12539","targetHints":{"allow":["GET"]}}],"collection":[{"href":"https:\/\/ceoparts.com\/de\/wp-json\/wp\/v2\/product"}],"about":[{"href":"https:\/\/ceoparts.com\/de\/wp-json\/wp\/v2\/types\/product"}],"wp:featuredmedia":[{"embeddable":true,"href":"https:\/\/ceoparts.com\/de\/wp-json\/wp\/v2\/media\/15536"}],"wp:attachment":[{"href":"https:\/\/ceoparts.com\/de\/wp-json\/wp\/v2\/media?parent=12539"}],"wp:term":[{"taxonomy":"product_brand","embeddable":true,"href":"https:\/\/ceoparts.com\/de\/wp-json\/wp\/v2\/product_brand?post=12539"},{"taxonomy":"product_cat","embeddable":true,"href":"https:\/\/ceoparts.com\/de\/wp-json\/wp\/v2\/product_cat?post=12539"},{"taxonomy":"product_tag","embeddable":true,"href":"https:\/\/ceoparts.com\/de\/wp-json\/wp\/v2\/product_tag?post=12539"}],"curies":[{"name":"wp","href":"https:\/\/api.w.org\/{rel}","templated":true}]}}