{"id":12581,"date":"2025-01-06T14:53:14","date_gmt":"2025-01-06T11:53:14","guid":{"rendered":"https:\/\/ceoparts.com\/?post_type=product&#038;p=12581"},"modified":"2026-05-16T15:26:24","modified_gmt":"2026-05-16T12:26:24","slug":"nh00-7063-63a-bicakli-sigorta-busonu","status":"publish","type":"product","link":"https:\/\/ceoparts.com\/de\/urun\/nh00-7063-63a-bicakli-sigorta-busonu\/","title":{"rendered":"NH00 -7063 63A &#8211; Messersicherung"},"content":{"rendered":"<p>NH00 -7063 63A &#8211; Messersicherung<\/p>","protected":false},"excerpt":{"rendered":"<p data-start=\"0\" data-end=\"331\"><br data-start=\"1408\" data-end=\"1411\" \/>NH00 \u2013 7063 63A Flachsicherungskartusche ist ein zuverl\u00e4ssiges Hochstrom-Schutzbauteil f\u00fcr Gabelstapler und Industriemaschinen. Sie unterbricht den Stromkreis schnell bei Kurzschluss und \u00dcberstrom, sch\u00fctzt so Ger\u00e4te und Kabel. Das Flachklingen-Design erm\u00f6glicht einfache Montage und schnellen Austausch, bietet langlebige Nutzung.<\/p>\n<p data-start=\"1743\" data-end=\"2128\"><strong data-start=\"1743\" data-end=\"1761\">Eigenschaften:<\/strong><br data-start=\"1761\" data-end=\"1764\" \/><strong data-start=\"1764\" data-end=\"1780\">Produktname:<\/strong> NH00 \u2013 7063 63A Flachsicherungskartusche<br data-start=\"1821\" data-end=\"1824\" \/><strong data-start=\"1824\" data-end=\"1840\">Teilenummer:<\/strong> &#8211;<br data-start=\"1842\" data-end=\"1845\" \/><strong data-start=\"1845\" data-end=\"1858\">Material:<\/strong> Metallflachklingen und langlebiges Kunststoffgeh\u00e4use<br data-start=\"1911\" data-end=\"1914\" \/><strong data-start=\"1914\" data-end=\"1933\">Einsatzbereich:<\/strong> Elektrische Kreise von Gabelstaplern, industrielle Stromsysteme, Hochstromleitungen<br data-start=\"2017\" data-end=\"2020\" \/><strong data-start=\"2020\" data-end=\"2032\">Vorteil:<\/strong> Schnelle Stromunterbrechung, Hochstromschutz, einfache Montage und Austausch, robustes Design<\/p>\n<p data-start=\"2130\" data-end=\"2456\">\n","protected":false},"featured_media":12586,"template":"","meta":[],"product_brand":[],"product_cat":[442,443],"product_tag":[],"class_list":{"0":"post-12581","1":"product","2":"type-product","3":"status-publish","4":"has-post-thumbnail","6":"product_cat-aku-yedek-parcalari","7":"product_cat-aku-parcalari","9":"first","10":"instock","11":"taxable","12":"shipping-taxable","13":"purchasable","14":"product-type-simple"},"_links":{"self":[{"href":"https:\/\/ceoparts.com\/de\/wp-json\/wp\/v2\/product\/12581","targetHints":{"allow":["GET"]}}],"collection":[{"href":"https:\/\/ceoparts.com\/de\/wp-json\/wp\/v2\/product"}],"about":[{"href":"https:\/\/ceoparts.com\/de\/wp-json\/wp\/v2\/types\/product"}],"wp:featuredmedia":[{"embeddable":true,"href":"https:\/\/ceoparts.com\/de\/wp-json\/wp\/v2\/media\/12586"}],"wp:attachment":[{"href":"https:\/\/ceoparts.com\/de\/wp-json\/wp\/v2\/media?parent=12581"}],"wp:term":[{"taxonomy":"product_brand","embeddable":true,"href":"https:\/\/ceoparts.com\/de\/wp-json\/wp\/v2\/product_brand?post=12581"},{"taxonomy":"product_cat","embeddable":true,"href":"https:\/\/ceoparts.com\/de\/wp-json\/wp\/v2\/product_cat?post=12581"},{"taxonomy":"product_tag","embeddable":true,"href":"https:\/\/ceoparts.com\/de\/wp-json\/wp\/v2\/product_tag?post=12581"}],"curies":[{"name":"wp","href":"https:\/\/api.w.org\/{rel}","templated":true}]}}