{"id":12587,"date":"2025-01-06T14:56:32","date_gmt":"2025-01-06T11:56:32","guid":{"rendered":"https:\/\/ceoparts.com\/?post_type=product&#038;p=12587"},"modified":"2026-05-16T15:28:42","modified_gmt":"2026-05-16T12:28:42","slug":"nh00-7080-80a-bicakli-sigorta-busonu","status":"publish","type":"product","link":"https:\/\/ceoparts.com\/de\/urun\/nh00-7080-80a-bicakli-sigorta-busonu\/","title":{"rendered":"NH00 &#8211; 7080 80A &#8211; Messersicherung"},"content":{"rendered":"<p>NH00 &#8211; 7080 80A &#8211; Messersicherung<\/p>","protected":false},"excerpt":{"rendered":"<p data-start=\"0\" data-end=\"378\"><br data-start=\"1466\" data-end=\"1469\" \/>NH00 \u2013 7080 80A Flachsicherungskartusche ist ein zuverl\u00e4ssiges Hochstrom-Schutzbauteil f\u00fcr Gabelstapler und Industriemaschinen. Sie unterbricht den Stromkreis schnell bei Kurzschluss und \u00dcberstrom, sch\u00fctzt so Ger\u00e4te und Kabel. Das Flachklingen-Design erm\u00f6glicht einfache Montage und Austausch, bietet langlebige und robuste Nutzung.<\/p>\n<p data-start=\"1803\" data-end=\"2188\"><strong data-start=\"1803\" data-end=\"1821\">Eigenschaften:<\/strong><br data-start=\"1821\" data-end=\"1824\" \/><strong data-start=\"1824\" data-end=\"1840\">Produktname:<\/strong> NH00 \u2013 7080 80A Flachsicherungskartusche<br data-start=\"1881\" data-end=\"1884\" \/><strong data-start=\"1884\" data-end=\"1900\">Teilenummer:<\/strong> &#8211;<br data-start=\"1902\" data-end=\"1905\" \/><strong data-start=\"1905\" data-end=\"1918\">Material:<\/strong> Metallflachklingen und langlebiges Kunststoffgeh\u00e4use<br data-start=\"1971\" data-end=\"1974\" \/><strong data-start=\"1974\" data-end=\"1993\">Einsatzbereich:<\/strong> Elektrische Kreise von Gabelstaplern, industrielle Stromsysteme, Hochstromleitungen<br data-start=\"2077\" data-end=\"2080\" \/><strong data-start=\"2080\" data-end=\"2092\">Vorteil:<\/strong> Schnelle Stromunterbrechung, Hochstromschutz, einfache Montage und Austausch, robustes Design<\/p>\n<p data-start=\"2190\" data-end=\"2522\">\n","protected":false},"featured_media":12590,"template":"","meta":[],"product_brand":[],"product_cat":[442,443],"product_tag":[],"class_list":{"0":"post-12587","1":"product","2":"type-product","3":"status-publish","4":"has-post-thumbnail","6":"product_cat-aku-yedek-parcalari","7":"product_cat-aku-parcalari","9":"first","10":"instock","11":"taxable","12":"shipping-taxable","13":"purchasable","14":"product-type-simple"},"_links":{"self":[{"href":"https:\/\/ceoparts.com\/de\/wp-json\/wp\/v2\/product\/12587","targetHints":{"allow":["GET"]}}],"collection":[{"href":"https:\/\/ceoparts.com\/de\/wp-json\/wp\/v2\/product"}],"about":[{"href":"https:\/\/ceoparts.com\/de\/wp-json\/wp\/v2\/types\/product"}],"wp:featuredmedia":[{"embeddable":true,"href":"https:\/\/ceoparts.com\/de\/wp-json\/wp\/v2\/media\/12590"}],"wp:attachment":[{"href":"https:\/\/ceoparts.com\/de\/wp-json\/wp\/v2\/media?parent=12587"}],"wp:term":[{"taxonomy":"product_brand","embeddable":true,"href":"https:\/\/ceoparts.com\/de\/wp-json\/wp\/v2\/product_brand?post=12587"},{"taxonomy":"product_cat","embeddable":true,"href":"https:\/\/ceoparts.com\/de\/wp-json\/wp\/v2\/product_cat?post=12587"},{"taxonomy":"product_tag","embeddable":true,"href":"https:\/\/ceoparts.com\/de\/wp-json\/wp\/v2\/product_tag?post=12587"}],"curies":[{"name":"wp","href":"https:\/\/api.w.org\/{rel}","templated":true}]}}