{"id":12592,"date":"2025-01-06T15:12:08","date_gmt":"2025-01-06T12:12:08","guid":{"rendered":"https:\/\/ceoparts.com\/?post_type=product&#038;p=12592"},"modified":"2026-05-16T15:26:12","modified_gmt":"2026-05-16T12:26:12","slug":"100a-forklift-sigortasi","status":"publish","type":"product","link":"https:\/\/ceoparts.com\/de\/urun\/100a-forklift-sigortasi\/","title":{"rendered":"100 A ANL Sicherung"},"content":{"rendered":"<p>100 A ANL Sicherung<\/p>","protected":false},"excerpt":{"rendered":"<p data-start=\"0\" data-end=\"385\"><br data-start=\"1503\" data-end=\"1506\" \/>100 ANL Sicherung bietet sicheren und langlebigen Schutz f\u00fcr Niedrig- bis Mittelstromkreise in Gabelstaplern und elektrischen Industriemaschinen. Sie unterbricht den Stromkreis schnell bei Kurzschluss- und \u00dcberstromsituationen in Batterie- und Elektriksystemen und verhindert so Ger\u00e4tesch\u00e4den. Die kompakte Bauweise erm\u00f6glicht eine einfache Montage und einen schnellen Austausch.<\/p>\n<p data-start=\"1887\" data-end=\"2255\"><strong data-start=\"1887\" data-end=\"1905\">Eigenschaften:<\/strong><br data-start=\"1905\" data-end=\"1908\" \/><strong data-start=\"1908\" data-end=\"1924\">Produktname:<\/strong> 100 ANL Sicherung<br data-start=\"1942\" data-end=\"1945\" \/><strong data-start=\"1945\" data-end=\"1961\">Teilenummer:<\/strong> &#8211;<br data-start=\"1963\" data-end=\"1966\" \/><strong data-start=\"1966\" data-end=\"1979\">Material:<\/strong> Vernickelte Metallanschl\u00fcsse, hitzebest\u00e4ndiges Kunststoffgeh\u00e4use<br data-start=\"2044\" data-end=\"2047\" \/><strong data-start=\"2047\" data-end=\"2066\">Einsatzbereich:<\/strong> Gabelstapler-Batteriekreise, elektrische Hubwagen, DC-Energiesysteme<br data-start=\"2135\" data-end=\"2138\" \/><strong data-start=\"2138\" data-end=\"2150\">Vorteil:<\/strong> Sichere Stromunterbrechung, Kurzschlussschutz, einfache Montage und Austausch, langlebige Konstruktion<\/p>\n<p data-start=\"2257\" data-end=\"2586\">\n","protected":false},"featured_media":12594,"template":"","meta":[],"product_brand":[],"product_cat":[443,442],"product_tag":[],"class_list":{"0":"post-12592","1":"product","2":"type-product","3":"status-publish","4":"has-post-thumbnail","6":"product_cat-aku-parcalari","7":"product_cat-aku-yedek-parcalari","9":"first","10":"instock","11":"taxable","12":"shipping-taxable","13":"purchasable","14":"product-type-simple"},"_links":{"self":[{"href":"https:\/\/ceoparts.com\/de\/wp-json\/wp\/v2\/product\/12592","targetHints":{"allow":["GET"]}}],"collection":[{"href":"https:\/\/ceoparts.com\/de\/wp-json\/wp\/v2\/product"}],"about":[{"href":"https:\/\/ceoparts.com\/de\/wp-json\/wp\/v2\/types\/product"}],"wp:featuredmedia":[{"embeddable":true,"href":"https:\/\/ceoparts.com\/de\/wp-json\/wp\/v2\/media\/12594"}],"wp:attachment":[{"href":"https:\/\/ceoparts.com\/de\/wp-json\/wp\/v2\/media?parent=12592"}],"wp:term":[{"taxonomy":"product_brand","embeddable":true,"href":"https:\/\/ceoparts.com\/de\/wp-json\/wp\/v2\/product_brand?post=12592"},{"taxonomy":"product_cat","embeddable":true,"href":"https:\/\/ceoparts.com\/de\/wp-json\/wp\/v2\/product_cat?post=12592"},{"taxonomy":"product_tag","embeddable":true,"href":"https:\/\/ceoparts.com\/de\/wp-json\/wp\/v2\/product_tag?post=12592"}],"curies":[{"name":"wp","href":"https:\/\/api.w.org\/{rel}","templated":true}]}}