{"id":12596,"date":"2025-01-06T15:41:18","date_gmt":"2025-01-06T12:41:18","guid":{"rendered":"https:\/\/ceoparts.com\/?post_type=product&#038;p=12596"},"modified":"2026-05-16T23:30:35","modified_gmt":"2026-05-16T20:30:35","slug":"125a-forklift-sigortasi","status":"publish","type":"product","link":"https:\/\/ceoparts.com\/de\/urun\/125a-forklift-sigortasi\/","title":{"rendered":"125 A ANL Sicherung"},"content":{"rendered":"<p>125 A ANL Sicherung<\/p>","protected":false},"excerpt":{"rendered":"<p data-start=\"0\" data-end=\"390\"><br data-start=\"1544\" data-end=\"1547\" \/>125 ANL Sicherung ist ein robuster Hochstrom-Schutz f\u00fcr Gabelstapler und elektrische Industriemaschinen. Sie trennt den Stromkreis bei Kurzschluss oder \u00dcberstrom in Batterie- und Hochstromsystemen und sch\u00fctzt so vor Ger\u00e4tesch\u00e4den. Dank ihrer stabilen Bauweise und einfachen Austauschbarkeit ist sie ideal f\u00fcr den sicheren, langfristigen Einsatz.<\/p>\n<p data-start=\"1894\" data-end=\"2280\"><strong data-start=\"1894\" data-end=\"1912\">Eigenschaften:<\/strong><br data-start=\"1912\" data-end=\"1915\" \/><strong data-start=\"1915\" data-end=\"1931\">Produktname:<\/strong> 125 ANL Sicherung<br data-start=\"1949\" data-end=\"1952\" \/><strong data-start=\"1952\" data-end=\"1968\">Teilenummer:<\/strong> &#8211;<br data-start=\"1970\" data-end=\"1973\" \/><strong data-start=\"1973\" data-end=\"1986\">Material:<\/strong> Vernickelte Metallanschl\u00fcsse, hitzebest\u00e4ndiges Kunststoffgeh\u00e4use<br data-start=\"2051\" data-end=\"2054\" \/><strong data-start=\"2054\" data-end=\"2073\">Einsatzbereich:<\/strong> Gabelstapler-Batteriesysteme, elektrische Hubwagen, industrielle DC-Stromkreise<br data-start=\"2153\" data-end=\"2156\" \/><strong data-start=\"2156\" data-end=\"2168\">Vorteil:<\/strong> Hochstromschutz, sichere Kurzschlusssicherung, einfache Montage und Austausch, stabile, langlebige Ausf\u00fchrung<\/p>\n<p data-start=\"2282\" data-end=\"2638\">\n","protected":false},"featured_media":12597,"template":"","meta":[],"product_brand":[],"product_cat":[442,443],"product_tag":[],"class_list":{"0":"post-12596","1":"product","2":"type-product","3":"status-publish","4":"has-post-thumbnail","6":"product_cat-aku-yedek-parcalari","7":"product_cat-aku-parcalari","9":"first","10":"instock","11":"taxable","12":"shipping-taxable","13":"purchasable","14":"product-type-simple"},"_links":{"self":[{"href":"https:\/\/ceoparts.com\/de\/wp-json\/wp\/v2\/product\/12596","targetHints":{"allow":["GET"]}}],"collection":[{"href":"https:\/\/ceoparts.com\/de\/wp-json\/wp\/v2\/product"}],"about":[{"href":"https:\/\/ceoparts.com\/de\/wp-json\/wp\/v2\/types\/product"}],"wp:featuredmedia":[{"embeddable":true,"href":"https:\/\/ceoparts.com\/de\/wp-json\/wp\/v2\/media\/12597"}],"wp:attachment":[{"href":"https:\/\/ceoparts.com\/de\/wp-json\/wp\/v2\/media?parent=12596"}],"wp:term":[{"taxonomy":"product_brand","embeddable":true,"href":"https:\/\/ceoparts.com\/de\/wp-json\/wp\/v2\/product_brand?post=12596"},{"taxonomy":"product_cat","embeddable":true,"href":"https:\/\/ceoparts.com\/de\/wp-json\/wp\/v2\/product_cat?post=12596"},{"taxonomy":"product_tag","embeddable":true,"href":"https:\/\/ceoparts.com\/de\/wp-json\/wp\/v2\/product_tag?post=12596"}],"curies":[{"name":"wp","href":"https:\/\/api.w.org\/{rel}","templated":true}]}}