{"id":12604,"date":"2025-01-06T15:47:12","date_gmt":"2025-01-06T12:47:12","guid":{"rendered":"https:\/\/ceoparts.com\/?post_type=product&#038;p=12604"},"modified":"2026-05-16T16:42:21","modified_gmt":"2026-05-16T13:42:21","slug":"200a-forklift-sigortasi","status":"publish","type":"product","link":"https:\/\/ceoparts.com\/de\/urun\/200a-forklift-sigortasi\/","title":{"rendered":"200 A ANL Sicherung"},"content":{"rendered":"<p>200 A ANL Sicherung<\/p>","protected":false},"excerpt":{"rendered":"<p data-start=\"91\" data-end=\"508\"><br data-start=\"1626\" data-end=\"1629\" \/>200 ANL Sicherung ist eine Hochstrom-Sicherung f\u00fcr Gabelstapler und elektrische Industriemaschinen. Sie sch\u00fctzt Batterie- und Hochstromkreise, indem sie bei Kurzschluss oder \u00dcberlastung den Stromkreis unterbricht und so Kabel und Komponenten vor Sch\u00e4den bewahrt. Einfach austauschbar und f\u00fcr den dauerhaften, sicheren Einsatz im Industriebereich geeignet.<\/p>\n<p data-start=\"1986\" data-end=\"2351\"><strong data-start=\"1986\" data-end=\"2004\">Eigenschaften:<\/strong><br data-start=\"2004\" data-end=\"2007\" \/><strong data-start=\"2007\" data-end=\"2023\">Produktname:<\/strong> 200 ANL Sicherung<br data-start=\"2041\" data-end=\"2044\" \/><strong data-start=\"2044\" data-end=\"2060\">Teilenummer:<\/strong> &#8211;<br data-start=\"2062\" data-end=\"2065\" \/><strong data-start=\"2065\" data-end=\"2078\">Material:<\/strong> Metallanschl\u00fcsse und hitzebest\u00e4ndiges Verbund-Sicherungselement<br data-start=\"2142\" data-end=\"2145\" \/><strong data-start=\"2145\" data-end=\"2164\">Einsatzbereich:<\/strong> Gabelstapler, elektrische Fahrzeuge, Industriemaschinen, DC-Energiesysteme<br data-start=\"2239\" data-end=\"2242\" \/><strong data-start=\"2242\" data-end=\"2254\">Vorteil:<\/strong> Hochstromschutz, Sicherheit bei Kurzschluss, einfache Montage und Austausch, lange Lebensdauer<\/p>\n<p data-start=\"2353\" data-end=\"2747\">\n","protected":false},"featured_media":12605,"template":"","meta":[],"product_brand":[],"product_cat":[442,443],"product_tag":[],"class_list":{"0":"post-12604","1":"product","2":"type-product","3":"status-publish","4":"has-post-thumbnail","6":"product_cat-aku-yedek-parcalari","7":"product_cat-aku-parcalari","9":"first","10":"instock","11":"taxable","12":"shipping-taxable","13":"purchasable","14":"product-type-simple"},"_links":{"self":[{"href":"https:\/\/ceoparts.com\/de\/wp-json\/wp\/v2\/product\/12604","targetHints":{"allow":["GET"]}}],"collection":[{"href":"https:\/\/ceoparts.com\/de\/wp-json\/wp\/v2\/product"}],"about":[{"href":"https:\/\/ceoparts.com\/de\/wp-json\/wp\/v2\/types\/product"}],"wp:featuredmedia":[{"embeddable":true,"href":"https:\/\/ceoparts.com\/de\/wp-json\/wp\/v2\/media\/12605"}],"wp:attachment":[{"href":"https:\/\/ceoparts.com\/de\/wp-json\/wp\/v2\/media?parent=12604"}],"wp:term":[{"taxonomy":"product_brand","embeddable":true,"href":"https:\/\/ceoparts.com\/de\/wp-json\/wp\/v2\/product_brand?post=12604"},{"taxonomy":"product_cat","embeddable":true,"href":"https:\/\/ceoparts.com\/de\/wp-json\/wp\/v2\/product_cat?post=12604"},{"taxonomy":"product_tag","embeddable":true,"href":"https:\/\/ceoparts.com\/de\/wp-json\/wp\/v2\/product_tag?post=12604"}],"curies":[{"name":"wp","href":"https:\/\/api.w.org\/{rel}","templated":true}]}}