{"id":12608,"date":"2025-01-06T16:05:26","date_gmt":"2025-01-06T13:05:26","guid":{"rendered":"https:\/\/ceoparts.com\/?post_type=product&#038;p=12608"},"modified":"2026-05-16T14:33:29","modified_gmt":"2026-05-16T11:33:29","slug":"forklift-dc-dc-konverter-voltaj-dusurucu-80v-24v-15a","status":"publish","type":"product","link":"https:\/\/ceoparts.com\/de\/urun\/forklift-dc-dc-konverter-voltaj-dusurucu-80v-24v-15a\/","title":{"rendered":"Gabelstapler DC-DC Wandler Spannungsreduzierer 80V auf 24V 15A"},"content":{"rendered":"<p>Gabelstapler DC-DC Wandler Spannungsreduzierer 80V auf 24V 15A<\/p>","protected":false},"excerpt":{"rendered":"<p data-start=\"106\" data-end=\"571\"><br data-start=\"1831\" data-end=\"1834\" \/>Gabelstapler DC-DC Konverter Spannungswandler 48V-24V 30A sorgt f\u00fcr eine stabile und sichere Spannungsumwandlung f\u00fcr elektronische Systeme in Gabelstaplern und Industriemaschinen. Wandelt 48V Batterieleistung auf 24V f\u00fcr Beleuchtung, Signallichter, Hupen und andere Niederspannungsger\u00e4te. Mit Schutz gegen \u00dcberstrom, Kurzschluss und \u00dcberhitzung ausgestattet. Dank kompakter, robuster Bauweise f\u00fcr den langfristigen Einsatz unter harten Bedingungen geeignet.<\/p>\n<p data-start=\"2293\" data-end=\"2726\"><strong data-start=\"2293\" data-end=\"2311\">Eigenschaften:<\/strong><br data-start=\"2311\" data-end=\"2314\" \/><strong data-start=\"2314\" data-end=\"2330\">Produktname:<\/strong> Gabelstapler DC-DC Konverter Spannungswandler 48V-24V 30A<br data-start=\"2388\" data-end=\"2391\" \/><strong data-start=\"2391\" data-end=\"2407\">Teilenummer:<\/strong> &#8211;<br data-start=\"2409\" data-end=\"2412\" \/><strong data-start=\"2412\" data-end=\"2425\">Material:<\/strong> Schlag- und hitzebest\u00e4ndiges Kunststoffgeh\u00e4use und hochwertige elektronische Bauteile<br data-start=\"2511\" data-end=\"2514\" \/><strong data-start=\"2514\" data-end=\"2533\">Einsatzbereich:<\/strong> Gabelstapler, elektrische Hubwagen, Industriemaschinen<br data-start=\"2588\" data-end=\"2591\" \/><strong data-start=\"2591\" data-end=\"2603\">Vorteil:<\/strong> Stabile und sichere Spannungsversorgung, hohe Strombelastbarkeit, Schutz vor Kurzschluss und \u00dcberlast, lange Lebensdauer<\/p>\n<p data-start=\"2728\" data-end=\"3203\">\n","protected":false},"featured_media":12618,"template":"","meta":[],"product_brand":[],"product_cat":[448,442],"product_tag":[],"class_list":{"0":"post-12608","1":"product","2":"type-product","3":"status-publish","4":"has-post-thumbnail","6":"product_cat-guc-kaynaklari","7":"product_cat-aku-yedek-parcalari","9":"first","10":"instock","11":"taxable","12":"shipping-taxable","13":"purchasable","14":"product-type-simple"},"_links":{"self":[{"href":"https:\/\/ceoparts.com\/de\/wp-json\/wp\/v2\/product\/12608","targetHints":{"allow":["GET"]}}],"collection":[{"href":"https:\/\/ceoparts.com\/de\/wp-json\/wp\/v2\/product"}],"about":[{"href":"https:\/\/ceoparts.com\/de\/wp-json\/wp\/v2\/types\/product"}],"wp:featuredmedia":[{"embeddable":true,"href":"https:\/\/ceoparts.com\/de\/wp-json\/wp\/v2\/media\/12618"}],"wp:attachment":[{"href":"https:\/\/ceoparts.com\/de\/wp-json\/wp\/v2\/media?parent=12608"}],"wp:term":[{"taxonomy":"product_brand","embeddable":true,"href":"https:\/\/ceoparts.com\/de\/wp-json\/wp\/v2\/product_brand?post=12608"},{"taxonomy":"product_cat","embeddable":true,"href":"https:\/\/ceoparts.com\/de\/wp-json\/wp\/v2\/product_cat?post=12608"},{"taxonomy":"product_tag","embeddable":true,"href":"https:\/\/ceoparts.com\/de\/wp-json\/wp\/v2\/product_tag?post=12608"}],"curies":[{"name":"wp","href":"https:\/\/api.w.org\/{rel}","templated":true}]}}