{"id":12674,"date":"2025-01-07T16:29:35","date_gmt":"2025-01-07T13:29:35","guid":{"rendered":"https:\/\/ceoparts.com\/?post_type=product&#038;p=12674"},"modified":"2026-05-16T13:15:48","modified_gmt":"2026-05-16T10:15:48","slug":"anderson-power-sb175-600v-aku-soketi-gri","status":"publish","type":"product","link":"https:\/\/ceoparts.com\/de\/urun\/anderson-power-sb175-600v-aku-soketi-gri\/","title":{"rendered":"Anderson Power SB175 &#8211; 600V Batterieanschluss Grau"},"content":{"rendered":"<p>Anderson Power SB175 &#8211; 600V Batterieanschluss Grau<\/p>","protected":false},"excerpt":{"rendered":"<p data-start=\"0\" data-end=\"208\"><br data-start=\"1036\" data-end=\"1039\" \/>Anderson Power SB175 \u2013 600V Batteriekonnektor Grau ist ein zuverl\u00e4ssiger und langlebiger Batteriekonnektor mit hoher Stromtragf\u00e4higkeit. H\u00e4ufig in Industrie- und Elektrofahrzeuganwendungen eingesetzt.<\/p>\n<p data-start=\"1241\" data-end=\"1566\"><strong data-start=\"1241\" data-end=\"1259\">Eigenschaften:<\/strong><br data-start=\"1259\" data-end=\"1262\" \/><strong data-start=\"1262\" data-end=\"1278\">Produktname:<\/strong> Anderson Power SB175 \u2013 600V Batteriekonnektor Grau<br data-start=\"1329\" data-end=\"1332\" \/><strong data-start=\"1332\" data-end=\"1348\">Teilenummer:<\/strong> SB175<br data-start=\"1354\" data-end=\"1357\" \/><strong data-start=\"1357\" data-end=\"1370\">Material:<\/strong> Chemisch best\u00e4ndiges PBT\/PC-Gemisch<br data-start=\"1406\" data-end=\"1409\" \/><strong data-start=\"1409\" data-end=\"1428\">Einsatzbereich:<\/strong> Elektrische Gabelstapler, Maschinen, Energiespeichersysteme<br data-start=\"1488\" data-end=\"1491\" \/><strong data-start=\"1491\" data-end=\"1503\">Vorteil:<\/strong> Hohe Stromkapazit\u00e4t, robuste Bauweise, einfache Installation<\/p>\n<p data-start=\"1568\" data-end=\"1759\">\n","protected":false},"featured_media":12688,"template":"","meta":[],"product_brand":[],"product_cat":[251,442,444,518],"product_tag":[],"class_list":{"0":"post-12674","1":"product","2":"type-product","3":"status-publish","4":"has-post-thumbnail","6":"product_cat-bt","7":"product_cat-aku-yedek-parcalari","8":"product_cat-aku-fisi","9":"product_cat-yedek-parca-bt","11":"first","12":"instock","13":"taxable","14":"shipping-taxable","15":"purchasable","16":"product-type-simple"},"_links":{"self":[{"href":"https:\/\/ceoparts.com\/de\/wp-json\/wp\/v2\/product\/12674","targetHints":{"allow":["GET"]}}],"collection":[{"href":"https:\/\/ceoparts.com\/de\/wp-json\/wp\/v2\/product"}],"about":[{"href":"https:\/\/ceoparts.com\/de\/wp-json\/wp\/v2\/types\/product"}],"wp:featuredmedia":[{"embeddable":true,"href":"https:\/\/ceoparts.com\/de\/wp-json\/wp\/v2\/media\/12688"}],"wp:attachment":[{"href":"https:\/\/ceoparts.com\/de\/wp-json\/wp\/v2\/media?parent=12674"}],"wp:term":[{"taxonomy":"product_brand","embeddable":true,"href":"https:\/\/ceoparts.com\/de\/wp-json\/wp\/v2\/product_brand?post=12674"},{"taxonomy":"product_cat","embeddable":true,"href":"https:\/\/ceoparts.com\/de\/wp-json\/wp\/v2\/product_cat?post=12674"},{"taxonomy":"product_tag","embeddable":true,"href":"https:\/\/ceoparts.com\/de\/wp-json\/wp\/v2\/product_tag?post=12674"}],"curies":[{"name":"wp","href":"https:\/\/api.w.org\/{rel}","templated":true}]}}