{"id":12701,"date":"2025-01-08T10:01:11","date_gmt":"2025-01-08T07:01:11","guid":{"rendered":"https:\/\/ceoparts.com\/?post_type=product&#038;p=12701"},"modified":"2026-05-16T12:10:49","modified_gmt":"2026-05-16T09:10:49","slug":"anderson-power-sb50a-600v-aku-soketi-fisi-kirmizi","status":"publish","type":"product","link":"https:\/\/ceoparts.com\/de\/urun\/anderson-power-sb50a-600v-aku-soketi-fisi-kirmizi\/","title":{"rendered":"Anderson Power SB50A  600V Batterie Steckdose \/ Stecker Rot"},"content":{"rendered":"<p>Anderson Power SB50A  600V Batterie Steckdose \/ Stecker Rot<\/p>\n<p>Anderson Power SB50A  600V Batterie Steckdose \/ Stecker Rot<\/p>\n<p><\/p>","protected":false},"excerpt":{"rendered":"<p data-start=\"1076\" data-end=\"1351\">Der Anderson Power SB50A 600V Akkustecker bietet eine hohe Strombelastbarkeit und ist speziell f\u00fcr Gabelstapler- und Industrieakkus konzipiert. Seine robuste Bauweise und hochwertige Materialien sorgen f\u00fcr eine lange Lebensdauer. Farbkennzeichnung verhindert Anschlussfehler.<\/p>\n<p data-start=\"1353\" data-end=\"1537\"><strong data-start=\"1353\" data-end=\"1371\">Eigenschaften:<\/strong><br data-start=\"1371\" data-end=\"1374\" \/>Modell: SB50A<br data-start=\"1387\" data-end=\"1390\" \/>Spannung: 600V<br data-start=\"1404\" data-end=\"1407\" \/>Farbe: Rot<br data-start=\"1417\" data-end=\"1420\" \/>Verwendung: Gabelstapler, industrielle Akkuverbindungen<br data-start=\"1475\" data-end=\"1478\" \/>Haltbarkeit: Hohe Best\u00e4ndigkeit gegen St\u00f6\u00dfe und Abnutzung<\/p>\n","protected":false},"featured_media":12707,"template":"","meta":[],"product_brand":[],"product_cat":[442,444],"product_tag":[],"class_list":{"0":"post-12701","1":"product","2":"type-product","3":"status-publish","4":"has-post-thumbnail","6":"product_cat-aku-yedek-parcalari","7":"product_cat-aku-fisi","9":"first","10":"instock","11":"taxable","12":"shipping-taxable","13":"purchasable","14":"product-type-simple"},"_links":{"self":[{"href":"https:\/\/ceoparts.com\/de\/wp-json\/wp\/v2\/product\/12701","targetHints":{"allow":["GET"]}}],"collection":[{"href":"https:\/\/ceoparts.com\/de\/wp-json\/wp\/v2\/product"}],"about":[{"href":"https:\/\/ceoparts.com\/de\/wp-json\/wp\/v2\/types\/product"}],"wp:featuredmedia":[{"embeddable":true,"href":"https:\/\/ceoparts.com\/de\/wp-json\/wp\/v2\/media\/12707"}],"wp:attachment":[{"href":"https:\/\/ceoparts.com\/de\/wp-json\/wp\/v2\/media?parent=12701"}],"wp:term":[{"taxonomy":"product_brand","embeddable":true,"href":"https:\/\/ceoparts.com\/de\/wp-json\/wp\/v2\/product_brand?post=12701"},{"taxonomy":"product_cat","embeddable":true,"href":"https:\/\/ceoparts.com\/de\/wp-json\/wp\/v2\/product_cat?post=12701"},{"taxonomy":"product_tag","embeddable":true,"href":"https:\/\/ceoparts.com\/de\/wp-json\/wp\/v2\/product_tag?post=12701"}],"curies":[{"name":"wp","href":"https:\/\/api.w.org\/{rel}","templated":true}]}}