{"id":12817,"date":"2025-01-09T13:50:35","date_gmt":"2025-01-09T10:50:35","guid":{"rendered":"https:\/\/ceoparts.com\/?post_type=product&#038;p=12817"},"modified":"2026-05-16T16:18:43","modified_gmt":"2026-05-16T13:18:43","slug":"forklift-dikiz-ayna-587202332071","status":"publish","type":"product","link":"https:\/\/ceoparts.com\/de\/urun\/forklift-dikiz-ayna-587202332071\/","title":{"rendered":"Gabelstapler R\u00fcckspiegel &#8211; 205&#215;115 mm &#8211; 587202332071"},"content":{"rendered":"<p>Gabelstapler R\u00fcckspiegel &#8211; 205&#215;115 mm &#8211; 587202332071<\/p>","protected":false},"excerpt":{"rendered":"<article class=\"text-token-text-primary w-full\" dir=\"auto\" data-testid=\"conversation-turn-147\" data-scroll-anchor=\"true\">\n<div class=\"text-base my-auto mx-auto py-5 [--thread-content-margin:--spacing(4)] @[37rem]:[--thread-content-margin:--spacing(6)] @[72rem]:[--thread-content-margin:--spacing(16)] px-(--thread-content-margin)\">\n<div class=\"[--thread-content-max-width:32rem] @[34rem]:[--thread-content-max-width:40rem] @[64rem]:[--thread-content-max-width:48rem] mx-auto flex max-w-(--thread-content-max-width) flex-1 text-base gap-4 md:gap-5 lg:gap-6 group\/turn-messages focus-visible:outline-hidden\" tabindex=\"-1\">\n<div class=\"group\/conversation-turn relative flex w-full min-w-0 flex-col agent-turn\">\n<div class=\"relative flex-col gap-1 md:gap-3\">\n<div class=\"flex max-w-full flex-col grow\">\n<div class=\"min-h-8 text-message relative flex w-full flex-col items-end gap-2 text-start break-words whitespace-normal [.text-message+&amp;]:mt-5\" dir=\"auto\" data-message-author-role=\"assistant\" data-message-id=\"5a8cc671-307f-413c-a9a2-681eacd9c4b3\" data-message-model-slug=\"gpt-4-1-mini\">\n<div class=\"flex w-full flex-col gap-1 empty:hidden first:pt-[3px]\">\n<div class=\"markdown prose dark:prose-invert w-full break-words light\">\n<p data-start=\"0\" data-end=\"178\"><br data-start=\"890\" data-end=\"893\" \/>Gabelstapler R\u00fcckspiegel ist ein langlebiger R\u00fcckspiegel mit den Ma\u00dfen 205\u00d7115 mm, der in Gabelstaplern und Maschinen verwendet wird. Er verbessert die R\u00fccksicht des Bedieners f\u00fcr mehr Sicherheit.<\/p>\n<p data-start=\"1091\" data-end=\"1373\"><strong data-start=\"1091\" data-end=\"1109\">Eigenschaften:<\/strong><br data-start=\"1109\" data-end=\"1112\" \/><strong data-start=\"1112\" data-end=\"1128\">Produktname:<\/strong> Gabelstapler R\u00fcckspiegel<br data-start=\"1153\" data-end=\"1156\" \/><strong data-start=\"1156\" data-end=\"1172\">Teilenummer:<\/strong> 587202332071<br data-start=\"1185\" data-end=\"1188\" \/><strong data-start=\"1188\" data-end=\"1201\">Material:<\/strong> Robustes Glas und Kunststoffrahmen<br data-start=\"1236\" data-end=\"1239\" \/><strong data-start=\"1239\" data-end=\"1258\">Einsatzbereich:<\/strong> R\u00fccksichtssystem f\u00fcr Gabelstapler und Maschinen<br data-start=\"1306\" data-end=\"1309\" \/><strong data-start=\"1309\" data-end=\"1321\">Vorteil:<\/strong> Klare Sicht, langlebiges Design, einfache Montage<\/p>\n<p data-start=\"1375\" data-end=\"1552\">\n","protected":false},"featured_media":12840,"template":"","meta":[],"product_brand":[],"product_cat":[451,452],"product_tag":[],"class_list":{"0":"post-12817","1":"product","2":"type-product","3":"status-publish","4":"has-post-thumbnail","6":"product_cat-aksesuar-grubu","7":"product_cat-aynalar","9":"first","10":"instock","11":"taxable","12":"shipping-taxable","13":"purchasable","14":"product-type-simple"},"_links":{"self":[{"href":"https:\/\/ceoparts.com\/de\/wp-json\/wp\/v2\/product\/12817","targetHints":{"allow":["GET"]}}],"collection":[{"href":"https:\/\/ceoparts.com\/de\/wp-json\/wp\/v2\/product"}],"about":[{"href":"https:\/\/ceoparts.com\/de\/wp-json\/wp\/v2\/types\/product"}],"wp:featuredmedia":[{"embeddable":true,"href":"https:\/\/ceoparts.com\/de\/wp-json\/wp\/v2\/media\/12840"}],"wp:attachment":[{"href":"https:\/\/ceoparts.com\/de\/wp-json\/wp\/v2\/media?parent=12817"}],"wp:term":[{"taxonomy":"product_brand","embeddable":true,"href":"https:\/\/ceoparts.com\/de\/wp-json\/wp\/v2\/product_brand?post=12817"},{"taxonomy":"product_cat","embeddable":true,"href":"https:\/\/ceoparts.com\/de\/wp-json\/wp\/v2\/product_cat?post=12817"},{"taxonomy":"product_tag","embeddable":true,"href":"https:\/\/ceoparts.com\/de\/wp-json\/wp\/v2\/product_tag?post=12817"}],"curies":[{"name":"wp","href":"https:\/\/api.w.org\/{rel}","templated":true}]}}