{"id":12844,"date":"2025-01-10T15:10:07","date_gmt":"2025-01-10T12:10:07","guid":{"rendered":"https:\/\/ceoparts.com\/?post_type=product&#038;p=12844"},"modified":"2026-05-16T17:12:31","modified_gmt":"2026-05-16T14:12:31","slug":"forklift-panoramik-ayna-275x140mm","status":"publish","type":"product","link":"https:\/\/ceoparts.com\/de\/urun\/forklift-panoramik-ayna-275x140mm\/","title":{"rendered":"Gabelstapler Panoramaspiegel &#8211; 275&#215;140 mm,100mc3848"},"content":{"rendered":"<p>Gabelstapler Panoramaspiegel &#8211; 275&#215;140 mm,100mc3848<\/p>\n<p><\/p>","protected":false},"excerpt":{"rendered":"<p data-start=\"0\" data-end=\"208\"><br data-start=\"978\" data-end=\"981\" \/>Gabelstapler Panorama-Spiegel ist ein langlebiger Panorama-Spiegel mit den Ma\u00dfen 275\u00d7140 mm, der ein weites Sichtfeld bietet. Entwickelt f\u00fcr den Einsatz in Gabelstaplern und Maschinen, erh\u00f6ht er die Umweltwahrnehmung des Bedieners.<\/p>\n<p data-start=\"1214\" data-end=\"1510\"><strong data-start=\"1214\" data-end=\"1232\">Eigenschaften:<\/strong><br data-start=\"1232\" data-end=\"1235\" \/><strong data-start=\"1235\" data-end=\"1251\">Produktname:<\/strong> Gabelstapler Panorama-Spiegel<br data-start=\"1281\" data-end=\"1284\" \/><strong data-start=\"1284\" data-end=\"1300\">Teilenummer:<\/strong> 100mc3848<br data-start=\"1310\" data-end=\"1313\" \/><strong data-start=\"1313\" data-end=\"1326\">Material:<\/strong> Robustes Glas und Kunststoffrahmen<br data-start=\"1361\" data-end=\"1364\" \/><strong data-start=\"1364\" data-end=\"1383\">Einsatzbereich:<\/strong> Umgebungsansichtssystem f\u00fcr Gabelstapler und Maschinen<br data-start=\"1438\" data-end=\"1441\" \/><strong data-start=\"1441\" data-end=\"1453\">Vorteil:<\/strong> Weites Sichtfeld, langlebiges Design, einfache Montage<\/p>\n<p data-start=\"1512\" data-end=\"1724\">\n","protected":false},"featured_media":13649,"template":"","meta":[],"product_brand":[],"product_cat":[451,452],"product_tag":[],"class_list":{"0":"post-12844","1":"product","2":"type-product","3":"status-publish","4":"has-post-thumbnail","6":"product_cat-aksesuar-grubu","7":"product_cat-aynalar","9":"first","10":"instock","11":"taxable","12":"shipping-taxable","13":"purchasable","14":"product-type-simple"},"_links":{"self":[{"href":"https:\/\/ceoparts.com\/de\/wp-json\/wp\/v2\/product\/12844","targetHints":{"allow":["GET"]}}],"collection":[{"href":"https:\/\/ceoparts.com\/de\/wp-json\/wp\/v2\/product"}],"about":[{"href":"https:\/\/ceoparts.com\/de\/wp-json\/wp\/v2\/types\/product"}],"wp:featuredmedia":[{"embeddable":true,"href":"https:\/\/ceoparts.com\/de\/wp-json\/wp\/v2\/media\/13649"}],"wp:attachment":[{"href":"https:\/\/ceoparts.com\/de\/wp-json\/wp\/v2\/media?parent=12844"}],"wp:term":[{"taxonomy":"product_brand","embeddable":true,"href":"https:\/\/ceoparts.com\/de\/wp-json\/wp\/v2\/product_brand?post=12844"},{"taxonomy":"product_cat","embeddable":true,"href":"https:\/\/ceoparts.com\/de\/wp-json\/wp\/v2\/product_cat?post=12844"},{"taxonomy":"product_tag","embeddable":true,"href":"https:\/\/ceoparts.com\/de\/wp-json\/wp\/v2\/product_tag?post=12844"}],"curies":[{"name":"wp","href":"https:\/\/api.w.org\/{rel}","templated":true}]}}