{"id":12886,"date":"2025-01-13T17:36:07","date_gmt":"2025-01-13T14:36:07","guid":{"rendered":"https:\/\/ceoparts.com\/?post_type=product&#038;p=12886"},"modified":"2026-05-16T09:34:31","modified_gmt":"2026-05-16T06:34:31","slug":"emniyet-kemeri-sivicli-ters-baglanti","status":"publish","type":"product","link":"https:\/\/ceoparts.com\/de\/urun\/emniyet-kemeri-sivicli-ters-baglanti\/","title":{"rendered":"Sicherheitsgurt mit Schalter, Umgekehrte Verbindung"},"content":{"rendered":"<p>Sicherheitsgurt mit Schalter, Umgekehrte Verbindung<\/p>","protected":false},"excerpt":{"rendered":"<p data-start=\"0\" data-end=\"233\"><br data-start=\"1038\" data-end=\"1041\" \/>Sicherheitsgurt-Schalter mit R\u00fcckverbindung ist ein Verbindungssystem f\u00fcr Sicherheitsgurte, das in Gabelstaplern und Maschinen verwendet wird. Die R\u00fcckverbindungsfunktion sorgt f\u00fcr Sicherheit, und der Schalter garantiert den richtigen Betrieb des Systems.<\/p>\n<p data-start=\"1298\" data-end=\"1617\"><strong data-start=\"1298\" data-end=\"1316\">Eigenschaften:<\/strong><br data-start=\"1316\" data-end=\"1319\" \/><strong data-start=\"1319\" data-end=\"1335\">Produktname:<\/strong> Sicherheitsgurt-Schalter mit R\u00fcckverbindung<br data-start=\"1379\" data-end=\"1382\" \/><strong data-start=\"1382\" data-end=\"1398\">Teilenummer:<\/strong> \u2013<br data-start=\"1400\" data-end=\"1403\" \/><strong data-start=\"1403\" data-end=\"1416\">Material:<\/strong> Robuster Kunststoff und Metall<br data-start=\"1447\" data-end=\"1450\" \/><strong data-start=\"1450\" data-end=\"1469\">Einsatzbereich:<\/strong> Sicherheitssystem f\u00fcr Gabelstapler und Maschinen<br data-start=\"1518\" data-end=\"1521\" \/><strong data-start=\"1521\" data-end=\"1533\">Vorteil:<\/strong> Erh\u00f6hte Sicherheit durch R\u00fcckverbindung, Schaltermechanismus, robuste Materialien<\/p>\n<p data-start=\"1619\" data-end=\"1875\">\n","protected":false},"featured_media":12887,"template":"","meta":[],"product_brand":[],"product_cat":[451,453],"product_tag":[],"class_list":{"0":"post-12886","1":"product","2":"type-product","3":"status-publish","4":"has-post-thumbnail","6":"product_cat-aksesuar-grubu","7":"product_cat-emniyet-kemerleri","9":"first","10":"instock","11":"taxable","12":"shipping-taxable","13":"purchasable","14":"product-type-simple"},"_links":{"self":[{"href":"https:\/\/ceoparts.com\/de\/wp-json\/wp\/v2\/product\/12886","targetHints":{"allow":["GET"]}}],"collection":[{"href":"https:\/\/ceoparts.com\/de\/wp-json\/wp\/v2\/product"}],"about":[{"href":"https:\/\/ceoparts.com\/de\/wp-json\/wp\/v2\/types\/product"}],"wp:featuredmedia":[{"embeddable":true,"href":"https:\/\/ceoparts.com\/de\/wp-json\/wp\/v2\/media\/12887"}],"wp:attachment":[{"href":"https:\/\/ceoparts.com\/de\/wp-json\/wp\/v2\/media?parent=12886"}],"wp:term":[{"taxonomy":"product_brand","embeddable":true,"href":"https:\/\/ceoparts.com\/de\/wp-json\/wp\/v2\/product_brand?post=12886"},{"taxonomy":"product_cat","embeddable":true,"href":"https:\/\/ceoparts.com\/de\/wp-json\/wp\/v2\/product_cat?post=12886"},{"taxonomy":"product_tag","embeddable":true,"href":"https:\/\/ceoparts.com\/de\/wp-json\/wp\/v2\/product_tag?post=12886"}],"curies":[{"name":"wp","href":"https:\/\/api.w.org\/{rel}","templated":true}]}}