{"id":12891,"date":"2025-01-13T17:41:36","date_gmt":"2025-01-13T14:41:36","guid":{"rendered":"https:\/\/ceoparts.com\/?post_type=product&#038;p=12891"},"modified":"2026-05-16T18:33:44","modified_gmt":"2026-05-16T15:33:44","slug":"geri-vites-ikaz-buyuk-korna-9-80v","status":"publish","type":"product","link":"https:\/\/ceoparts.com\/de\/urun\/geri-vites-ikaz-buyuk-korna-9-80v\/","title":{"rendered":"R\u00fcckfahrwarnung Gro\u00dfe Hupe &#8211; 9-80v"},"content":{"rendered":"<p>R\u00fcckfahrwarnung Gro\u00dfe Hupe &#8211; 9-80v<\/p>","protected":false},"excerpt":{"rendered":"<p data-start=\"0\" data-end=\"231\"><br data-start=\"1019\" data-end=\"1022\" \/>Gro\u00dfe R\u00fcckfahrwarnhupe ist eine langlebige R\u00fcckfahrwarnhupe, die f\u00fcr Gabelstapler und Maschinen im Spannungsbereich 9-80V entwickelt wurde. Sie bietet starken und klaren Klang f\u00fcr sicheres R\u00fcckw\u00e4rtsfahren.<\/p>\n<p data-start=\"1229\" data-end=\"1529\"><strong data-start=\"1229\" data-end=\"1247\">Eigenschaften:<\/strong><br data-start=\"1247\" data-end=\"1250\" \/><strong data-start=\"1250\" data-end=\"1266\">Produktname:<\/strong> Gro\u00dfe R\u00fcckfahrwarnhupe \u2013 9-80V<br data-start=\"1297\" data-end=\"1300\" \/><strong data-start=\"1300\" data-end=\"1316\">Teilenummer:<\/strong> \u2013<br data-start=\"1318\" data-end=\"1321\" \/><strong data-start=\"1321\" data-end=\"1334\">Material:<\/strong> Robuster Kunststoff und Metall<br data-start=\"1365\" data-end=\"1368\" \/><strong data-start=\"1368\" data-end=\"1387\">Einsatzbereich:<\/strong> R\u00fcckfahrwarnsystem f\u00fcr 9-80V elektrische Gabelstapler und Maschinen<br data-start=\"1455\" data-end=\"1458\" \/><strong data-start=\"1458\" data-end=\"1470\">Vorteil:<\/strong> Hohe Klangleistung, langlebiges Design, einfache Montage<\/p>\n<p data-start=\"1531\" data-end=\"1733\">\n","protected":false},"featured_media":12892,"template":"","meta":[],"product_brand":[],"product_cat":[451,455],"product_tag":[],"class_list":{"0":"post-12891","1":"product","2":"type-product","3":"status-publish","4":"has-post-thumbnail","6":"product_cat-aksesuar-grubu","7":"product_cat-kornalar","9":"first","10":"instock","11":"taxable","12":"shipping-taxable","13":"purchasable","14":"product-type-simple"},"_links":{"self":[{"href":"https:\/\/ceoparts.com\/de\/wp-json\/wp\/v2\/product\/12891","targetHints":{"allow":["GET"]}}],"collection":[{"href":"https:\/\/ceoparts.com\/de\/wp-json\/wp\/v2\/product"}],"about":[{"href":"https:\/\/ceoparts.com\/de\/wp-json\/wp\/v2\/types\/product"}],"wp:featuredmedia":[{"embeddable":true,"href":"https:\/\/ceoparts.com\/de\/wp-json\/wp\/v2\/media\/12892"}],"wp:attachment":[{"href":"https:\/\/ceoparts.com\/de\/wp-json\/wp\/v2\/media?parent=12891"}],"wp:term":[{"taxonomy":"product_brand","embeddable":true,"href":"https:\/\/ceoparts.com\/de\/wp-json\/wp\/v2\/product_brand?post=12891"},{"taxonomy":"product_cat","embeddable":true,"href":"https:\/\/ceoparts.com\/de\/wp-json\/wp\/v2\/product_cat?post=12891"},{"taxonomy":"product_tag","embeddable":true,"href":"https:\/\/ceoparts.com\/de\/wp-json\/wp\/v2\/product_tag?post=12891"}],"curies":[{"name":"wp","href":"https:\/\/api.w.org\/{rel}","templated":true}]}}