{"id":12918,"date":"2025-01-14T09:58:48","date_gmt":"2025-01-14T06:58:48","guid":{"rendered":"https:\/\/ceoparts.com\/?post_type=product&#038;p=12918"},"modified":"2026-05-16T16:24:03","modified_gmt":"2026-05-16T13:24:03","slug":"geri-vites-ikaz-kucuk-korna-12-24v","status":"publish","type":"product","link":"https:\/\/ceoparts.com\/de\/urun\/geri-vites-ikaz-kucuk-korna-12-24v\/","title":{"rendered":"R\u00fcckw\u00e4rtswarnung Kleine Hupe &#8211; 12-24V"},"content":{"rendered":"<p>R\u00fcckw\u00e4rtswarnung Kleine Hupe &#8211; 12-24V<\/p>","protected":false},"excerpt":{"rendered":"<p data-start=\"0\" data-end=\"206\"><br data-start=\"991\" data-end=\"994\" \/>Kleine R\u00fcckfahrwarnhupe ist eine kompakte und langlebige R\u00fcckfahrwarnhupe, die in 12-24V elektrischen Gabelstaplern und Maschinen verwendet wird. Sie bietet hohe Klangleistung f\u00fcr sicheres R\u00fcckw\u00e4rtsfahren.<\/p>\n<p data-start=\"1201\" data-end=\"1505\"><strong data-start=\"1201\" data-end=\"1219\">Eigenschaften:<\/strong><br data-start=\"1219\" data-end=\"1222\" \/><strong data-start=\"1222\" data-end=\"1238\">Produktname:<\/strong> Kleine R\u00fcckfahrwarnhupe \u2013 12-24V<br data-start=\"1271\" data-end=\"1274\" \/><strong data-start=\"1274\" data-end=\"1290\">Teilenummer:<\/strong> \u2013<br data-start=\"1292\" data-end=\"1295\" \/><strong data-start=\"1295\" data-end=\"1308\">Material:<\/strong> Robuster Kunststoff und Metall<br data-start=\"1339\" data-end=\"1342\" \/><strong data-start=\"1342\" data-end=\"1361\">Einsatzbereich:<\/strong> R\u00fcckfahrwarnsystem f\u00fcr 12-24V elektrische Gabelstapler und Maschinen<br data-start=\"1430\" data-end=\"1433\" \/><strong data-start=\"1433\" data-end=\"1445\">Vorteil:<\/strong> Kompaktes Design, hohe Klangleistung, langlebige Bauweise<\/p>\n<p data-start=\"1507\" data-end=\"1721\">\n","protected":false},"featured_media":12919,"template":"","meta":[],"product_brand":[],"product_cat":[451,455],"product_tag":[],"class_list":{"0":"post-12918","1":"product","2":"type-product","3":"status-publish","4":"has-post-thumbnail","6":"product_cat-aksesuar-grubu","7":"product_cat-kornalar","9":"first","10":"instock","11":"taxable","12":"shipping-taxable","13":"purchasable","14":"product-type-simple"},"_links":{"self":[{"href":"https:\/\/ceoparts.com\/de\/wp-json\/wp\/v2\/product\/12918","targetHints":{"allow":["GET"]}}],"collection":[{"href":"https:\/\/ceoparts.com\/de\/wp-json\/wp\/v2\/product"}],"about":[{"href":"https:\/\/ceoparts.com\/de\/wp-json\/wp\/v2\/types\/product"}],"wp:featuredmedia":[{"embeddable":true,"href":"https:\/\/ceoparts.com\/de\/wp-json\/wp\/v2\/media\/12919"}],"wp:attachment":[{"href":"https:\/\/ceoparts.com\/de\/wp-json\/wp\/v2\/media?parent=12918"}],"wp:term":[{"taxonomy":"product_brand","embeddable":true,"href":"https:\/\/ceoparts.com\/de\/wp-json\/wp\/v2\/product_brand?post=12918"},{"taxonomy":"product_cat","embeddable":true,"href":"https:\/\/ceoparts.com\/de\/wp-json\/wp\/v2\/product_cat?post=12918"},{"taxonomy":"product_tag","embeddable":true,"href":"https:\/\/ceoparts.com\/de\/wp-json\/wp\/v2\/product_tag?post=12918"}],"curies":[{"name":"wp","href":"https:\/\/api.w.org\/{rel}","templated":true}]}}