{"id":12933,"date":"2025-01-14T11:12:07","date_gmt":"2025-01-14T08:12:07","guid":{"rendered":"https:\/\/ceoparts.com\/?post_type=product&#038;p=12933"},"modified":"2026-05-16T16:12:49","modified_gmt":"2026-05-16T13:12:49","slug":"seger-geri-vites-kornasi-9-48v","status":"publish","type":"product","link":"https:\/\/ceoparts.com\/de\/urun\/seger-geri-vites-kornasi-9-48v\/","title":{"rendered":"Seger R\u00fcckw\u00e4rts Hupe &#8211; 9-48V"},"content":{"rendered":"<p>Seger R\u00fcckw\u00e4rts Hupe &#8211; 9-48V<\/p>","protected":false},"excerpt":{"rendered":"<p data-start=\"0\" data-end=\"223\"><br data-start=\"1015\" data-end=\"1018\" \/>Seger R\u00fcckfahrhupe \u2013 9-48V ist eine langlebige R\u00fcckfahrhupe, die f\u00fcr Gabelstapler und Maschinen im Spannungsbereich 9-48V entwickelt wurde. Sie bietet starke Klangleistung und lange Haltbarkeit f\u00fcr sicheres R\u00fcckw\u00e4rtsfahren.<\/p>\n<p data-start=\"1243\" data-end=\"1539\"><strong data-start=\"1243\" data-end=\"1261\">Eigenschaften:<\/strong><br data-start=\"1261\" data-end=\"1264\" \/><strong data-start=\"1264\" data-end=\"1280\">Produktname:<\/strong> Seger R\u00fcckfahrhupe \u2013 9-48V<br data-start=\"1307\" data-end=\"1310\" \/><strong data-start=\"1310\" data-end=\"1326\">Teilenummer:<\/strong> \u2013<br data-start=\"1328\" data-end=\"1331\" \/><strong data-start=\"1331\" data-end=\"1344\">Material:<\/strong> Robuster Kunststoff und Metall<br data-start=\"1375\" data-end=\"1378\" \/><strong data-start=\"1378\" data-end=\"1397\">Einsatzbereich:<\/strong> R\u00fcckfahrwarnsystem f\u00fcr 9-48V elektrische Gabelstapler und Maschinen<br data-start=\"1465\" data-end=\"1468\" \/><strong data-start=\"1468\" data-end=\"1480\">Vorteil:<\/strong> Hohe Klangleistung, langlebiges Design, einfache Montage<\/p>\n<p data-start=\"1541\" data-end=\"1761\">\n","protected":false},"featured_media":12942,"template":"","meta":[],"product_brand":[],"product_cat":[451,455],"product_tag":[],"class_list":{"0":"post-12933","1":"product","2":"type-product","3":"status-publish","4":"has-post-thumbnail","6":"product_cat-aksesuar-grubu","7":"product_cat-kornalar","9":"first","10":"instock","11":"taxable","12":"shipping-taxable","13":"purchasable","14":"product-type-simple"},"_links":{"self":[{"href":"https:\/\/ceoparts.com\/de\/wp-json\/wp\/v2\/product\/12933","targetHints":{"allow":["GET"]}}],"collection":[{"href":"https:\/\/ceoparts.com\/de\/wp-json\/wp\/v2\/product"}],"about":[{"href":"https:\/\/ceoparts.com\/de\/wp-json\/wp\/v2\/types\/product"}],"wp:featuredmedia":[{"embeddable":true,"href":"https:\/\/ceoparts.com\/de\/wp-json\/wp\/v2\/media\/12942"}],"wp:attachment":[{"href":"https:\/\/ceoparts.com\/de\/wp-json\/wp\/v2\/media?parent=12933"}],"wp:term":[{"taxonomy":"product_brand","embeddable":true,"href":"https:\/\/ceoparts.com\/de\/wp-json\/wp\/v2\/product_brand?post=12933"},{"taxonomy":"product_cat","embeddable":true,"href":"https:\/\/ceoparts.com\/de\/wp-json\/wp\/v2\/product_cat?post=12933"},{"taxonomy":"product_tag","embeddable":true,"href":"https:\/\/ceoparts.com\/de\/wp-json\/wp\/v2\/product_tag?post=12933"}],"curies":[{"name":"wp","href":"https:\/\/api.w.org\/{rel}","templated":true}]}}