{"id":12962,"date":"2025-01-14T13:25:16","date_gmt":"2025-01-14T10:25:16","guid":{"rendered":"https:\/\/ceoparts.com\/?post_type=product&#038;p=12962"},"modified":"2026-05-16T16:12:49","modified_gmt":"2026-05-16T13:12:49","slug":"bt-indirme-kaldirma-butonu-171665","status":"publish","type":"product","link":"https:\/\/ceoparts.com\/de\/urun\/bt-indirme-kaldirma-butonu-171665\/","title":{"rendered":"BT Absenk- \/ Hebetaste &#8211; 171665"},"content":{"rendered":"<p>BT Absenk- \/ Hebetaste &#8211; 171665<\/p>\n<p>BT<\/p>\n<p>OL<\/p>\n<p>OSE<\/p>\n<p>TSE<\/p>\n<p>OME<\/p>\n<p>HWE 100<\/p>\n<p>S<\/p>\n<p>SWE<\/p>\n<p>LPE<\/p>\n<p>LWE<\/p>\n<p>P20, P24<\/p>\n<p>W<\/p>\n<p>AL, AS<\/p>\n<p>LAE<\/p>\n<p>SAE<\/p>\n<p>&nbsp;<\/p>","protected":false},"excerpt":{"rendered":"<p data-start=\"0\" data-end=\"192\"><br data-start=\"907\" data-end=\"910\" \/>BT Hub-\/Senktaste ist ein langlebiger Knopf, der in BT Gabelstaplern zur Steuerung von Hub- und Senkvorg\u00e4ngen verwendet wird. Hergestellt aus robusten Materialien, bietet er pr\u00e4zise und zuverl\u00e4ssige Leistung.<\/p>\n<p data-start=\"1120\" data-end=\"1400\"><strong data-start=\"1120\" data-end=\"1138\">Eigenschaften:<\/strong><br data-start=\"1138\" data-end=\"1141\" \/><strong data-start=\"1141\" data-end=\"1157\">Produktname:<\/strong> BT Hub-\/Senktaste<br data-start=\"1175\" data-end=\"1178\" \/><strong data-start=\"1178\" data-end=\"1194\">Teilenummer:<\/strong> 171665<br data-start=\"1201\" data-end=\"1204\" \/><strong data-start=\"1204\" data-end=\"1217\">Material:<\/strong> Robuster Kunststoff und Metall<br data-start=\"1248\" data-end=\"1251\" \/><strong data-start=\"1251\" data-end=\"1270\">Einsatzbereich:<\/strong> Steuerung von Hub- und Senkbewegungen in BT Gabelstaplern<br data-start=\"1328\" data-end=\"1331\" \/><strong data-start=\"1331\" data-end=\"1343\">Vorteil:<\/strong> Pr\u00e4zise Reaktion, langlebiges Design, einfache Montage<\/p>\n<p data-start=\"1402\" data-end=\"1603\">\n","protected":false},"featured_media":12963,"template":"","meta":[],"product_brand":[],"product_cat":[251,451,454,518],"product_tag":[],"class_list":{"0":"post-12962","1":"product","2":"type-product","3":"status-publish","4":"has-post-thumbnail","6":"product_cat-bt","7":"product_cat-aksesuar-grubu","8":"product_cat-switch-ve-buton","9":"product_cat-yedek-parca-bt","11":"first","12":"instock","13":"taxable","14":"shipping-taxable","15":"purchasable","16":"product-type-simple"},"_links":{"self":[{"href":"https:\/\/ceoparts.com\/de\/wp-json\/wp\/v2\/product\/12962","targetHints":{"allow":["GET"]}}],"collection":[{"href":"https:\/\/ceoparts.com\/de\/wp-json\/wp\/v2\/product"}],"about":[{"href":"https:\/\/ceoparts.com\/de\/wp-json\/wp\/v2\/types\/product"}],"wp:featuredmedia":[{"embeddable":true,"href":"https:\/\/ceoparts.com\/de\/wp-json\/wp\/v2\/media\/12963"}],"wp:attachment":[{"href":"https:\/\/ceoparts.com\/de\/wp-json\/wp\/v2\/media?parent=12962"}],"wp:term":[{"taxonomy":"product_brand","embeddable":true,"href":"https:\/\/ceoparts.com\/de\/wp-json\/wp\/v2\/product_brand?post=12962"},{"taxonomy":"product_cat","embeddable":true,"href":"https:\/\/ceoparts.com\/de\/wp-json\/wp\/v2\/product_cat?post=12962"},{"taxonomy":"product_tag","embeddable":true,"href":"https:\/\/ceoparts.com\/de\/wp-json\/wp\/v2\/product_tag?post=12962"}],"curies":[{"name":"wp","href":"https:\/\/api.w.org\/{rel}","templated":true}]}}