{"id":12979,"date":"2025-01-14T13:47:39","date_gmt":"2025-01-14T10:47:39","guid":{"rendered":"https:\/\/ceoparts.com\/?post_type=product&#038;p=12979"},"modified":"2026-05-16T20:20:11","modified_gmt":"2026-05-16T17:20:11","slug":"linde-yukari-asagi-butonu-0039732605","status":"publish","type":"product","link":"https:\/\/ceoparts.com\/de\/urun\/linde-yukari-asagi-butonu-0039732605\/","title":{"rendered":"LINDE Auf- und Ab-Taste &#8211; 0039732605"},"content":{"rendered":"<p>LINDE Auf- und Ab-Taste &#8211; 0039732605<\/p>\n<p>LINDE Auf- und Ab-Taste &#8211; 0039732605<\/p>\n<p>T16\/T16P\/T20\/T20P 1151-01<br \/>\nT16\/T18\/T20-T16L 1152-01<\/p>","protected":false},"excerpt":{"rendered":"<p data-start=\"0\" data-end=\"198\"><br data-start=\"906\" data-end=\"909\" \/>Linde Auf-\/Ab-Taste ist ein langlebiger Knopf, der in Linde Gabelstaplern zur Steuerung von Hub- und Senkvorg\u00e4ngen verwendet wird. Hergestellt aus robusten Materialien, bietet er pr\u00e4zise und zuverl\u00e4ssige Leistung.<\/p>\n<p data-start=\"1124\" data-end=\"1404\"><strong data-start=\"1124\" data-end=\"1142\">Eigenschaften:<\/strong><br data-start=\"1142\" data-end=\"1145\" \/><strong data-start=\"1145\" data-end=\"1161\">Produktname:<\/strong> Linde Auf-\/Ab-Taste<br data-start=\"1181\" data-end=\"1184\" \/><strong data-start=\"1184\" data-end=\"1200\">Teilenummer:<\/strong> 0039732605<br data-start=\"1211\" data-end=\"1214\" \/><strong data-start=\"1214\" data-end=\"1227\">Material:<\/strong> Robuster Kunststoff und Metall<br data-start=\"1258\" data-end=\"1261\" \/><strong data-start=\"1261\" data-end=\"1280\">Einsatzbereich:<\/strong> Steuerung von Auf- und Abbewegungen in Gabelstaplern<br data-start=\"1333\" data-end=\"1336\" \/><strong data-start=\"1336\" data-end=\"1348\">Vorteil:<\/strong> Pr\u00e4zise Reaktion, lange Lebensdauer, einfache Montage<\/p>\n<p data-start=\"1406\" data-end=\"1600\">\n","protected":false},"featured_media":13010,"template":"","meta":[],"product_brand":[],"product_cat":[246,451,454,523],"product_tag":[],"class_list":{"0":"post-12979","1":"product","2":"type-product","3":"status-publish","4":"has-post-thumbnail","6":"product_cat-linde","7":"product_cat-aksesuar-grubu","8":"product_cat-switch-ve-buton","9":"product_cat-yedek-parca-linde","11":"first","12":"instock","13":"taxable","14":"shipping-taxable","15":"purchasable","16":"product-type-simple"},"_links":{"self":[{"href":"https:\/\/ceoparts.com\/de\/wp-json\/wp\/v2\/product\/12979","targetHints":{"allow":["GET"]}}],"collection":[{"href":"https:\/\/ceoparts.com\/de\/wp-json\/wp\/v2\/product"}],"about":[{"href":"https:\/\/ceoparts.com\/de\/wp-json\/wp\/v2\/types\/product"}],"wp:featuredmedia":[{"embeddable":true,"href":"https:\/\/ceoparts.com\/de\/wp-json\/wp\/v2\/media\/13010"}],"wp:attachment":[{"href":"https:\/\/ceoparts.com\/de\/wp-json\/wp\/v2\/media?parent=12979"}],"wp:term":[{"taxonomy":"product_brand","embeddable":true,"href":"https:\/\/ceoparts.com\/de\/wp-json\/wp\/v2\/product_brand?post=12979"},{"taxonomy":"product_cat","embeddable":true,"href":"https:\/\/ceoparts.com\/de\/wp-json\/wp\/v2\/product_cat?post=12979"},{"taxonomy":"product_tag","embeddable":true,"href":"https:\/\/ceoparts.com\/de\/wp-json\/wp\/v2\/product_tag?post=12979"}],"curies":[{"name":"wp","href":"https:\/\/api.w.org\/{rel}","templated":true}]}}