{"id":13004,"date":"2025-01-14T14:40:06","date_gmt":"2025-01-14T11:40:06","guid":{"rendered":"https:\/\/ceoparts.com\/?post_type=product&#038;p=13004"},"modified":"2026-05-16T17:33:36","modified_gmt":"2026-05-16T14:33:36","slug":"linde-indirme-kaldirma-butonu-0039732913-3005430300","status":"publish","type":"product","link":"https:\/\/ceoparts.com\/de\/urun\/linde-indirme-kaldirma-butonu-0039732913-3005430300\/","title":{"rendered":"LINDE Absenk- \/ Hebetaste &#8211; 0039732913"},"content":{"rendered":"<p>LINDE Absenk- \/ Hebetaste &#8211; 0039732913<\/p>","protected":false},"excerpt":{"rendered":"<p data-start=\"0\" data-end=\"199\"><br data-start=\"947\" data-end=\"950\" \/>Linde Hub-\/Senketaste ist ein langlebiger Knopf, der in Linde Gabelstaplern zur Steuerung von Hub- und Senkvorg\u00e4ngen verwendet wird. Hergestellt aus langlebigen Materialien, bietet er pr\u00e4zise und zuverl\u00e4ssige Leistung.<\/p>\n<p data-start=\"1170\" data-end=\"1452\"><strong data-start=\"1170\" data-end=\"1188\">Eigenschaften:<\/strong><br data-start=\"1188\" data-end=\"1191\" \/><strong data-start=\"1191\" data-end=\"1207\">Produktname:<\/strong> Linde Hub-\/Senketaste<br data-start=\"1229\" data-end=\"1232\" \/><strong data-start=\"1232\" data-end=\"1248\">Teilenummer:<\/strong> 0039732913, 3005430300<br data-start=\"1271\" data-end=\"1274\" \/><strong data-start=\"1274\" data-end=\"1287\">Material:<\/strong> Robuster Kunststoff und Metall<br data-start=\"1318\" data-end=\"1321\" \/><strong data-start=\"1321\" data-end=\"1340\">Einsatzbereich:<\/strong> Hub- und Senksteuerung in Gabelstaplern<br data-start=\"1380\" data-end=\"1383\" \/><strong data-start=\"1383\" data-end=\"1395\">Vorteil:<\/strong> Pr\u00e4zise Reaktion, langlebiges Design, einfache Montage<\/p>\n<p data-start=\"1454\" data-end=\"1668\">\n","protected":false},"featured_media":13005,"template":"","meta":[],"product_brand":[],"product_cat":[246,451,454,523],"product_tag":[],"class_list":{"0":"post-13004","1":"product","2":"type-product","3":"status-publish","4":"has-post-thumbnail","6":"product_cat-linde","7":"product_cat-aksesuar-grubu","8":"product_cat-switch-ve-buton","9":"product_cat-yedek-parca-linde","11":"first","12":"instock","13":"taxable","14":"shipping-taxable","15":"purchasable","16":"product-type-simple"},"_links":{"self":[{"href":"https:\/\/ceoparts.com\/de\/wp-json\/wp\/v2\/product\/13004","targetHints":{"allow":["GET"]}}],"collection":[{"href":"https:\/\/ceoparts.com\/de\/wp-json\/wp\/v2\/product"}],"about":[{"href":"https:\/\/ceoparts.com\/de\/wp-json\/wp\/v2\/types\/product"}],"wp:featuredmedia":[{"embeddable":true,"href":"https:\/\/ceoparts.com\/de\/wp-json\/wp\/v2\/media\/13005"}],"wp:attachment":[{"href":"https:\/\/ceoparts.com\/de\/wp-json\/wp\/v2\/media?parent=13004"}],"wp:term":[{"taxonomy":"product_brand","embeddable":true,"href":"https:\/\/ceoparts.com\/de\/wp-json\/wp\/v2\/product_brand?post=13004"},{"taxonomy":"product_cat","embeddable":true,"href":"https:\/\/ceoparts.com\/de\/wp-json\/wp\/v2\/product_cat?post=13004"},{"taxonomy":"product_tag","embeddable":true,"href":"https:\/\/ceoparts.com\/de\/wp-json\/wp\/v2\/product_tag?post=13004"}],"curies":[{"name":"wp","href":"https:\/\/api.w.org\/{rel}","templated":true}]}}