{"id":13094,"date":"2025-01-16T10:02:54","date_gmt":"2025-01-16T07:02:54","guid":{"rendered":"https:\/\/ceoparts.com\/?post_type=product&#038;p=13094"},"modified":"2026-05-16T09:33:30","modified_gmt":"2026-05-16T06:33:30","slug":"bluespot-kirmizi-12-80v","status":"publish","type":"product","link":"https:\/\/ceoparts.com\/de\/urun\/bluespot-kirmizi-12-80v\/","title":{"rendered":"Gabelstapler Roter Punkt Led 12-80V (2 X 3W)"},"content":{"rendered":"<p>Gabelstapler Roter Punkt Led 12-80V (2 X 3W)<\/p>","protected":false},"excerpt":{"rendered":"<p data-start=\"1481\" data-end=\"1858\">Der Gabelstapler Roter Punkt Led 12-80V (2 X 3W) ist eine leistungsstarke rote Warnleuchte f\u00fcr Gabelstapler und Arbeitsmaschinen. Zwei 3-Watt-LEDs sorgen f\u00fcr ein starkes und gut sichtbares Licht. Dank des breiten Spannungsbereichs ist sie f\u00fcr verschiedene Fahrzeuge geeignet. Das robuste Geh\u00e4use gew\u00e4hrleistet eine lange Lebensdauer und erh\u00f6ht die Sicherheit im Arbeitsbereich.<\/p>\n<p data-start=\"1860\" data-end=\"2145\"><strong data-start=\"1860\" data-end=\"1878\">Eigenschaften:<\/strong><br data-start=\"1878\" data-end=\"1881\" \/><strong>Produktname:<\/strong> Gabelstapler Roter Punkt Led 12-80V (2 X 3W)<br data-start=\"1938\" data-end=\"1941\" \/><strong>Material:<\/strong> Robustes Kunststoff- und Aluminiumgeh\u00e4use<br data-start=\"1992\" data-end=\"1995\" \/><strong>Einsatzbereich<\/strong>: Warnsysteme f\u00fcr Gabelstapler und Arbeitsmaschinen<br data-start=\"2060\" data-end=\"2063\" \/><strong>Vorteile:<\/strong> Hohe Sichtbarkeit, energiesparend, langlebig, widerstandsf\u00e4hige Bauweise<\/p>\n","protected":false},"featured_media":13095,"template":"","meta":[],"product_brand":[],"product_cat":[463],"product_tag":[],"class_list":{"0":"post-13094","1":"product","2":"type-product","3":"status-publish","4":"has-post-thumbnail","6":"product_cat-aydinlatma-grubu","8":"first","9":"instock","10":"taxable","11":"shipping-taxable","12":"purchasable","13":"product-type-simple"},"_links":{"self":[{"href":"https:\/\/ceoparts.com\/de\/wp-json\/wp\/v2\/product\/13094","targetHints":{"allow":["GET"]}}],"collection":[{"href":"https:\/\/ceoparts.com\/de\/wp-json\/wp\/v2\/product"}],"about":[{"href":"https:\/\/ceoparts.com\/de\/wp-json\/wp\/v2\/types\/product"}],"wp:featuredmedia":[{"embeddable":true,"href":"https:\/\/ceoparts.com\/de\/wp-json\/wp\/v2\/media\/13095"}],"wp:attachment":[{"href":"https:\/\/ceoparts.com\/de\/wp-json\/wp\/v2\/media?parent=13094"}],"wp:term":[{"taxonomy":"product_brand","embeddable":true,"href":"https:\/\/ceoparts.com\/de\/wp-json\/wp\/v2\/product_brand?post=13094"},{"taxonomy":"product_cat","embeddable":true,"href":"https:\/\/ceoparts.com\/de\/wp-json\/wp\/v2\/product_cat?post=13094"},{"taxonomy":"product_tag","embeddable":true,"href":"https:\/\/ceoparts.com\/de\/wp-json\/wp\/v2\/product_tag?post=13094"}],"curies":[{"name":"wp","href":"https:\/\/api.w.org\/{rel}","templated":true}]}}