{"id":13268,"date":"2025-01-17T09:39:15","date_gmt":"2025-01-17T06:39:15","guid":{"rendered":"https:\/\/ceoparts.com\/?post_type=product&#038;p=13268"},"modified":"2026-05-16T17:29:49","modified_gmt":"2026-05-16T14:29:49","slug":"jungheinrich-eje116-kumanda-kolu-51055123-13333651","status":"publish","type":"product","link":"https:\/\/ceoparts.com\/de\/urun\/jungheinrich-eje116-kumanda-kolu-51055123-13333651\/","title":{"rendered":"Jungheinrich Eje116 Steuerarm &#8211; 51055123 &#8211; 13333651"},"content":{"rendered":"<p>Jungheinrich Eje116 Steuerarm &#8211; 51055123 &#8211; 13333651<\/p>","protected":false},"excerpt":{"rendered":"<p data-start=\"142\" data-end=\"406\"><br data-start=\"1249\" data-end=\"1252\" \/>Der Jungheinrich EJE116 Steuerhebel ist ein robuster und ergonomisch gestalteter Steuerhebel f\u00fcr das Heben, Senken und die Richtungssteuerung bei Gabelstaplern und Hubwagen. Er erm\u00f6glicht dem Bediener eine einfache Handhabung und schnelle, pr\u00e4zise Steuerung.<\/p>\n<p data-start=\"1512\" data-end=\"1835\"><strong data-start=\"1512\" data-end=\"1530\">Eigenschaften:<\/strong><br data-start=\"1530\" data-end=\"1533\" \/><strong data-start=\"1533\" data-end=\"1549\">Produktname:<\/strong> Jungheinrich EJE116 Steuerhebel<br data-start=\"1581\" data-end=\"1584\" \/><strong data-start=\"1584\" data-end=\"1600\">Teilenummer:<\/strong> 51055123 \u2013 13333651<br data-start=\"1620\" data-end=\"1623\" \/><strong data-start=\"1623\" data-end=\"1636\">Material:<\/strong> Robuster Kunststoff mit Metallgeh\u00e4use<br data-start=\"1674\" data-end=\"1677\" \/><strong data-start=\"1677\" data-end=\"1696\">Einsatzbereich:<\/strong> Steuerungssysteme f\u00fcr Jungheinrich EJE116 Hubwagen<br data-start=\"1747\" data-end=\"1750\" \/><strong data-start=\"1750\" data-end=\"1762\">Vorteil:<\/strong> Ergonomisches Design, stabile Bauweise, pr\u00e4zise und schnelle Steuerung<\/p>\n<p data-start=\"1837\" data-end=\"2054\">\n","protected":false},"featured_media":19440,"template":"","meta":[],"product_brand":[],"product_cat":[236,450,522],"product_tag":[],"class_list":{"0":"post-13268","1":"product","2":"type-product","3":"status-publish","4":"has-post-thumbnail","6":"product_cat-jungheinrich","7":"product_cat-direksiyon-sistemleri","8":"product_cat-yedek-parca-jungheinrich","10":"first","11":"instock","12":"taxable","13":"shipping-taxable","14":"purchasable","15":"product-type-simple"},"_links":{"self":[{"href":"https:\/\/ceoparts.com\/de\/wp-json\/wp\/v2\/product\/13268","targetHints":{"allow":["GET"]}}],"collection":[{"href":"https:\/\/ceoparts.com\/de\/wp-json\/wp\/v2\/product"}],"about":[{"href":"https:\/\/ceoparts.com\/de\/wp-json\/wp\/v2\/types\/product"}],"wp:featuredmedia":[{"embeddable":true,"href":"https:\/\/ceoparts.com\/de\/wp-json\/wp\/v2\/media\/19440"}],"wp:attachment":[{"href":"https:\/\/ceoparts.com\/de\/wp-json\/wp\/v2\/media?parent=13268"}],"wp:term":[{"taxonomy":"product_brand","embeddable":true,"href":"https:\/\/ceoparts.com\/de\/wp-json\/wp\/v2\/product_brand?post=13268"},{"taxonomy":"product_cat","embeddable":true,"href":"https:\/\/ceoparts.com\/de\/wp-json\/wp\/v2\/product_cat?post=13268"},{"taxonomy":"product_tag","embeddable":true,"href":"https:\/\/ceoparts.com\/de\/wp-json\/wp\/v2\/product_tag?post=13268"}],"curies":[{"name":"wp","href":"https:\/\/api.w.org\/{rel}","templated":true}]}}