{"id":13350,"date":"2025-01-17T16:06:21","date_gmt":"2025-01-17T13:06:21","guid":{"rendered":"https:\/\/ceoparts.com\/?post_type=product&#038;p=13350"},"modified":"2026-05-16T12:10:19","modified_gmt":"2026-05-16T09:10:19","slug":"bt-swe-asansor-sensoru-7539698","status":"publish","type":"product","link":"https:\/\/ceoparts.com\/de\/urun\/bt-swe-asansor-sensoru-7539698\/","title":{"rendered":"BT SWE Aufzugssensor &#8211; 7539698"},"content":{"rendered":"<p>BT SWE Aufzugssensor &#8211; 7539698<\/p>","protected":false},"excerpt":{"rendered":"<p data-start=\"0\" data-end=\"180\"><br data-start=\"867\" data-end=\"870\" \/>Der BT SWE Hubsensor ist ein robuster Sensor, der Hubbewegungen in Gabelstaplern pr\u00e4zise \u00fcberwacht und steuert. Er sorgt f\u00fcr einen sicheren und genauen Betrieb.<\/p>\n<p data-start=\"1032\" data-end=\"1304\"><strong data-start=\"1032\" data-end=\"1050\">Eigenschaften:<\/strong><br data-start=\"1050\" data-end=\"1053\" \/><strong data-start=\"1053\" data-end=\"1069\">Produktname:<\/strong> BT SWE Hubsensor<br data-start=\"1086\" data-end=\"1089\" \/><strong data-start=\"1089\" data-end=\"1105\">Teilenummer:<\/strong> 7539698<br data-start=\"1113\" data-end=\"1116\" \/><strong data-start=\"1116\" data-end=\"1129\">Material:<\/strong> Metall- und elektronische Komponenten<br data-start=\"1167\" data-end=\"1170\" \/><strong data-start=\"1170\" data-end=\"1189\">Einsatzbereich:<\/strong> BT SWE Gabelstapler Hubsteuerungssysteme<br data-start=\"1230\" data-end=\"1233\" \/><strong data-start=\"1233\" data-end=\"1245\">Vorteil:<\/strong> Hohe Pr\u00e4zision, lange Lebensdauer, zuverl\u00e4ssige Leistung<\/p>\n<p data-start=\"1306\" data-end=\"1453\">\n","protected":false},"featured_media":13674,"template":"","meta":[],"product_brand":[],"product_cat":[251,469,518],"product_tag":[],"class_list":{"0":"post-13350","1":"product","2":"type-product","3":"status-publish","4":"has-post-thumbnail","6":"product_cat-bt","7":"product_cat-elektrik-ve-sistem-parcalari","8":"product_cat-yedek-parca-bt","10":"first","11":"instock","12":"taxable","13":"shipping-taxable","14":"purchasable","15":"product-type-simple"},"_links":{"self":[{"href":"https:\/\/ceoparts.com\/de\/wp-json\/wp\/v2\/product\/13350","targetHints":{"allow":["GET"]}}],"collection":[{"href":"https:\/\/ceoparts.com\/de\/wp-json\/wp\/v2\/product"}],"about":[{"href":"https:\/\/ceoparts.com\/de\/wp-json\/wp\/v2\/types\/product"}],"wp:featuredmedia":[{"embeddable":true,"href":"https:\/\/ceoparts.com\/de\/wp-json\/wp\/v2\/media\/13674"}],"wp:attachment":[{"href":"https:\/\/ceoparts.com\/de\/wp-json\/wp\/v2\/media?parent=13350"}],"wp:term":[{"taxonomy":"product_brand","embeddable":true,"href":"https:\/\/ceoparts.com\/de\/wp-json\/wp\/v2\/product_brand?post=13350"},{"taxonomy":"product_cat","embeddable":true,"href":"https:\/\/ceoparts.com\/de\/wp-json\/wp\/v2\/product_cat?post=13350"},{"taxonomy":"product_tag","embeddable":true,"href":"https:\/\/ceoparts.com\/de\/wp-json\/wp\/v2\/product_tag?post=13350"}],"curies":[{"name":"wp","href":"https:\/\/api.w.org\/{rel}","templated":true}]}}