{"id":13370,"date":"2025-01-17T17:07:33","date_gmt":"2025-01-17T14:07:33","guid":{"rendered":"https:\/\/ceoparts.com\/?post_type=product&#038;p=13370"},"modified":"2026-05-17T16:33:03","modified_gmt":"2026-05-17T13:33:03","slug":"encoder","status":"publish","type":"product","link":"https:\/\/ceoparts.com\/de\/urun\/encoder\/","title":{"rendered":"Encoder"},"content":{"rendered":"<p>Encoder<\/p>","protected":false},"excerpt":{"rendered":"<article class=\"text-token-text-primary w-full\" dir=\"auto\" data-testid=\"conversation-turn-53\" data-scroll-anchor=\"true\">\n<div class=\"text-base my-auto mx-auto py-5 [--thread-content-margin:--spacing(4)] @[37rem]:[--thread-content-margin:--spacing(6)] @[72rem]:[--thread-content-margin:--spacing(16)] px-(--thread-content-margin)\">\n<div class=\"[--thread-content-max-width:32rem] @[34rem]:[--thread-content-max-width:40rem] @[64rem]:[--thread-content-max-width:48rem] mx-auto flex max-w-(--thread-content-max-width) flex-1 text-base gap-4 md:gap-5 lg:gap-6 group\/turn-messages focus-visible:outline-hidden\">\n<div class=\"group\/conversation-turn relative flex w-full min-w-0 flex-col agent-turn\">\n<div class=\"relative flex-col gap-1 md:gap-3\">\n<div class=\"flex max-w-full flex-col grow\">\n<div class=\"min-h-8 text-message relative flex w-full flex-col items-end gap-2 text-start break-words whitespace-normal [.text-message+&amp;]:mt-5\" dir=\"auto\" data-message-author-role=\"assistant\" data-message-id=\"5f17d186-8b07-4b0d-83cb-fc0b7cd04ee2\" data-message-model-slug=\"gpt-4-1-mini\">\n<div class=\"flex w-full flex-col gap-1 empty:hidden first:pt-[3px]\">\n<div class=\"markdown prose dark:prose-invert w-full break-words light\">\n<p data-start=\"0\" data-end=\"213\"><br data-start=\"1029\" data-end=\"1032\" \/>Encoder ist ein hochpr\u00e4ziser Sensor, der Bewegungs-, Geschwindigkeits- und Positionsinformationen in digitale Signale bei Gabelstaplern und Industriemaschinen umwandelt. Er erm\u00f6glicht eine genaue Daten\u00fcbertragung f\u00fcr Maschinensteuerung und Automatisierung.<\/p>\n<p data-start=\"1290\" data-end=\"1610\"><strong data-start=\"1290\" data-end=\"1308\">Eigenschaften:<\/strong><br data-start=\"1308\" data-end=\"1311\" \/><strong data-start=\"1311\" data-end=\"1327\">Produktname:<\/strong> Encoder<br data-start=\"1335\" data-end=\"1338\" \/><strong data-start=\"1338\" data-end=\"1354\">Teilenummer:<\/strong> Variiert je nach Modell und Anwendung<br data-start=\"1392\" data-end=\"1395\" \/><strong data-start=\"1395\" data-end=\"1408\">Material:<\/strong> Metall- und elektronische Komponenten<br data-start=\"1446\" data-end=\"1449\" \/><strong data-start=\"1449\" data-end=\"1468\">Einsatzbereich:<\/strong> Gabelstapler, Robotik und industrielle Automatisierungssysteme<br data-start=\"1531\" data-end=\"1534\" \/><strong data-start=\"1534\" data-end=\"1546\">Vorteil:<\/strong> Hohe Genauigkeit, schnelle Reaktionszeit, langlebige Bauweise<\/p>\n<p data-start=\"1612\" data-end=\"1854\">\n<\/div>\n<\/div>\n<\/div>\n<\/div>\n<\/div>\n<\/div>\n<\/div>\n<\/div>\n<\/article>\n","protected":false},"featured_media":13371,"template":"","meta":[],"product_brand":[],"product_cat":[469],"product_tag":[],"class_list":{"0":"post-13370","1":"product","2":"type-product","3":"status-publish","4":"has-post-thumbnail","6":"product_cat-elektrik-ve-sistem-parcalari","8":"first","9":"instock","10":"taxable","11":"shipping-taxable","12":"purchasable","13":"product-type-simple"},"_links":{"self":[{"href":"https:\/\/ceoparts.com\/de\/wp-json\/wp\/v2\/product\/13370","targetHints":{"allow":["GET"]}}],"collection":[{"href":"https:\/\/ceoparts.com\/de\/wp-json\/wp\/v2\/product"}],"about":[{"href":"https:\/\/ceoparts.com\/de\/wp-json\/wp\/v2\/types\/product"}],"wp:featuredmedia":[{"embeddable":true,"href":"https:\/\/ceoparts.com\/de\/wp-json\/wp\/v2\/media\/13371"}],"wp:attachment":[{"href":"https:\/\/ceoparts.com\/de\/wp-json\/wp\/v2\/media?parent=13370"}],"wp:term":[{"taxonomy":"product_brand","embeddable":true,"href":"https:\/\/ceoparts.com\/de\/wp-json\/wp\/v2\/product_brand?post=13370"},{"taxonomy":"product_cat","embeddable":true,"href":"https:\/\/ceoparts.com\/de\/wp-json\/wp\/v2\/product_cat?post=13370"},{"taxonomy":"product_tag","embeddable":true,"href":"https:\/\/ceoparts.com\/de\/wp-json\/wp\/v2\/product_tag?post=13370"}],"curies":[{"name":"wp","href":"https:\/\/api.w.org\/{rel}","templated":true}]}}