{"id":13388,"date":"2025-01-18T09:40:15","date_gmt":"2025-01-18T06:40:15","guid":{"rendered":"https:\/\/ceoparts.com\/?post_type=product&#038;p=13388"},"modified":"2026-05-16T17:11:27","modified_gmt":"2026-05-16T14:11:27","slug":"linde-l16-mmi-tesisat-kablosu-3093810461","status":"publish","type":"product","link":"https:\/\/ceoparts.com\/de\/urun\/linde-l16-mmi-tesisat-kablosu-3093810461\/","title":{"rendered":"Linde L16 MMI Anschlusskabel &#8211; 3093810461"},"content":{"rendered":"<p>Linde L16 MMI Anschlusskabel &#8211; 3093810461<\/p>","protected":false},"excerpt":{"rendered":"<p data-start=\"0\" data-end=\"238\"><br data-start=\"1053\" data-end=\"1056\" \/>Linde L16 MMI Verkabelungskabel ist ein hochwertiges und langlebiges Kabel, das elektronische Steuersysteme in Gabelstaplern und Industriefahrzeugen verbindet. Es unterst\u00fctzt einen sicheren und unterbrechungsfreien Betrieb.<\/p>\n<p data-start=\"1281\" data-end=\"1607\"><strong data-start=\"1281\" data-end=\"1299\">Eigenschaften:<\/strong><br data-start=\"1299\" data-end=\"1302\" \/><strong data-start=\"1302\" data-end=\"1318\">Produktname:<\/strong> Linde L16 MMI Verkabelungskabel<br data-start=\"1350\" data-end=\"1353\" \/><strong data-start=\"1353\" data-end=\"1369\">Teilenummer:<\/strong> 3093810461<br data-start=\"1380\" data-end=\"1383\" \/><strong data-start=\"1383\" data-end=\"1396\">Material:<\/strong> Hochfest isoliertes Kupferkabel aus Kunststoff<br data-start=\"1443\" data-end=\"1446\" \/><strong data-start=\"1446\" data-end=\"1465\">Einsatzbereich:<\/strong> Elektronische Steuerungssysteme von Linde Gabelstaplern<br data-start=\"1521\" data-end=\"1524\" \/><strong data-start=\"1524\" data-end=\"1536\">Vorteil:<\/strong> Lange Lebensdauer, hohe Flexibilit\u00e4t, zuverl\u00e4ssige Signal\u00fcbertragung<\/p>\n<p data-start=\"1609\" data-end=\"1823\">\n","protected":false},"featured_media":13390,"template":"","meta":[],"product_brand":[],"product_cat":[246,469,523],"product_tag":[],"class_list":{"0":"post-13388","1":"product","2":"type-product","3":"status-publish","4":"has-post-thumbnail","6":"product_cat-linde","7":"product_cat-elektrik-ve-sistem-parcalari","8":"product_cat-yedek-parca-linde","10":"first","11":"instock","12":"taxable","13":"shipping-taxable","14":"purchasable","15":"product-type-simple"},"_links":{"self":[{"href":"https:\/\/ceoparts.com\/de\/wp-json\/wp\/v2\/product\/13388","targetHints":{"allow":["GET"]}}],"collection":[{"href":"https:\/\/ceoparts.com\/de\/wp-json\/wp\/v2\/product"}],"about":[{"href":"https:\/\/ceoparts.com\/de\/wp-json\/wp\/v2\/types\/product"}],"wp:featuredmedia":[{"embeddable":true,"href":"https:\/\/ceoparts.com\/de\/wp-json\/wp\/v2\/media\/13390"}],"wp:attachment":[{"href":"https:\/\/ceoparts.com\/de\/wp-json\/wp\/v2\/media?parent=13388"}],"wp:term":[{"taxonomy":"product_brand","embeddable":true,"href":"https:\/\/ceoparts.com\/de\/wp-json\/wp\/v2\/product_brand?post=13388"},{"taxonomy":"product_cat","embeddable":true,"href":"https:\/\/ceoparts.com\/de\/wp-json\/wp\/v2\/product_cat?post=13388"},{"taxonomy":"product_tag","embeddable":true,"href":"https:\/\/ceoparts.com\/de\/wp-json\/wp\/v2\/product_tag?post=13388"}],"curies":[{"name":"wp","href":"https:\/\/api.w.org\/{rel}","templated":true}]}}