{"id":13397,"date":"2025-01-18T09:59:23","date_gmt":"2025-01-18T06:59:23","guid":{"rendered":"https:\/\/ceoparts.com\/?post_type=product&#038;p=13397"},"modified":"2026-05-16T14:01:42","modified_gmt":"2026-05-16T11:01:42","slug":"devir-sensoru-lj8a3-2-z-ay-dc","status":"publish","type":"product","link":"https:\/\/ceoparts.com\/de\/urun\/devir-sensoru-lj8a3-2-z-ay-dc\/","title":{"rendered":"Drehzahlsensor &#8211; LJ8A3-2-Z\/AY Dc"},"content":{"rendered":"<p>Drehzahlsensor &#8211; LJ8A3-2-Z\/AY Dc<\/p>","protected":false},"excerpt":{"rendered":"<p data-start=\"0\" data-end=\"253\"><br data-start=\"1109\" data-end=\"1112\" \/>Der Devir-Sensor LJ8A3-2-Z\/AY DC ist ein pr\u00e4ziser induktiver Sensor zur Messung und \u00dcberwachung der Motordrehzahl in Gabelstaplern und Industriemaschinen. Er erkennt rechtzeitig Probleme wie \u00dcberdrehzahl oder Stopps durch \u00dcberwachung der Maschinenleistung.<\/p>\n<p data-start=\"1370\" data-end=\"1680\"><strong data-start=\"1370\" data-end=\"1388\">Eigenschaften:<\/strong><br data-start=\"1388\" data-end=\"1391\" \/><strong data-start=\"1391\" data-end=\"1407\">Produktname:<\/strong> Drehzahlsensor<br data-start=\"1422\" data-end=\"1425\" \/><strong data-start=\"1425\" data-end=\"1441\">Teilenummer:<\/strong> LJ8A3-2-Z\/AY DC<br data-start=\"1457\" data-end=\"1460\" \/><strong data-start=\"1460\" data-end=\"1473\">Material:<\/strong> Edelstahlgeh\u00e4use und elektronische Komponenten<br data-start=\"1520\" data-end=\"1523\" \/><strong data-start=\"1523\" data-end=\"1542\">Einsatzbereich:<\/strong> Drehzahlkontrollsysteme f\u00fcr Gabelstapler und Industriemaschinen<br data-start=\"1606\" data-end=\"1609\" \/><strong data-start=\"1609\" data-end=\"1621\">Vorteil:<\/strong> Hohe Pr\u00e4zision, robuste Bauweise, schnelle Reaktionszeit<\/p>\n<p data-start=\"1682\" data-end=\"1940\">\n","protected":false},"featured_media":13399,"template":"","meta":[],"product_brand":[],"product_cat":[469],"product_tag":[],"class_list":{"0":"post-13397","1":"product","2":"type-product","3":"status-publish","4":"has-post-thumbnail","6":"product_cat-elektrik-ve-sistem-parcalari","8":"first","9":"instock","10":"taxable","11":"shipping-taxable","12":"purchasable","13":"product-type-simple"},"_links":{"self":[{"href":"https:\/\/ceoparts.com\/de\/wp-json\/wp\/v2\/product\/13397","targetHints":{"allow":["GET"]}}],"collection":[{"href":"https:\/\/ceoparts.com\/de\/wp-json\/wp\/v2\/product"}],"about":[{"href":"https:\/\/ceoparts.com\/de\/wp-json\/wp\/v2\/types\/product"}],"wp:featuredmedia":[{"embeddable":true,"href":"https:\/\/ceoparts.com\/de\/wp-json\/wp\/v2\/media\/13399"}],"wp:attachment":[{"href":"https:\/\/ceoparts.com\/de\/wp-json\/wp\/v2\/media?parent=13397"}],"wp:term":[{"taxonomy":"product_brand","embeddable":true,"href":"https:\/\/ceoparts.com\/de\/wp-json\/wp\/v2\/product_brand?post=13397"},{"taxonomy":"product_cat","embeddable":true,"href":"https:\/\/ceoparts.com\/de\/wp-json\/wp\/v2\/product_cat?post=13397"},{"taxonomy":"product_tag","embeddable":true,"href":"https:\/\/ceoparts.com\/de\/wp-json\/wp\/v2\/product_tag?post=13397"}],"curies":[{"name":"wp","href":"https:\/\/api.w.org\/{rel}","templated":true}]}}