{"id":13401,"date":"2025-01-18T10:28:34","date_gmt":"2025-01-18T07:28:34","guid":{"rendered":"https:\/\/ceoparts.com\/?post_type=product&#038;p=13401"},"modified":"2026-05-16T15:13:45","modified_gmt":"2026-05-16T12:13:45","slug":"curtis-aku-gostergesi-24v-803rb2448bcj3010","status":"publish","type":"product","link":"https:\/\/ceoparts.com\/de\/urun\/curtis-aku-gostergesi-24v-803rb2448bcj3010\/","title":{"rendered":"Curtis Batterieanzeige 24V &#8211; 803RB2448BCJ3010"},"content":{"rendered":"<p>Curtis Batterieanzeige 24V &#8211; 803RB2448BCJ3010<\/p>","protected":false},"excerpt":{"rendered":"<p data-start=\"0\" data-end=\"250\"><br data-start=\"1117\" data-end=\"1120\" \/>Curtis Batterieanzeige 24V ist ein pr\u00e4zises Anzeigeger\u00e4t zur \u00dcberwachung des Ladezustands von Batterien in Gabelstaplern und Industriefahrzeugen. Sie liefert dem Bediener klare Informationen \u00fcber den Batteriestatus und erh\u00f6ht die Betriebssicherheit.<\/p>\n<p data-start=\"1371\" data-end=\"1700\"><strong data-start=\"1371\" data-end=\"1389\">Eigenschaften:<\/strong><br data-start=\"1389\" data-end=\"1392\" \/><strong data-start=\"1392\" data-end=\"1408\">Produktname:<\/strong> Curtis Batterieanzeige 24V<br data-start=\"1435\" data-end=\"1438\" \/><strong data-start=\"1438\" data-end=\"1454\">Teilenummer:<\/strong> 803RB2448BCJ3010<br data-start=\"1471\" data-end=\"1474\" \/><strong data-start=\"1474\" data-end=\"1487\">Material:<\/strong> Robuster Kunststoff und elektronische Komponenten<br data-start=\"1537\" data-end=\"1540\" \/><strong data-start=\"1540\" data-end=\"1559\">Einsatzbereich:<\/strong> Batteriemonitoringsysteme f\u00fcr Gabelstapler und Industriefahrzeuge<br data-start=\"1625\" data-end=\"1628\" \/><strong data-start=\"1628\" data-end=\"1640\">Vorteil:<\/strong> Klare Anzeige, pr\u00e4zise Lade\u00fcberwachung, lange Lebensdauer<\/p>\n<p data-start=\"1702\" data-end=\"1973\">\n","protected":false},"featured_media":13406,"template":"","meta":[],"product_brand":[],"product_cat":[431],"product_tag":[],"class_list":{"0":"post-13401","1":"product","2":"type-product","3":"status-publish","4":"has-post-thumbnail","6":"product_cat-ekranlar-ve-kartlar","8":"first","9":"instock","10":"taxable","11":"shipping-taxable","12":"purchasable","13":"product-type-simple"},"_links":{"self":[{"href":"https:\/\/ceoparts.com\/de\/wp-json\/wp\/v2\/product\/13401","targetHints":{"allow":["GET"]}}],"collection":[{"href":"https:\/\/ceoparts.com\/de\/wp-json\/wp\/v2\/product"}],"about":[{"href":"https:\/\/ceoparts.com\/de\/wp-json\/wp\/v2\/types\/product"}],"wp:featuredmedia":[{"embeddable":true,"href":"https:\/\/ceoparts.com\/de\/wp-json\/wp\/v2\/media\/13406"}],"wp:attachment":[{"href":"https:\/\/ceoparts.com\/de\/wp-json\/wp\/v2\/media?parent=13401"}],"wp:term":[{"taxonomy":"product_brand","embeddable":true,"href":"https:\/\/ceoparts.com\/de\/wp-json\/wp\/v2\/product_brand?post=13401"},{"taxonomy":"product_cat","embeddable":true,"href":"https:\/\/ceoparts.com\/de\/wp-json\/wp\/v2\/product_cat?post=13401"},{"taxonomy":"product_tag","embeddable":true,"href":"https:\/\/ceoparts.com\/de\/wp-json\/wp\/v2\/product_tag?post=13401"}],"curies":[{"name":"wp","href":"https:\/\/api.w.org\/{rel}","templated":true}]}}