{"id":13407,"date":"2025-01-18T10:37:14","date_gmt":"2025-01-18T07:37:14","guid":{"rendered":"https:\/\/ceoparts.com\/?post_type=product&#038;p=13407"},"modified":"2026-05-16T15:03:41","modified_gmt":"2026-05-16T12:03:41","slug":"linde-indirme-kaldirma-joystick-7919040015","status":"publish","type":"product","link":"https:\/\/ceoparts.com\/de\/urun\/linde-indirme-kaldirma-joystick-7919040015\/","title":{"rendered":"Linde Hebe- und Senk-Joystick &#8211; 7919040015"},"content":{"rendered":"<p>Linde Hebe- und Senk-Joystick &#8211; 7919040015<\/p>\n<p>E16C 1275 H25, 30, 35 393 i\u00e7in ge\u00e7erlidir. E25, E25S, E30S 1276 i\u00e7in. E14,16,18,20 335 i\u00e7in.<\/p>","protected":false},"excerpt":{"rendered":"<p data-start=\"0\" data-end=\"253\"><br data-start=\"1099\" data-end=\"1102\" \/>Linde Hub-Senk-Joystick ist ein ergonomischer und robuster Steuerhebel f\u00fcr die Steuerung von Hub- und Senkvorg\u00e4ngen bei Gabelstaplern. Er erm\u00f6glicht dem Bediener schnelle und pr\u00e4zise Man\u00f6ver und erh\u00f6ht die Sicherheit sowie Effizienz.<\/p>\n<p data-start=\"1337\" data-end=\"1647\"><strong data-start=\"1337\" data-end=\"1355\">Eigenschaften:<\/strong><br data-start=\"1355\" data-end=\"1358\" \/><strong data-start=\"1358\" data-end=\"1374\">Produktname:<\/strong> Linde Hub-Senk-Joystick<br data-start=\"1398\" data-end=\"1401\" \/><strong data-start=\"1401\" data-end=\"1417\">Teilenummer:<\/strong> 7919040015<br data-start=\"1428\" data-end=\"1431\" \/><strong data-start=\"1431\" data-end=\"1444\">Material:<\/strong> Robuster Kunststoff und elektronische Komponenten<br data-start=\"1494\" data-end=\"1497\" \/><strong data-start=\"1497\" data-end=\"1516\">Einsatzbereich:<\/strong> Hub- und Senksysteme von Linde Gabelstaplern<br data-start=\"1561\" data-end=\"1564\" \/><strong data-start=\"1564\" data-end=\"1576\">Vorteil:<\/strong> Ergonomisches Design, hohe Reaktionsgenauigkeit, langlebiger Einsatz<\/p>\n<p data-start=\"1649\" data-end=\"1907\">\n","protected":false},"featured_media":13409,"template":"","meta":[],"product_brand":[],"product_cat":[246,471,523],"product_tag":[],"class_list":{"0":"post-13407","1":"product","2":"type-product","3":"status-publish","4":"has-post-thumbnail","6":"product_cat-linde","7":"product_cat-joystick-pedal-yedek-parca","8":"product_cat-yedek-parca-linde","10":"first","11":"instock","12":"taxable","13":"shipping-taxable","14":"purchasable","15":"product-type-simple"},"_links":{"self":[{"href":"https:\/\/ceoparts.com\/de\/wp-json\/wp\/v2\/product\/13407","targetHints":{"allow":["GET"]}}],"collection":[{"href":"https:\/\/ceoparts.com\/de\/wp-json\/wp\/v2\/product"}],"about":[{"href":"https:\/\/ceoparts.com\/de\/wp-json\/wp\/v2\/types\/product"}],"wp:featuredmedia":[{"embeddable":true,"href":"https:\/\/ceoparts.com\/de\/wp-json\/wp\/v2\/media\/13409"}],"wp:attachment":[{"href":"https:\/\/ceoparts.com\/de\/wp-json\/wp\/v2\/media?parent=13407"}],"wp:term":[{"taxonomy":"product_brand","embeddable":true,"href":"https:\/\/ceoparts.com\/de\/wp-json\/wp\/v2\/product_brand?post=13407"},{"taxonomy":"product_cat","embeddable":true,"href":"https:\/\/ceoparts.com\/de\/wp-json\/wp\/v2\/product_cat?post=13407"},{"taxonomy":"product_tag","embeddable":true,"href":"https:\/\/ceoparts.com\/de\/wp-json\/wp\/v2\/product_tag?post=13407"}],"curies":[{"name":"wp","href":"https:\/\/api.w.org\/{rel}","templated":true}]}}