{"id":13415,"date":"2025-01-18T11:02:47","date_gmt":"2025-01-18T08:02:47","guid":{"rendered":"https:\/\/ceoparts.com\/?post_type=product&#038;p=13415"},"modified":"2026-05-16T14:06:07","modified_gmt":"2026-05-16T11:06:07","slug":"linde-indirme-kaldirma-joystick-7919040012","status":"publish","type":"product","link":"https:\/\/ceoparts.com\/de\/urun\/linde-indirme-kaldirma-joystick-7919040012\/","title":{"rendered":"Linde E Schieberegler Joystick &#8211; 7919040012"},"content":{"rendered":"<p>Linde E Schieberegler Joystick &#8211; 7919040012<\/p>\n<p>Model:E12\/E14\/E15\/E16\/E18\/E20\/E30\/E40\/E50<br \/>\nSeriler: 386 387 388 392 393 394 396<\/p>\n<p>&nbsp;<\/p>","protected":false},"excerpt":{"rendered":"<p data-start=\"0\" data-end=\"202\"><br data-start=\"990\" data-end=\"993\" \/>Linde E Seitenschub-Joystick ist ein ergonomischer und robuster Steuerhebel f\u00fcr die Steuerung der Seitenschubfunktionen bei Gabelstaplern. Er erm\u00f6glicht dem Bediener schnelle und pr\u00e4zise Man\u00f6ver.<\/p>\n<p data-start=\"1190\" data-end=\"1508\"><strong data-start=\"1190\" data-end=\"1208\">Eigenschaften:<\/strong><br data-start=\"1208\" data-end=\"1211\" \/><strong data-start=\"1211\" data-end=\"1227\">Produktname:<\/strong> Linde E Seitenschub-Joystick<br data-start=\"1256\" data-end=\"1259\" \/><strong data-start=\"1259\" data-end=\"1275\">Teilenummer:<\/strong> 7919040012<br data-start=\"1286\" data-end=\"1289\" \/><strong data-start=\"1289\" data-end=\"1302\">Material:<\/strong> Robuster Kunststoff und elektronische Komponenten<br data-start=\"1352\" data-end=\"1355\" \/><strong data-start=\"1355\" data-end=\"1374\">Einsatzbereich:<\/strong> Seitenschubsysteme der Linde E Serie Gabelstapler<br data-start=\"1424\" data-end=\"1427\" \/><strong data-start=\"1427\" data-end=\"1439\">Vorteil:<\/strong> Ergonomisches Design, hohe Reaktionsgenauigkeit, lange Lebensdauer<\/p>\n<p data-start=\"1510\" data-end=\"1700\">\n","protected":false},"featured_media":13416,"template":"","meta":[],"product_brand":[],"product_cat":[246,471,523],"product_tag":[],"class_list":{"0":"post-13415","1":"product","2":"type-product","3":"status-publish","4":"has-post-thumbnail","6":"product_cat-linde","7":"product_cat-joystick-pedal-yedek-parca","8":"product_cat-yedek-parca-linde","10":"first","11":"instock","12":"taxable","13":"shipping-taxable","14":"purchasable","15":"product-type-simple"},"_links":{"self":[{"href":"https:\/\/ceoparts.com\/de\/wp-json\/wp\/v2\/product\/13415","targetHints":{"allow":["GET"]}}],"collection":[{"href":"https:\/\/ceoparts.com\/de\/wp-json\/wp\/v2\/product"}],"about":[{"href":"https:\/\/ceoparts.com\/de\/wp-json\/wp\/v2\/types\/product"}],"wp:featuredmedia":[{"embeddable":true,"href":"https:\/\/ceoparts.com\/de\/wp-json\/wp\/v2\/media\/13416"}],"wp:attachment":[{"href":"https:\/\/ceoparts.com\/de\/wp-json\/wp\/v2\/media?parent=13415"}],"wp:term":[{"taxonomy":"product_brand","embeddable":true,"href":"https:\/\/ceoparts.com\/de\/wp-json\/wp\/v2\/product_brand?post=13415"},{"taxonomy":"product_cat","embeddable":true,"href":"https:\/\/ceoparts.com\/de\/wp-json\/wp\/v2\/product_cat?post=13415"},{"taxonomy":"product_tag","embeddable":true,"href":"https:\/\/ceoparts.com\/de\/wp-json\/wp\/v2\/product_tag?post=13415"}],"curies":[{"name":"wp","href":"https:\/\/api.w.org\/{rel}","templated":true}]}}