{"id":13419,"date":"2025-01-18T11:28:31","date_gmt":"2025-01-18T08:28:31","guid":{"rendered":"https:\/\/ceoparts.com\/?post_type=product&#038;p=13419"},"modified":"2026-05-16T16:21:20","modified_gmt":"2026-05-16T13:21:20","slug":"still-ecu-limit-switch-45583607202","status":"publish","type":"product","link":"https:\/\/ceoparts.com\/de\/urun\/still-ecu-limit-switch-45583607202\/","title":{"rendered":"Still ECU Endschalter &#8211; 45583607202"},"content":{"rendered":"<p>Still ECU Endschalter &#8211; 45583607202<\/p>","protected":false},"excerpt":{"rendered":"<p data-start=\"0\" data-end=\"194\"><br data-start=\"955\" data-end=\"958\" \/>Still ECU Endschalter ist ein pr\u00e4ziser Schalter f\u00fcr die Hub- und Steuerungssysteme von Gabelstaplern. Er definiert Bewegungsgrenzen und sorgt f\u00fcr einen sicheren und kontrollierten Betrieb.<\/p>\n<p data-start=\"1148\" data-end=\"1447\"><strong data-start=\"1148\" data-end=\"1166\">Eigenschaften:<\/strong><br data-start=\"1166\" data-end=\"1169\" \/><strong data-start=\"1169\" data-end=\"1185\">Produktname:<\/strong> Still ECU Endschalter<br data-start=\"1207\" data-end=\"1210\" \/><strong data-start=\"1210\" data-end=\"1226\">Teilenummer:<\/strong> 45583607202<br data-start=\"1238\" data-end=\"1241\" \/><strong data-start=\"1241\" data-end=\"1254\">Material:<\/strong> Robuster Kunststoff und Metallkomponenten<br data-start=\"1296\" data-end=\"1299\" \/><strong data-start=\"1299\" data-end=\"1318\">Einsatzbereich:<\/strong> Hub- und Steuerungssysteme von Still ECU Gabelstaplern<br data-start=\"1373\" data-end=\"1376\" \/><strong data-start=\"1376\" data-end=\"1388\">Vorteil:<\/strong> Hohe Pr\u00e4zision, zuverl\u00e4ssige Leistung, lange Lebensdauer<\/p>\n<p data-start=\"1449\" data-end=\"1659\">\n","protected":false},"featured_media":13420,"template":"","meta":[],"product_brand":[],"product_cat":[241,469,524],"product_tag":[],"class_list":{"0":"post-13419","1":"product","2":"type-product","3":"status-publish","4":"has-post-thumbnail","6":"product_cat-still","7":"product_cat-elektrik-ve-sistem-parcalari","8":"product_cat-yedek-parca-still","10":"first","11":"instock","12":"taxable","13":"shipping-taxable","14":"purchasable","15":"product-type-simple"},"_links":{"self":[{"href":"https:\/\/ceoparts.com\/de\/wp-json\/wp\/v2\/product\/13419","targetHints":{"allow":["GET"]}}],"collection":[{"href":"https:\/\/ceoparts.com\/de\/wp-json\/wp\/v2\/product"}],"about":[{"href":"https:\/\/ceoparts.com\/de\/wp-json\/wp\/v2\/types\/product"}],"wp:featuredmedia":[{"embeddable":true,"href":"https:\/\/ceoparts.com\/de\/wp-json\/wp\/v2\/media\/13420"}],"wp:attachment":[{"href":"https:\/\/ceoparts.com\/de\/wp-json\/wp\/v2\/media?parent=13419"}],"wp:term":[{"taxonomy":"product_brand","embeddable":true,"href":"https:\/\/ceoparts.com\/de\/wp-json\/wp\/v2\/product_brand?post=13419"},{"taxonomy":"product_cat","embeddable":true,"href":"https:\/\/ceoparts.com\/de\/wp-json\/wp\/v2\/product_cat?post=13419"},{"taxonomy":"product_tag","embeddable":true,"href":"https:\/\/ceoparts.com\/de\/wp-json\/wp\/v2\/product_tag?post=13419"}],"curies":[{"name":"wp","href":"https:\/\/api.w.org\/{rel}","templated":true}]}}