{"id":13424,"date":"2025-01-18T11:44:43","date_gmt":"2025-01-18T08:44:43","guid":{"rendered":"https:\/\/ceoparts.com\/?post_type=product&#038;p=13424"},"modified":"2026-05-16T15:29:06","modified_gmt":"2026-05-16T12:29:06","slug":"elobau-manyeik-guvenlik-sensoru-16531004","status":"publish","type":"product","link":"https:\/\/ceoparts.com\/de\/urun\/elobau-manyeik-guvenlik-sensoru-16531004\/","title":{"rendered":"ELOBAU Magnetischer Sicherheitsensor &#8211; 16531004"},"content":{"rendered":"<p>ELOBAU Magnetischer Sicherheitsensor &#8211; 16531004<\/p>\n<p>LINDE 1.5 MT Sensor<\/p>","protected":false},"excerpt":{"rendered":"<p data-start=\"0\" data-end=\"255\"><br data-start=\"1086\" data-end=\"1089\" \/>ELOBAU Magnetischer Sicherheitssensor ist ein langlebiger und pr\u00e4ziser Sensor f\u00fcr die Sicherheits\u00fcberwachung in Gabelstaplern und industriellen Maschinen. Er steuert den Sicherheitskreis \u00fcber magnetische Erkennung und hilft, Gefahren zu vermeiden.<\/p>\n<p data-start=\"1338\" data-end=\"1667\"><strong data-start=\"1338\" data-end=\"1356\">Eigenschaften:<\/strong><br data-start=\"1356\" data-end=\"1359\" \/><strong data-start=\"1359\" data-end=\"1375\">Produktname:<\/strong> ELOBAU Magnetischer Sicherheitssensor<br data-start=\"1413\" data-end=\"1416\" \/><strong data-start=\"1416\" data-end=\"1432\">Teilenummer:<\/strong> 16531004<br data-start=\"1441\" data-end=\"1444\" \/><strong data-start=\"1444\" data-end=\"1457\">Material:<\/strong> Robuster Kunststoff und elektronische Komponenten<br data-start=\"1507\" data-end=\"1510\" \/><strong data-start=\"1510\" data-end=\"1529\">Einsatzbereich:<\/strong> Sicherheitskreise von Gabelstaplern und Industrieanlagen<br data-start=\"1586\" data-end=\"1589\" \/><strong data-start=\"1589\" data-end=\"1601\">Vorteil:<\/strong> Hohe Erkennungsgenauigkeit, robuste Bauweise, lange Lebensdauer<\/p>\n<p data-start=\"1669\" data-end=\"1885\">\n","protected":false},"featured_media":13425,"template":"","meta":[],"product_brand":[],"product_cat":[246,469,523],"product_tag":[],"class_list":{"0":"post-13424","1":"product","2":"type-product","3":"status-publish","4":"has-post-thumbnail","6":"product_cat-linde","7":"product_cat-elektrik-ve-sistem-parcalari","8":"product_cat-yedek-parca-linde","10":"first","11":"instock","12":"taxable","13":"shipping-taxable","14":"purchasable","15":"product-type-simple"},"_links":{"self":[{"href":"https:\/\/ceoparts.com\/de\/wp-json\/wp\/v2\/product\/13424","targetHints":{"allow":["GET"]}}],"collection":[{"href":"https:\/\/ceoparts.com\/de\/wp-json\/wp\/v2\/product"}],"about":[{"href":"https:\/\/ceoparts.com\/de\/wp-json\/wp\/v2\/types\/product"}],"wp:featuredmedia":[{"embeddable":true,"href":"https:\/\/ceoparts.com\/de\/wp-json\/wp\/v2\/media\/13425"}],"wp:attachment":[{"href":"https:\/\/ceoparts.com\/de\/wp-json\/wp\/v2\/media?parent=13424"}],"wp:term":[{"taxonomy":"product_brand","embeddable":true,"href":"https:\/\/ceoparts.com\/de\/wp-json\/wp\/v2\/product_brand?post=13424"},{"taxonomy":"product_cat","embeddable":true,"href":"https:\/\/ceoparts.com\/de\/wp-json\/wp\/v2\/product_cat?post=13424"},{"taxonomy":"product_tag","embeddable":true,"href":"https:\/\/ceoparts.com\/de\/wp-json\/wp\/v2\/product_tag?post=13424"}],"curies":[{"name":"wp","href":"https:\/\/api.w.org\/{rel}","templated":true}]}}