{"id":13429,"date":"2025-01-18T11:50:30","date_gmt":"2025-01-18T08:50:30","guid":{"rendered":"https:\/\/ceoparts.com\/?post_type=product&#038;p=13429"},"modified":"2026-05-16T15:26:16","modified_gmt":"2026-05-16T12:26:16","slug":"linde-h-serisi-kaydirma-joystick-7919040041","status":"publish","type":"product","link":"https:\/\/ceoparts.com\/de\/urun\/linde-h-serisi-kaydirma-joystick-7919040041\/","title":{"rendered":"Linde H-Serie Schiebewippe &#8211; 7919040041"},"content":{"rendered":"<p>Linde H-Serie Schiebewippe &#8211; 7919040041<\/p>\n<p><\/p>\n<table border=\"0\" width=\"482\" cellspacing=\"0\" cellpadding=\"0\">\n<colgroup>\n<col width=\"64\" \/>\n<col width=\"418\" \/><\/colgroup>\n<tbody>\n<tr>\n<td width=\"64\" height=\"19\"><span style=\"font-family: Calibri;\">335-02<\/span><\/td>\n<td width=\"418\"><span style=\"font-family: Calibri;\">E14\/16\/18\/20 &#8211; 02<\/span><\/td>\n<\/tr>\n<tr>\n<td height=\"19\"><span style=\"font-family: Calibri;\">336-31<\/span><\/td>\n<td><span style=\"font-family: Calibri;\">E25\/30 Ex S &#8211; Zone 2, 22 (3G, 3D) with gas safety system<\/span><\/td>\n<\/tr>\n<tr>\n<td height=\"19\"><span style=\"font-family: Calibri;\">336-02<\/span><\/td>\n<td><span style=\"font-family: Calibri;\">E20\/25\/30 &#8211; 02<\/span><\/td>\n<\/tr>\n<tr>\n<td height=\"19\"><span style=\"font-family: Calibri;\">336-03<\/span><\/td>\n<td><span style=\"font-family: Calibri;\">E25\/30 &#8211; 03<\/span><\/td>\n<\/tr>\n<tr>\n<td height=\"19\"><span style=\"font-family: Calibri;\">392-01<\/span><\/td>\n<td><span style=\"font-family: Calibri;\">H20\/25<\/span><\/td>\n<\/tr>\n<tr>\n<td height=\"19\"><span style=\"font-family: Calibri;\">393-01<\/span><\/td>\n<td><span style=\"font-family: Calibri;\">H25\/30\/35<\/span><\/td>\n<\/tr>\n<tr>\n<td height=\"19\"><span style=\"font-family: Calibri;\">394-01<\/span><\/td>\n<td><span style=\"font-family: Calibri;\">H40\/45\/50<\/span><\/td>\n<\/tr>\n<tr>\n<td height=\"19\"><span style=\"font-family: Calibri;\">116-03<\/span><\/td>\n<td><span style=\"font-family: Calibri;\">R14X\/R16X\/R17X\/R17XHD-03<\/span><\/td>\n<\/tr>\n<tr>\n<td height=\"19\"><span style=\"font-family: Calibri;\">116<\/span><\/td>\n<td><span style=\"font-family: Calibri;\">R14X\/R16X\/R17X\/R17XHD<\/span><\/td>\n<\/tr>\n<tr>\n<td height=\"19\"><span style=\"font-family: Calibri;\">116-02<\/span><\/td>\n<td><span style=\"font-family: Calibri;\">R14X\/R16X\/R17X\/R17XHD<\/span><\/td>\n<\/tr>\n<tr>\n<td height=\"19\"><span style=\"font-family: Calibri;\">1401<\/span><\/td>\n<td><span style=\"font-family: Calibri;\">H100\/H120\/H140\/H150\/H160\/H180<\/span><\/td>\n<\/tr>\n<tr>\n<td height=\"19\"><span style=\"font-family: Calibri;\">1401<\/span><\/td>\n<td><span style=\"font-family: Calibri;\">H100\/H120\/H140\/H150\/H160\/H180 &#8211; T4<\/span><\/td>\n<\/tr>\n<tr>\n<td height=\"19\"><span style=\"font-family: Calibri;\">1402<\/span><\/td>\n<td><span style=\"font-family: Calibri;\">H180,H200,H220,H250,H280,H300,H320<\/span><\/td>\n<\/tr>\n<tr>\n<td height=\"19\"><span style=\"font-family: Calibri;\">318<\/span><\/td>\n<td><span style=\"font-family: Calibri;\">C90\/5, C90\/6, C90\/7, C90\/8<\/span><\/td>\n<\/tr>\n<tr>\n<td height=\"19\"><span style=\"font-family: Calibri;\">335-03<\/span><\/td>\n<td><span style=\"font-family: Calibri;\">E16\/20-03<\/span><\/td>\n<\/tr>\n<tr>\n<td height=\"19\"><span style=\"font-family: Calibri;\">335-02<\/span><\/td>\n<td><span style=\"font-family: Calibri;\">E14\/16\/18\/20 &#8211; 02<\/span><\/td>\n<\/tr>\n<tr>\n<td height=\"19\"><span style=\"font-family: Calibri;\">335-02<\/span><\/td>\n<td><span style=\"font-family: Calibri;\">E16\/20-02<\/span><\/td>\n<\/tr>\n<tr>\n<td height=\"19\"><span style=\"font-family: Calibri;\">346<\/span><\/td>\n<td><span style=\"font-family: Calibri;\">E18\/20\/20P<\/span><\/td>\n<\/tr>\n<tr>\n<td height=\"19\"><span style=\"font-family: Calibri;\">359<\/span><\/td>\n<td><span style=\"font-family: Calibri;\">H100\/H120\/H140\/H150\/H160\/H180 &#8211; T2<\/span><\/td>\n<\/tr>\n<tr>\n<td height=\"19\"><span style=\"font-family: Calibri;\">359<\/span><\/td>\n<td><span style=\"font-family: Calibri;\">H100\/H120\/H140\/H150\/H160\/H180 &#8211; T3<\/span><\/td>\n<\/tr>\n<tr>\n<td height=\"19\"><span style=\"font-family: Calibri;\">386<\/span><\/td>\n<td><span style=\"font-family: Calibri;\">E12\/14\/15\/16\/18\/20<\/span><\/td>\n<\/tr>\n<tr>\n<td height=\"19\"><span style=\"font-family: Calibri;\">391-01<\/span><\/td>\n<td><span style=\"font-family: Calibri;\">H14\/16\/18\/20<\/span><\/td>\n<\/tr>\n<tr>\n<td height=\"19\"><span style=\"font-family: Calibri;\">396-01<\/span><\/td>\n<td><span style=\"font-family: Calibri;\">H50\/60\/70\/80<\/span><\/td>\n<\/tr>\n<\/tbody>\n<\/table>\n<p><\/p>","protected":false},"excerpt":{"rendered":"<p data-start=\"0\" data-end=\"206\"><br data-start=\"1007\" data-end=\"1010\" \/>Linde H Serie Seitenschub-Joystick ist ein ergonomischer und langlebiger Steuerhebel f\u00fcr die Steuerung der Seitenschubfunktion bei Gabelstaplern. Er erm\u00f6glicht pr\u00e4zise und komfortable Man\u00f6ver.<\/p>\n<p data-start=\"1204\" data-end=\"1523\"><strong data-start=\"1204\" data-end=\"1222\">Eigenschaften:<\/strong><br data-start=\"1222\" data-end=\"1225\" \/><strong data-start=\"1225\" data-end=\"1241\">Produktname:<\/strong> Linde H Serie Seitenschub-Joystick<br data-start=\"1276\" data-end=\"1279\" \/><strong data-start=\"1279\" data-end=\"1295\">Teilenummer:<\/strong> 7919040041<br data-start=\"1306\" data-end=\"1309\" \/><strong data-start=\"1309\" data-end=\"1322\">Material:<\/strong> Robuster Kunststoff und elektronische Komponenten<br data-start=\"1372\" data-end=\"1375\" \/><strong data-start=\"1375\" data-end=\"1394\">Einsatzbereich:<\/strong> Seitenschubsysteme von Linde H Serie Gabelstaplern<br data-start=\"1445\" data-end=\"1448\" \/><strong data-start=\"1448\" data-end=\"1460\">Vorteil:<\/strong> Ergonomisches Design, schnelle Reaktion, langlebige Bauweise<\/p>\n<p data-start=\"1525\" data-end=\"1720\">\n","protected":false},"featured_media":13433,"template":"","meta":[],"product_brand":[],"product_cat":[471,523,246],"product_tag":[],"class_list":{"0":"post-13429","1":"product","2":"type-product","3":"status-publish","4":"has-post-thumbnail","6":"product_cat-joystick-pedal-yedek-parca","7":"product_cat-yedek-parca-linde","8":"product_cat-linde","10":"first","11":"instock","12":"taxable","13":"shipping-taxable","14":"purchasable","15":"product-type-simple"},"_links":{"self":[{"href":"https:\/\/ceoparts.com\/de\/wp-json\/wp\/v2\/product\/13429","targetHints":{"allow":["GET"]}}],"collection":[{"href":"https:\/\/ceoparts.com\/de\/wp-json\/wp\/v2\/product"}],"about":[{"href":"https:\/\/ceoparts.com\/de\/wp-json\/wp\/v2\/types\/product"}],"wp:featuredmedia":[{"embeddable":true,"href":"https:\/\/ceoparts.com\/de\/wp-json\/wp\/v2\/media\/13433"}],"wp:attachment":[{"href":"https:\/\/ceoparts.com\/de\/wp-json\/wp\/v2\/media?parent=13429"}],"wp:term":[{"taxonomy":"product_brand","embeddable":true,"href":"https:\/\/ceoparts.com\/de\/wp-json\/wp\/v2\/product_brand?post=13429"},{"taxonomy":"product_cat","embeddable":true,"href":"https:\/\/ceoparts.com\/de\/wp-json\/wp\/v2\/product_cat?post=13429"},{"taxonomy":"product_tag","embeddable":true,"href":"https:\/\/ceoparts.com\/de\/wp-json\/wp\/v2\/product_tag?post=13429"}],"curies":[{"name":"wp","href":"https:\/\/api.w.org\/{rel}","templated":true}]}}