{"id":13494,"date":"2025-01-20T17:55:37","date_gmt":"2025-01-20T14:55:37","guid":{"rendered":"https:\/\/ceoparts.com\/?post_type=product&#038;p=13494"},"modified":"2026-05-16T12:56:59","modified_gmt":"2026-05-16T09:56:59","slug":"bt-rre-160h-asansor-kablosu-005-7578722005","status":"publish","type":"product","link":"https:\/\/ceoparts.com\/de\/urun\/bt-rre-160h-asansor-kablosu-005-7578722005\/","title":{"rendered":"BT RRE 160H Aufzugskabel 005 &#8211; 7578722005"},"content":{"rendered":"<p>BT RRE 160H Aufzugskabel 005 &#8211; 7578722005<\/p>","protected":false},"excerpt":{"rendered":"<p data-start=\"0\" data-end=\"189\"><br data-start=\"973\" data-end=\"976\" \/>BT RRE 160H Hebekabel 005 ist ein langlebiges und flexibles Kabel, das in Hubsystemen von Gabelstaplern verwendet wird. Es gew\u00e4hrleistet eine sichere elektrische \u00dcbertragung bei Lastaufnahme und Hebevorg\u00e4ngen.<\/p>\n<p data-start=\"1187\" data-end=\"1494\"><strong data-start=\"1187\" data-end=\"1205\">Eigenschaften:<\/strong><br data-start=\"1205\" data-end=\"1208\" \/><strong data-start=\"1208\" data-end=\"1224\">Produktname:<\/strong> BT RRE 160H Hebekabel 005<br data-start=\"1250\" data-end=\"1253\" \/><strong data-start=\"1253\" data-end=\"1269\">Teilenummer:<\/strong> 7578722005<br data-start=\"1280\" data-end=\"1283\" \/><strong data-start=\"1283\" data-end=\"1296\">Material:<\/strong> Robuster Kupferleiter und Isoliermaterialien<br data-start=\"1341\" data-end=\"1344\" \/><strong data-start=\"1344\" data-end=\"1363\">Einsatzbereich:<\/strong> Hubsysteme von BT RRE 160H Gabelstaplern<br data-start=\"1404\" data-end=\"1407\" \/><strong data-start=\"1407\" data-end=\"1419\">Vorteil:<\/strong> Flexible Konstruktion, hohe Haltbarkeit, sichere elektrische \u00dcbertragung<\/p>\n<p data-start=\"1496\" data-end=\"1692\">\n","protected":false},"featured_media":13496,"template":"","meta":[],"product_brand":[],"product_cat":[251,469,518],"product_tag":[],"class_list":{"0":"post-13494","1":"product","2":"type-product","3":"status-publish","4":"has-post-thumbnail","6":"product_cat-bt","7":"product_cat-elektrik-ve-sistem-parcalari","8":"product_cat-yedek-parca-bt","10":"first","11":"instock","12":"taxable","13":"shipping-taxable","14":"purchasable","15":"product-type-simple"},"_links":{"self":[{"href":"https:\/\/ceoparts.com\/de\/wp-json\/wp\/v2\/product\/13494","targetHints":{"allow":["GET"]}}],"collection":[{"href":"https:\/\/ceoparts.com\/de\/wp-json\/wp\/v2\/product"}],"about":[{"href":"https:\/\/ceoparts.com\/de\/wp-json\/wp\/v2\/types\/product"}],"wp:featuredmedia":[{"embeddable":true,"href":"https:\/\/ceoparts.com\/de\/wp-json\/wp\/v2\/media\/13496"}],"wp:attachment":[{"href":"https:\/\/ceoparts.com\/de\/wp-json\/wp\/v2\/media?parent=13494"}],"wp:term":[{"taxonomy":"product_brand","embeddable":true,"href":"https:\/\/ceoparts.com\/de\/wp-json\/wp\/v2\/product_brand?post=13494"},{"taxonomy":"product_cat","embeddable":true,"href":"https:\/\/ceoparts.com\/de\/wp-json\/wp\/v2\/product_cat?post=13494"},{"taxonomy":"product_tag","embeddable":true,"href":"https:\/\/ceoparts.com\/de\/wp-json\/wp\/v2\/product_tag?post=13494"}],"curies":[{"name":"wp","href":"https:\/\/api.w.org\/{rel}","templated":true}]}}